{"id":4398,"date":"2020-09-02T04:30:12","date_gmt":"2020-09-02T04:30:12","guid":{"rendered":"http:\/\/college-cambuston.ac-reunion.fr\/?page_id=4398"},"modified":"2020-09-02T04:30:12","modified_gmt":"2020-09-02T04:30:12","slug":"informations-sanitaires","status":"publish","type":"page","link":"https:\/\/etab.ac-reunion.fr\/clg-cambuston\/informations-sanitaires\/","title":{"rendered":"Informations sanitaires"},"content":{"rendered":"\n<h2 class=\"wp-block-heading\">Premier article :<\/h2>\n\n\n\n<p><em>Depuis la rentr\u00e9e au lundi 31 ao\u00fbt 2020, voici les \u00e9l\u00e9ments trait\u00e9s concernant les situations autour du contexte COVID19 au sein du coll\u00e8ge:<\/em><\/p>\n\n\n\n<p><em>&#8211; les d\u00e9cisions de fermeture rel\u00e8vent uniquement de l&rsquo;ARS\/Pr\u00e9fet\/Rectrice; les chefs d&rsquo;\u00e9tablissement, en lien avec ces trois autorit\u00e9s, appliquent les d\u00e9cisions arr\u00eat\u00e9es: il ne peut pas d\u00e9cider seul d&rsquo;une fermeture<\/em><\/p>\n\n\n\n<p><em>&#8211; les principes d&rsquo;intervention arr\u00eat\u00e9s: la moindre suspicion d&rsquo;une personne malade (\u00e9l\u00e8ve, parent, acteur du coll\u00e8ge) nous am\u00e8ne \u00e0 l&rsquo;isoler et \u00e0 l&rsquo;\u00e9vacuer syst\u00e9matiquement. Les d\u00e9lais pour rester \u00e0 la maison varient selon ce qu&rsquo;en dit le m\u00e9decin de famille\/ou le test\/ou la disparition des signes d&rsquo;une maladie quelconque, enqu\u00eate de proximit\u00e9 pour d\u00e9terminer les relations contaminantes possibles au sein du coll\u00e8ge\/en dehors (lors des entretiens); information du Rectorat\/ARS par une application en ligne pour avoir les consignes, et le mode vigilance reste le principe. 2 types de situations sont trait\u00e9es \u00e0 ce niveau: <\/em><em><strong>les cas COVID+ av\u00e9r\u00e9s et les cas contacts av\u00e9r\u00e9s<\/strong><\/em><em> (en lien direct avec la personne contamin\u00e9e , dans une relation sans les gestes barri\u00e8re\/masque\/distanciation); les suspicions sont g\u00e9r\u00e9es au niveau local (les doutes face aux maladies diverses dans ce contexte).<\/em><\/p>\n\n\n\n<p><em>&#8211; <\/em><em><strong><u>1 cas COVID19 positif av\u00e9r\u00e9<\/u><\/strong><\/em><em>, recens\u00e9 en 5e (\u00e9l\u00e8ve sous statut externe, isol\u00e9 depuis le d\u00e9but, contamination dans la famille ), suivi ARS et Rectorat : une enqu\u00eate men\u00e9e, d\u00e8s r\u00e9ception de l&rsquo;information, pour collecter des donn\u00e9es sur des cas contacts \u00e9ventuels dans l&rsquo;\u00e9tablissement a \u00e9t\u00e9 mise en oeuvre avec rappel du protocole sanitaire aupr\u00e8s des \u00e9l\u00e8ves; l&rsquo;\u00e9quipe de la cellule de crise (direction, infirmi\u00e8re, AS, CPE) est tr\u00e8s r\u00e9active sur ces situations. Les \u00e9l\u00e8ves de la classe portaient le masque dans les \u00e9changes avec ce jeune et ne l&rsquo;ont pas fr\u00e9quent\u00e9 \u00e0 l&rsquo;ext\u00e9rieur sur ces jours-ci apr\u00e8s entretiens: aucun autre enfant malade dans cette classe \u00e0 ce jour (depuis, soit \u00e0 J+7 ).<\/em><\/p>\n\n\n\n<p><em>&#8211; <\/em><em><strong><u>2 cas contacts av\u00e9r\u00e9s<\/u><\/strong><\/em><em>(<\/em><em>une grande s\u0153ur de retour de voyage contamin\u00e9e) <\/em><em>en cours de traitement: \u00e9viction au domicile, 14e obligatoire avec l&rsquo;ARS, \u00e9changes avec les familles sur un suivi m\u00e9dical\/test obligatoire \u00e0 J+7<\/em><\/p>\n\n\n\n<p><em>&#8211; <\/em><em><u>8 cas contacts de contact<\/u><\/em><em> relevant de la suspicion (<\/em><em><strong>dont 5 issus des deux cas contacts ci dessus<\/strong><\/em><em>) en surveillance \u00e0 la maison pour observer l&rsquo;\u00e9tat de sant\u00e9 de la personne concern\u00e9e; <\/em><em>Ces \u00e9l\u00e8ves<\/em><em> sont ainsi chez eux avec un suivi m\u00e9dical\/test \u00e0 J7 recommand\u00e9 car pas obligatoire dans ces cas \u00ab\u00a0contact de contact\u00a0\u00bb<\/em><\/p>\n\n\n\n<p><em>&#8211; des suspicions que nous traitons&nbsp; d\u00e8s l&rsquo;apparition du moindre signe proche des sympt\u00f4mes COVID&nbsp; 19 (toux s\u00e8che, temp\u00e9rature \u00e0 plus de 38, mal de t\u00eate, perte du go\u00fbt\/odorat, etc.)&nbsp; par <\/em><em><strong>un renvoi au domicile<\/strong><\/em><em><strong> syst\u00e9matique<\/strong><\/em><em> avec observation sur 7 jours des sympt\u00f4mes de la maladie: car ce n&rsquo;est pas n\u00e9cessairement la COVID19= grippe, rhume, allergie, etc. Si le m\u00e9decin estime que l&rsquo;enfant peut retourner en classe, il est r\u00e9int\u00e9gr\u00e9.<br><\/em><\/p>\n\n\n\n<p><em>&#8211; une 30e de familles n&rsquo;envoient pas leur enfant \u00e0 l&rsquo;\u00e9cole en ce moment en raison de la peur ressentie dans ce contexte; ces familles sont en peur panique<\/em><\/p>\n\n\n\n<p><em>&#8211; explosion des absences depuis mercredi 26 ao\u00fbt en raison des 3 situations \u00e9voqu\u00e9es ci dessus <u><strong>en raison de la rumeur et de la peur panique<\/strong><\/u>: <\/em><em><u><strong>or pas de risques d&rsquo;extension au jour d&rsquo;aujourd&rsquo;hui, avec les information que nous avons ce jour<\/strong><\/u><\/em><em>!<\/em><\/p>\n\n\n\n<p><em>Seul l&rsquo;ARS et la pr\u00e9fecture (en accord avec Madame la Rectrice) peuvent arr\u00eater des d\u00e9cisions de fermeture de niveau, de classe ou d&rsquo;\u00e9cole selon des \u00e9l\u00e9ments factuels du terrain, selon le niveau de contamination rep\u00e9r\u00e9 sur un territoire\/un \u00e9tablissement : il n&rsquo;y a pas de standardisation de d\u00e9cision de fermeture pour chaque cas rep\u00e9r\u00e9 mais recensement, isolement au domicile, investigation des cas contacts, d\u00e9cisions de maintien de l&rsquo;activit\u00e9 avec des protocoles ou fermeture partielle ou totale selon les situations.<\/em><\/p>\n\n\n\n<p><em>La direction du coll\u00e8ge<\/em><\/p>\n<!-- AddThis Advanced Settings generic via filter on the_content --><!-- AddThis Share Buttons generic via filter on the_content -->","protected":false},"excerpt":{"rendered":"<p>Premier article : Depuis la rentr\u00e9e au lundi 31 ao\u00fbt 2020, voici les \u00e9l\u00e9ments trait\u00e9s concernant les situations autour du contexte COVID19 au sein du coll\u00e8ge: &#8211; les d\u00e9cisions de fermeture rel\u00e8vent uniquement de l&rsquo;ARS\/Pr\u00e9fet\/Rectrice; les chefs d&rsquo;\u00e9tablissement, en lien avec ces trois autorit\u00e9s, appliquent les d\u00e9cisions arr\u00eat\u00e9es: il ne peut pas d\u00e9cider seul d&rsquo;une [&hellip;]<!-- AddThis Advanced Settings generic via filter on get_the_excerpt --><!-- AddThis Share Buttons generic via filter on get_the_excerpt --><\/p>\n","protected":false},"author":19428,"featured_media":0,"parent":0,"menu_order":0,"comment_status":"closed","ping_status":"closed","template":"","meta":{"footnotes":""},"class_list":["post-4398","page","type-page","status-publish","hentry"],"_links":{"self":[{"href":"https:\/\/etab.ac-reunion.fr\/clg-cambuston\/wp-json\/wp\/v2\/pages\/4398","targetHints":{"allow":["GET"]}}],"collection":[{"href":"https:\/\/etab.ac-reunion.fr\/clg-cambuston\/wp-json\/wp\/v2\/pages"}],"about":[{"href":"https:\/\/etab.ac-reunion.fr\/clg-cambuston\/wp-json\/wp\/v2\/types\/page"}],"author":[{"embeddable":true,"href":"https:\/\/etab.ac-reunion.fr\/clg-cambuston\/wp-json\/wp\/v2\/users\/19428"}],"replies":[{"embeddable":true,"href":"https:\/\/etab.ac-reunion.fr\/clg-cambuston\/wp-json\/wp\/v2\/comments?post=4398"}],"version-history":[{"count":1,"href":"https:\/\/etab.ac-reunion.fr\/clg-cambuston\/wp-json\/wp\/v2\/pages\/4398\/revisions"}],"predecessor-version":[{"id":4399,"href":"https:\/\/etab.ac-reunion.fr\/clg-cambuston\/wp-json\/wp\/v2\/pages\/4398\/revisions\/4399"}],"wp:attachment":[{"href":"https:\/\/etab.ac-reunion.fr\/clg-cambuston\/wp-json\/wp\/v2\/media?parent=4398"}],"curies":[{"name":"wp","href":"https:\/\/api.w.org\/{rel}","templated":true}]}}