{"id":4497,"date":"2021-06-04T06:31:00","date_gmt":"2021-06-04T06:31:00","guid":{"rendered":"http:\/\/college-cambuston.ac-reunion.fr\/?page_id=4497"},"modified":"2021-06-04T06:42:09","modified_gmt":"2021-06-04T06:42:09","slug":"le-petit-journal-du-college","status":"publish","type":"page","link":"https:\/\/etab.ac-reunion.fr\/clg-cambuston\/le-petit-journal-du-college\/","title":{"rendered":"Le Petit Journal du Coll\u00e8ge !"},"content":{"rendered":"\n<p><strong>LE JOURNAL DES COLLEGIENS CURIEUX<\/strong><\/p>\n\n\n\n<p>Depuis la rentr\u00e9e scolaire 2021, un petit groupe d\u2019\u00e9l\u00e8ves de 6<sup>\u00e8me<\/sup> se sont investis dans la cr\u00e9ation d\u2019un journal scolaire num\u00e9rique.<\/p>\n\n\n\n<p>Les \u00e9l\u00e8ves se sont mis dans la peau d\u2019un journaliste pour traiter des sujets qui leur tiennent \u00e0 c\u0153ur.<\/p>\n\n\n\n<p>Accompagn\u00e9s de leurs professeurs, Mmes MOUNISSAMY et VAULDIN, ces journalistes en herbe se lancent dans des recherches d\u2019informations afin de mettre en lumi\u00e8re les th\u00e9matiques importantes de notre soci\u00e9t\u00e9.<\/p>\n\n\n\n<p>Les vid\u00e9os sont publi\u00e9es r\u00e9guli\u00e8rement sur le site de l\u2019\u00e9tablissement.<\/p>\n\n\n\n<p>Venez d\u00e9couvrir ces informations en consultant la rubrique d\u00e9di\u00e9e au journal du coll\u00e8ge.<\/p>\n\n\n\n<p>Bon visionnage&nbsp;!<\/p>\n\n\n\n<div style=\"height:65px\" aria-hidden=\"true\" class=\"wp-block-spacer\"><\/div>\n\n\n\n<div style=\"height:103px\" aria-hidden=\"true\" class=\"wp-block-spacer\"><\/div>\n\n\n\n<div class=\"wp-block-buttons is-layout-flex wp-block-buttons-is-layout-flex\">\n<div class=\"wp-block-button\"><a class=\"wp-block-button__link\" href=\"https:\/\/portail.college-cambuston.ac-reunion.fr\/nextcloud\/index.php\/s\/zJ8x2wTXpYzL6mj\" target=\"_blank\" rel=\"noreferrer noopener\">Premi\u00e8re vid\u00e9o<\/a><\/div>\n\n\n\n<div class=\"wp-block-button\"><a class=\"wp-block-button__link\" href=\"https:\/\/portail.college-cambuston.ac-reunion.fr\/nextcloud\/index.php\/s\/xNJAwAGsBFf5awq\" target=\"_blank\" rel=\"noreferrer noopener\">Deuxi\u00e8me vid\u00e9o<\/a><\/div>\n<\/div>\n<!-- AddThis Advanced Settings generic via filter on the_content --><!-- AddThis Share Buttons generic via filter on the_content -->","protected":false},"excerpt":{"rendered":"<p>LE JOURNAL DES COLLEGIENS CURIEUX Depuis la rentr\u00e9e scolaire 2021, un petit groupe d\u2019\u00e9l\u00e8ves de 6\u00e8me se sont investis dans la cr\u00e9ation d\u2019un journal scolaire num\u00e9rique. Les \u00e9l\u00e8ves se sont mis dans la peau d\u2019un journaliste pour traiter des sujets qui leur tiennent \u00e0 c\u0153ur. Accompagn\u00e9s de leurs professeurs, Mmes MOUNISSAMY et VAULDIN, ces journalistes [&hellip;]<!-- AddThis Advanced Settings generic via filter on get_the_excerpt --><!-- AddThis Share Buttons generic via filter on get_the_excerpt --><\/p>\n","protected":false},"author":19428,"featured_media":0,"parent":0,"menu_order":0,"comment_status":"closed","ping_status":"closed","template":"","meta":{"footnotes":""},"class_list":["post-4497","page","type-page","status-publish","hentry"],"_links":{"self":[{"href":"https:\/\/etab.ac-reunion.fr\/clg-cambuston\/wp-json\/wp\/v2\/pages\/4497","targetHints":{"allow":["GET"]}}],"collection":[{"href":"https:\/\/etab.ac-reunion.fr\/clg-cambuston\/wp-json\/wp\/v2\/pages"}],"about":[{"href":"https:\/\/etab.ac-reunion.fr\/clg-cambuston\/wp-json\/wp\/v2\/types\/page"}],"author":[{"embeddable":true,"href":"https:\/\/etab.ac-reunion.fr\/clg-cambuston\/wp-json\/wp\/v2\/users\/19428"}],"replies":[{"embeddable":true,"href":"https:\/\/etab.ac-reunion.fr\/clg-cambuston\/wp-json\/wp\/v2\/comments?post=4497"}],"version-history":[{"count":2,"href":"https:\/\/etab.ac-reunion.fr\/clg-cambuston\/wp-json\/wp\/v2\/pages\/4497\/revisions"}],"predecessor-version":[{"id":4501,"href":"https:\/\/etab.ac-reunion.fr\/clg-cambuston\/wp-json\/wp\/v2\/pages\/4497\/revisions\/4501"}],"wp:attachment":[{"href":"https:\/\/etab.ac-reunion.fr\/clg-cambuston\/wp-json\/wp\/v2\/media?parent=4497"}],"curies":[{"name":"wp","href":"https:\/\/api.w.org\/{rel}","templated":true}]}}