{"id":4709,"date":"2022-10-27T04:36:07","date_gmt":"2022-10-27T04:36:07","guid":{"rendered":"https:\/\/etab.ac-reunion.fr\/clg-cambuston\/?page_id=4709"},"modified":"2023-11-29T07:22:51","modified_gmt":"2023-11-29T07:22:51","slug":"representants-parents-au-conseil-dadministration","status":"publish","type":"page","link":"https:\/\/etab.ac-reunion.fr\/clg-cambuston\/representants-parents-au-conseil-dadministration\/","title":{"rendered":"Conseil d&rsquo;Administration"},"content":{"rendered":"\n<p><\/p>\n\n\n\n<h2 class=\"wp-block-heading\">Repr\u00e9sentants parents au Conseil d&rsquo;Administration<\/h2>\n\n\n\n<p><\/p>\n\n\n\n<p><em><strong>Les parents qui souhaitent solliciter leurs repr\u00e9sentants parents au conseil d&rsquo;administration peuvent envoyer un mail \u00e0 :<\/strong><\/em><\/p>\n\n\n\n<p><\/p>\n\n\n\n<p><em><strong>liste libre de parents = St\u00e9phane DALLEAU\u00a0: \u00a0 <a href=\"mailto:vanes.viraye@gmail.com\"><a href=\"mailto:amrelys1@hotmail.fr\">amrelys1@hotmail.fr<\/a><\/a><\/strong><\/em><\/p>\n\n\n\n<p><\/p>\n\n\n\n<p><\/p>\n\n\n\n<p><em><strong>La direction du coll\u00e8ge<\/strong><\/em><\/p>\n<!-- AddThis Advanced Settings generic via filter on the_content --><!-- AddThis Share Buttons generic via filter on the_content -->","protected":false},"excerpt":{"rendered":"<p>Repr\u00e9sentants parents au Conseil d&rsquo;Administration Les parents qui souhaitent solliciter leurs repr\u00e9sentants parents au conseil d&rsquo;administration peuvent envoyer un mail \u00e0 : liste libre de parents = St\u00e9phane DALLEAU\u00a0: \u00a0 amrelys1@hotmail.fr La direction du coll\u00e8ge<!-- AddThis Advanced Settings generic via filter on get_the_excerpt --><!-- AddThis Share Buttons generic via filter on get_the_excerpt --><\/p>\n","protected":false},"author":2356,"featured_media":0,"parent":0,"menu_order":0,"comment_status":"closed","ping_status":"closed","template":"","meta":{"footnotes":""},"class_list":["post-4709","page","type-page","status-publish","hentry"],"_links":{"self":[{"href":"https:\/\/etab.ac-reunion.fr\/clg-cambuston\/wp-json\/wp\/v2\/pages\/4709","targetHints":{"allow":["GET"]}}],"collection":[{"href":"https:\/\/etab.ac-reunion.fr\/clg-cambuston\/wp-json\/wp\/v2\/pages"}],"about":[{"href":"https:\/\/etab.ac-reunion.fr\/clg-cambuston\/wp-json\/wp\/v2\/types\/page"}],"author":[{"embeddable":true,"href":"https:\/\/etab.ac-reunion.fr\/clg-cambuston\/wp-json\/wp\/v2\/users\/2356"}],"replies":[{"embeddable":true,"href":"https:\/\/etab.ac-reunion.fr\/clg-cambuston\/wp-json\/wp\/v2\/comments?post=4709"}],"version-history":[{"count":4,"href":"https:\/\/etab.ac-reunion.fr\/clg-cambuston\/wp-json\/wp\/v2\/pages\/4709\/revisions"}],"predecessor-version":[{"id":5239,"href":"https:\/\/etab.ac-reunion.fr\/clg-cambuston\/wp-json\/wp\/v2\/pages\/4709\/revisions\/5239"}],"wp:attachment":[{"href":"https:\/\/etab.ac-reunion.fr\/clg-cambuston\/wp-json\/wp\/v2\/media?parent=4709"}],"curies":[{"name":"wp","href":"https:\/\/api.w.org\/{rel}","templated":true}]}}