{"id":2,"date":"2015-02-09T10:24:49","date_gmt":"2015-02-09T06:24:49","guid":{"rendered":"http:\/\/wpetab.ac-reunion.fr\/celimene-gaudieux\/?page_id=2"},"modified":"2026-01-30T13:20:23","modified_gmt":"2026-01-30T09:20:23","slug":"page-d-exemple","status":"publish","type":"page","link":"https:\/\/etab.ac-reunion.fr\/clg-celimene-gaudieux\/page-d-exemple\/","title":{"rendered":"Mentions l\u00e9gales"},"content":{"rendered":"<p><em><strong>\u00c9diteur:<\/strong><\/em><\/p>\n<p>Coll\u00e8ge C\u00e9lim\u00e8ne Gaudieux<\/p>\n<p>La Saline les hauts<\/p>\n<p>Rue de Nehoua<\/p>\n<p>BP 103<\/p>\n<p>97422 Saint-Paul<\/p>\n<p>T\u00e9l. 02 62 33 51 28\u00a0\/\u00a0Fax. 02 62 33 64 96<\/p>\n<p><em><strong>Directeur de la publication et responsable de la r\u00e9daction:<\/strong><\/em><\/p>\n<p>Mme MICHEL Isabelle, Chef d\u2019\u00e9tablissement.<\/p>\n<p><em><strong>Webmestre<\/strong><\/em><\/p>\n<p>M. HULAIN Patrice<\/p>\n<p><em><strong>Fournisseur de l\u2019h\u00e9bergement<\/strong><\/em><\/p>\n<p>Rectorat de l\u2019Acad\u00e9mie de La R\u00e9union<\/p>\n<p>Secr\u00e9tariat g\u00e9n\u00e9ral \u2013 Service Communication<\/p>\n<p>24, Avenue Georges Brassens \u2013 97702 \u2013 St-Denis \u2013 Messag Cedex 9<\/p>\n<p><strong><em>Propri\u00e9t\u00e9 intellectuelle<\/em><\/strong><\/p>\n<p>Les photographies, textes, slogans, dessins, images, s\u00e9quences anim\u00e9es,<\/p>\n<p>sonores ou non, ainsi que toutes les \u0153uvres int\u00e9gr\u00e9es dans le site sont la propri\u00e9t\u00e9<\/p>\n<p>de l\u2019\u00e9diteur du site ou de tiers ayant autoris\u00e9 l\u2019\u00e9diteur du site \u00e0 les utiliser.<\/p>\n<p>Toute reproduction totale ou partielle de ces \u00e9l\u00e9ments sans l\u2019autorisation expresse de<\/p>\n<p>l\u2019exploitant du site Internet ou de ses ayant-droit est prohib\u00e9e, au sens de l\u2019article L713-2 du CPI.<\/p>\n","protected":false},"excerpt":{"rendered":"<p>\u00c9diteur: Coll\u00e8ge C\u00e9lim\u00e8ne Gaudieux La Saline les hauts Rue de Nehoua BP 103 97422 Saint-Paul T\u00e9l. 02 62 33 51 28\u00a0\/\u00a0Fax. 02 62 33 64 96 Directeur de la publication et responsable de la r\u00e9daction: Mme MICHEL Isabelle, Chef d\u2019\u00e9tablissement. Webmestre M. HULAIN Patrice Fournisseur de l\u2019h\u00e9bergement Rectorat de l\u2019Acad\u00e9mie&#8230;<\/p>\n<p> <a class=\"continue-reading-link\" href=\"https:\/\/etab.ac-reunion.fr\/clg-celimene-gaudieux\/page-d-exemple\/\"><span>Lire la suite<\/span><i class=\"crycon-right-dir\"><\/i><\/a> <\/p>\n","protected":false},"author":5756,"featured_media":0,"parent":0,"menu_order":0,"comment_status":"open","ping_status":"open","template":"","meta":{"footnotes":""},"class_list":["post-2","page","type-page","status-publish","hentry"],"_links":{"self":[{"href":"https:\/\/etab.ac-reunion.fr\/clg-celimene-gaudieux\/wp-json\/wp\/v2\/pages\/2","targetHints":{"allow":["GET"]}}],"collection":[{"href":"https:\/\/etab.ac-reunion.fr\/clg-celimene-gaudieux\/wp-json\/wp\/v2\/pages"}],"about":[{"href":"https:\/\/etab.ac-reunion.fr\/clg-celimene-gaudieux\/wp-json\/wp\/v2\/types\/page"}],"author":[{"embeddable":true,"href":"https:\/\/etab.ac-reunion.fr\/clg-celimene-gaudieux\/wp-json\/wp\/v2\/users\/5756"}],"replies":[{"embeddable":true,"href":"https:\/\/etab.ac-reunion.fr\/clg-celimene-gaudieux\/wp-json\/wp\/v2\/comments?post=2"}],"version-history":[{"count":9,"href":"https:\/\/etab.ac-reunion.fr\/clg-celimene-gaudieux\/wp-json\/wp\/v2\/pages\/2\/revisions"}],"predecessor-version":[{"id":3977,"href":"https:\/\/etab.ac-reunion.fr\/clg-celimene-gaudieux\/wp-json\/wp\/v2\/pages\/2\/revisions\/3977"}],"wp:attachment":[{"href":"https:\/\/etab.ac-reunion.fr\/clg-celimene-gaudieux\/wp-json\/wp\/v2\/media?parent=2"}],"curies":[{"name":"wp","href":"https:\/\/api.w.org\/{rel}","templated":true}]}}