{"id":2561,"date":"2021-08-20T12:39:33","date_gmt":"2021-08-20T08:39:33","guid":{"rendered":"http:\/\/college-celimene-gaudieux.ac-reunion.fr\/?page_id=2561"},"modified":"2025-08-20T18:30:52","modified_gmt":"2025-08-20T14:30:52","slug":"mot-de-principal","status":"publish","type":"page","link":"https:\/\/etab.ac-reunion.fr\/clg-celimene-gaudieux\/mot-de-principal\/","title":{"rendered":"Mot de la Principale"},"content":{"rendered":"\n<p><strong>La Saline, le 20 ao\u00fbt 2025<\/strong><\/p>\n\n\n\n<p><strong>Chers parents d&rsquo;\u00e9l\u00e8ves, mesdames, messieurs,<\/strong><\/p>\n\n\n\n<p>\u200b<strong>C\u2019est avec une immense joie et une grande fiert\u00e9 que je prends la direction de ce coll\u00e8ge. C\u2019est un honneur de rejoindre une communaut\u00e9 \u00e9ducative aussi dynamique et investie pour la r\u00e9ussite de vos enfants.<\/strong><\/p>\n\n\n\n<p>\u200b<strong>Je tiens tout d&rsquo;abord \u00e0 vous assurer de l&rsquo;engagement total&nbsp;des \u00e9quipes p\u00e9dagogiques et \u00e9ducative pour la r\u00e9ussite et le bien-\u00eatre de vos enfants.<\/strong><\/p>\n\n\n\n<p><strong>Notre objectif commun est de leur offrir un cadre propice \u00e0 leur \u00e9panouissement, o\u00f9 ils se sentent en s\u00e9curit\u00e9 et soutenus, tout en \u00e9tant encourag\u00e9s \u00e0 d\u00e9velopper leur plein potentiel sur le plan scolaire et personnel.<\/strong><\/p>\n\n\n\n<p>\u200b<strong>Je suis convaincue que l\u2019\u00e9ducation est une collaboration. Le r\u00f4le que vous jouez, en tant que premiers partenaires de l\u2019\u00e9cole, est essentiel. C\u2019est ensemble, main dans la main, que nous pourrons aider vos enfants \u00e0&nbsp;surmonter les d\u00e9fis et \u00e0 c\u00e9l\u00e9brer leurs succ\u00e8s.<\/strong><\/p>\n\n\n\n<p><strong>Les \u00e9quipes seront toujours disponibles pour pour \u00e9changer sur vos pr\u00e9occupations, vos suggestions ou simplement pour partager vos id\u00e9es.<\/strong><\/p>\n\n\n\n<p><strong>\u200bJe souhaite faire de ce coll\u00e8ge un lieu d&rsquo;apprentissage et de vie o\u00f9 chaque \u00e9l\u00e8ve se sent valoris\u00e9 et respect\u00e9.<\/strong><\/p>\n\n\n\n<p><strong>Je m&rsquo;engage \u00e0 promouvoir une communication transparente et constructive entre l\u2019\u00e9tablissement et les familles. Je&nbsp; vous invite \u00e0 participer \u00e0 la vie de l&rsquo;\u00e9tablissement \u00e0 travers les instances ainsi que les projets que nous mettrons en place.<\/strong><\/p>\n\n\n\n<p>\u200b<strong>Je vous remercie de la confiance que vous nous accordez en nous confiant ce que vous avez de plus cher. Je me r\u00e9jouis de&nbsp;cette nouvelle aventure qui d\u00e9bute \u00e0 vos c\u00f4t\u00e9s.<\/strong><\/p>\n\n\n\n<p><strong>La Principale<\/strong>,<\/p>\n\n\n\n<p><strong>Isabelle MICHEL<\/strong><\/p>\n\n\n\n<p><\/p>\n","protected":false},"excerpt":{"rendered":"<p>La Saline, le 20 ao\u00fbt 2025 Chers parents d&rsquo;\u00e9l\u00e8ves, mesdames, messieurs, \u200bC\u2019est avec une immense joie et une grande fiert\u00e9 que je prends la direction de ce coll\u00e8ge. C\u2019est un honneur de rejoindre une communaut\u00e9 \u00e9ducative aussi dynamique et investie pour la r\u00e9ussite de vos enfants. \u200bJe tiens tout d&rsquo;abord&#8230;<\/p>\n<p> <a class=\"continue-reading-link\" href=\"https:\/\/etab.ac-reunion.fr\/clg-celimene-gaudieux\/mot-de-principal\/\"><span>Lire la suite<\/span><i class=\"crycon-right-dir\"><\/i><\/a> <\/p>\n","protected":false},"author":28853,"featured_media":0,"parent":0,"menu_order":0,"comment_status":"closed","ping_status":"closed","template":"","meta":{"footnotes":""},"class_list":["post-2561","page","type-page","status-publish","hentry"],"_links":{"self":[{"href":"https:\/\/etab.ac-reunion.fr\/clg-celimene-gaudieux\/wp-json\/wp\/v2\/pages\/2561","targetHints":{"allow":["GET"]}}],"collection":[{"href":"https:\/\/etab.ac-reunion.fr\/clg-celimene-gaudieux\/wp-json\/wp\/v2\/pages"}],"about":[{"href":"https:\/\/etab.ac-reunion.fr\/clg-celimene-gaudieux\/wp-json\/wp\/v2\/types\/page"}],"author":[{"embeddable":true,"href":"https:\/\/etab.ac-reunion.fr\/clg-celimene-gaudieux\/wp-json\/wp\/v2\/users\/28853"}],"replies":[{"embeddable":true,"href":"https:\/\/etab.ac-reunion.fr\/clg-celimene-gaudieux\/wp-json\/wp\/v2\/comments?post=2561"}],"version-history":[{"count":5,"href":"https:\/\/etab.ac-reunion.fr\/clg-celimene-gaudieux\/wp-json\/wp\/v2\/pages\/2561\/revisions"}],"predecessor-version":[{"id":3927,"href":"https:\/\/etab.ac-reunion.fr\/clg-celimene-gaudieux\/wp-json\/wp\/v2\/pages\/2561\/revisions\/3927"}],"wp:attachment":[{"href":"https:\/\/etab.ac-reunion.fr\/clg-celimene-gaudieux\/wp-json\/wp\/v2\/media?parent=2561"}],"curies":[{"name":"wp","href":"https:\/\/api.w.org\/{rel}","templated":true}]}}