{"id":2567,"date":"2021-08-20T12:41:37","date_gmt":"2021-08-20T08:41:37","guid":{"rendered":"http:\/\/college-celimene-gaudieux.ac-reunion.fr\/?page_id=2567"},"modified":"2021-08-23T11:35:08","modified_gmt":"2021-08-23T07:35:08","slug":"qui-est-celimene","status":"publish","type":"page","link":"https:\/\/etab.ac-reunion.fr\/clg-celimene-gaudieux\/qui-est-celimene\/","title":{"rendered":"Qui est C\u00e9lim\u00e8ne ?"},"content":{"rendered":"<pre style=\"text-align: center\"><a href='https:\/\/etab.ac-reunion.fr\/clg-celimene-gaudieux\/wp-content\/uploads\/sites\/121\/2021\/08\/depliant_celimene_web.pdf' class='small-button smallsilver'>T\u00e9l\u00e9charger le d\u00e9pliant ici<\/a> \r\n\r\n<\/pre>\n<p><img loading=\"lazy\" decoding=\"async\" class=\"alignnone size-large wp-image-2495\" src=\"https:\/\/etab.ac-reunion.fr\/clg-celimene-gaudieux\/wp-content\/uploads\/sites\/121\/2021\/08\/CGAUDIEUX-965x1024.png\" alt=\"\" width=\"965\" height=\"1024\" srcset=\"https:\/\/etab.ac-reunion.fr\/clg-celimene-gaudieux\/wp-content\/uploads\/sites\/121\/2021\/08\/CGAUDIEUX-965x1024.png 965w, https:\/\/etab.ac-reunion.fr\/clg-celimene-gaudieux\/wp-content\/uploads\/sites\/121\/2021\/08\/CGAUDIEUX-283x300.png 283w, https:\/\/etab.ac-reunion.fr\/clg-celimene-gaudieux\/wp-content\/uploads\/sites\/121\/2021\/08\/CGAUDIEUX-768x815.png 768w, https:\/\/etab.ac-reunion.fr\/clg-celimene-gaudieux\/wp-content\/uploads\/sites\/121\/2021\/08\/CGAUDIEUX-1447x1536.png 1447w, https:\/\/etab.ac-reunion.fr\/clg-celimene-gaudieux\/wp-content\/uploads\/sites\/121\/2021\/08\/CGAUDIEUX-1929x2048.png 1929w\" sizes=\"auto, (max-width: 965px) 100vw, 965px\" \/><\/p>\n","protected":false},"excerpt":{"rendered":"<p> <a class=\"continue-reading-link\" href=\"https:\/\/etab.ac-reunion.fr\/clg-celimene-gaudieux\/qui-est-celimene\/\"><span>Lire la suite<\/span><i class=\"crycon-right-dir\"><\/i><\/a> <\/p>\n","protected":false},"author":28853,"featured_media":0,"parent":0,"menu_order":0,"comment_status":"closed","ping_status":"closed","template":"","meta":{"footnotes":""},"class_list":["post-2567","page","type-page","status-publish","hentry"],"_links":{"self":[{"href":"https:\/\/etab.ac-reunion.fr\/clg-celimene-gaudieux\/wp-json\/wp\/v2\/pages\/2567","targetHints":{"allow":["GET"]}}],"collection":[{"href":"https:\/\/etab.ac-reunion.fr\/clg-celimene-gaudieux\/wp-json\/wp\/v2\/pages"}],"about":[{"href":"https:\/\/etab.ac-reunion.fr\/clg-celimene-gaudieux\/wp-json\/wp\/v2\/types\/page"}],"author":[{"embeddable":true,"href":"https:\/\/etab.ac-reunion.fr\/clg-celimene-gaudieux\/wp-json\/wp\/v2\/users\/28853"}],"replies":[{"embeddable":true,"href":"https:\/\/etab.ac-reunion.fr\/clg-celimene-gaudieux\/wp-json\/wp\/v2\/comments?post=2567"}],"version-history":[{"count":7,"href":"https:\/\/etab.ac-reunion.fr\/clg-celimene-gaudieux\/wp-json\/wp\/v2\/pages\/2567\/revisions"}],"predecessor-version":[{"id":2758,"href":"https:\/\/etab.ac-reunion.fr\/clg-celimene-gaudieux\/wp-json\/wp\/v2\/pages\/2567\/revisions\/2758"}],"wp:attachment":[{"href":"https:\/\/etab.ac-reunion.fr\/clg-celimene-gaudieux\/wp-json\/wp\/v2\/media?parent=2567"}],"curies":[{"name":"wp","href":"https:\/\/api.w.org\/{rel}","templated":true}]}}