{"id":2603,"date":"2021-08-20T12:57:38","date_gmt":"2021-08-20T08:57:38","guid":{"rendered":"http:\/\/college-celimene-gaudieux.ac-reunion.fr\/?page_id=2603"},"modified":"2026-02-06T14:46:21","modified_gmt":"2026-02-06T10:46:21","slug":"coze-jeunes","status":"publish","type":"page","link":"https:\/\/etab.ac-reunion.fr\/clg-celimene-gaudieux\/coze-jeunes\/","title":{"rendered":"Koz\u00e9 jeunes"},"content":{"rendered":"<h3><strong>L\u2019EPSMR ( \u00c9tablissement public de sant\u00e9 mentale de La R\u00e9union) propose depuis quelques ann\u00e9es d\u00e9j\u00e0 un dispositif \u00e0 l\u2019attention des jeunes : Koz\u00e9 jeunes.<\/strong><\/h3>\n<h3><strong>Koz\u00e9 jeunes est une ligne d\u2019\u00e9coute, de soutien et d\u2019orientation sant\u00e9 qui s\u2019adresse prioritairement aux adolescents et jeunes adultes entre 12 et 25 ans du d\u00e9partement de La R\u00e9union et en particulier \u00e0 ceux qui rencontrent une situation de mal-\u00eatre. <\/strong><\/h3>\n<h3><strong>Les familles, les proches ou les professionnels peuvent aussi contacter Koz\u00e9 Jeunes pour soutenir un jeune en difficult\u00e9 ou pour en parler.<\/strong><\/h3>\n<h3><strong>La ligne est gratuite et anonyme, la conversation reste confidentielle.<\/strong><\/h3>\n<h3><strong>Pour en savoir plus, cliquer sur l&rsquo;image ci-dessous :\u00a0<\/strong><\/h3>\n\n<div class=\"wp-block-image\">\n<figure class=\"aligncenter size-full is-resized\"><a href=\"https:\/\/www.tco.re\/communique-infos-pratiques\/koze-jeunes-une-ligne-decoute-de-soutien-et-dorientation-sante-dediee-aux-jeunes-35532.html\"><img loading=\"lazy\" decoding=\"async\" width=\"303\" height=\"166\" src=\"https:\/\/etab.ac-reunion.fr\/clg-celimene-gaudieux\/wp-content\/uploads\/sites\/121\/2026\/02\/images-1.jpeg\" alt=\"\" class=\"wp-image-4119\" style=\"aspect-ratio:1.8253218326037015;width:654px;height:auto\" srcset=\"https:\/\/etab.ac-reunion.fr\/clg-celimene-gaudieux\/wp-content\/uploads\/sites\/121\/2026\/02\/images-1.jpeg 303w, https:\/\/etab.ac-reunion.fr\/clg-celimene-gaudieux\/wp-content\/uploads\/sites\/121\/2026\/02\/images-1-300x164.jpeg 300w, https:\/\/etab.ac-reunion.fr\/clg-celimene-gaudieux\/wp-content\/uploads\/sites\/121\/2026\/02\/images-1-150x82.jpeg 150w\" sizes=\"auto, (max-width: 303px) 100vw, 303px\" \/><\/a><\/figure>\n<\/div>","protected":false},"excerpt":{"rendered":"<p>L\u2019EPSMR ( \u00c9tablissement public de sant\u00e9 mentale de La R\u00e9union) propose depuis quelques ann\u00e9es d\u00e9j\u00e0 un dispositif \u00e0 l\u2019attention des jeunes : Koz\u00e9 jeunes. Koz\u00e9 jeunes est une ligne d\u2019\u00e9coute, de soutien et d\u2019orientation sant\u00e9 qui s\u2019adresse prioritairement aux adolescents et jeunes adultes entre 12 et 25 ans du d\u00e9partement&#8230;<\/p>\n<p> <a class=\"continue-reading-link\" href=\"https:\/\/etab.ac-reunion.fr\/clg-celimene-gaudieux\/coze-jeunes\/\"><span>Lire la suite<\/span><i class=\"crycon-right-dir\"><\/i><\/a> <\/p>\n","protected":false},"author":28853,"featured_media":0,"parent":0,"menu_order":0,"comment_status":"closed","ping_status":"closed","template":"","meta":{"footnotes":""},"class_list":["post-2603","page","type-page","status-publish","hentry"],"_links":{"self":[{"href":"https:\/\/etab.ac-reunion.fr\/clg-celimene-gaudieux\/wp-json\/wp\/v2\/pages\/2603","targetHints":{"allow":["GET"]}}],"collection":[{"href":"https:\/\/etab.ac-reunion.fr\/clg-celimene-gaudieux\/wp-json\/wp\/v2\/pages"}],"about":[{"href":"https:\/\/etab.ac-reunion.fr\/clg-celimene-gaudieux\/wp-json\/wp\/v2\/types\/page"}],"author":[{"embeddable":true,"href":"https:\/\/etab.ac-reunion.fr\/clg-celimene-gaudieux\/wp-json\/wp\/v2\/users\/28853"}],"replies":[{"embeddable":true,"href":"https:\/\/etab.ac-reunion.fr\/clg-celimene-gaudieux\/wp-json\/wp\/v2\/comments?post=2603"}],"version-history":[{"count":11,"href":"https:\/\/etab.ac-reunion.fr\/clg-celimene-gaudieux\/wp-json\/wp\/v2\/pages\/2603\/revisions"}],"predecessor-version":[{"id":4127,"href":"https:\/\/etab.ac-reunion.fr\/clg-celimene-gaudieux\/wp-json\/wp\/v2\/pages\/2603\/revisions\/4127"}],"wp:attachment":[{"href":"https:\/\/etab.ac-reunion.fr\/clg-celimene-gaudieux\/wp-json\/wp\/v2\/media?parent=2603"}],"curies":[{"name":"wp","href":"https:\/\/api.w.org\/{rel}","templated":true}]}}