{"id":2625,"date":"2021-08-20T13:00:27","date_gmt":"2021-08-20T09:00:27","guid":{"rendered":"http:\/\/college-celimene-gaudieux.ac-reunion.fr\/?page_id=2625"},"modified":"2026-01-30T14:15:40","modified_gmt":"2026-01-30T10:15:40","slug":"tices-2","status":"publish","type":"page","link":"https:\/\/etab.ac-reunion.fr\/clg-celimene-gaudieux\/tices-2\/","title":{"rendered":"TICES"},"content":{"rendered":"<h2><strong>Technologies de l&rsquo;Information et de la Communication pour l&rsquo;Enseignement<\/strong><\/h2>\n<div class='et-box et-shadow'>\n\t\t\t\t\t<div class='et-box-content'>Les salles de cours du coll\u00e8ge sont \u00e9quip\u00e9es d\u2019un ordinateur pour le professeur d\u2019un vid\u00e9oprojecteur d\u2019enceintes et une connexion \u00e0 Internet. Le coll\u00e8ge dispose de 6 salles de cours sp\u00e9cialis\u00e9s repartis de la mani\u00e8re suivante: Une salle informatique n\u00b037 \u00e9quip\u00e9e de 24 postes. Une salle informatique de 8 postes \u00e0 la SEGPA. Trois salles de technologie \u00e9quip\u00e9es de 12 postes. Une salle de SVT \u00e9quip\u00e9e de 9 postes. Un C.D.I avec 3 postes. La gestion des \u00e9l\u00e8ves (absences, notes, bulletins, trombinoscopes) se fait avec le logiciel Pronote. Conform\u00e9ment \u00e0 la lettre de mission du recteur de l\u2019acad\u00e9mie de La R\u00e9union, le RRUPN, M Jean-Christophe BACHAUD, assure aupr\u00e8s de l\u2019ensemble de la communaut\u00e9 \u00e9ducative (administration, enseignants, \u00e9l\u00e8ves et parents) une mission d\u2019aide et de conseil pour tout ce qui concerne les nouvelles technologies. La maintenance du r\u00e9seau et des ordinateurs est assur\u00e9e par M Gervil TORPOS.<\/div><\/div>\n<p><img loading=\"lazy\" decoding=\"async\" class=\"aligncenter size-full wp-image-2715\" src=\"https:\/\/etab.ac-reunion.fr\/clg-celimene-gaudieux\/wp-content\/uploads\/sites\/121\/2021\/08\/377x311PC-1.png\" alt=\"\" width=\"377\" height=\"311\" srcset=\"https:\/\/etab.ac-reunion.fr\/clg-celimene-gaudieux\/wp-content\/uploads\/sites\/121\/2021\/08\/377x311PC-1.png 377w, https:\/\/etab.ac-reunion.fr\/clg-celimene-gaudieux\/wp-content\/uploads\/sites\/121\/2021\/08\/377x311PC-1-300x247.png 300w\" sizes=\"auto, (max-width: 377px) 100vw, 377px\" \/><\/p>\n","protected":false},"excerpt":{"rendered":"<p>Technologies de l&rsquo;Information et de la Communication pour l&rsquo;Enseignement<\/p>\n<p> <a class=\"continue-reading-link\" href=\"https:\/\/etab.ac-reunion.fr\/clg-celimene-gaudieux\/tices-2\/\"><span>Lire la suite<\/span><i class=\"crycon-right-dir\"><\/i><\/a> <\/p>\n","protected":false},"author":28853,"featured_media":0,"parent":0,"menu_order":0,"comment_status":"closed","ping_status":"closed","template":"","meta":{"footnotes":""},"class_list":["post-2625","page","type-page","status-publish","hentry"],"_links":{"self":[{"href":"https:\/\/etab.ac-reunion.fr\/clg-celimene-gaudieux\/wp-json\/wp\/v2\/pages\/2625","targetHints":{"allow":["GET"]}}],"collection":[{"href":"https:\/\/etab.ac-reunion.fr\/clg-celimene-gaudieux\/wp-json\/wp\/v2\/pages"}],"about":[{"href":"https:\/\/etab.ac-reunion.fr\/clg-celimene-gaudieux\/wp-json\/wp\/v2\/types\/page"}],"author":[{"embeddable":true,"href":"https:\/\/etab.ac-reunion.fr\/clg-celimene-gaudieux\/wp-json\/wp\/v2\/users\/28853"}],"replies":[{"embeddable":true,"href":"https:\/\/etab.ac-reunion.fr\/clg-celimene-gaudieux\/wp-json\/wp\/v2\/comments?post=2625"}],"version-history":[{"count":6,"href":"https:\/\/etab.ac-reunion.fr\/clg-celimene-gaudieux\/wp-json\/wp\/v2\/pages\/2625\/revisions"}],"predecessor-version":[{"id":3978,"href":"https:\/\/etab.ac-reunion.fr\/clg-celimene-gaudieux\/wp-json\/wp\/v2\/pages\/2625\/revisions\/3978"}],"wp:attachment":[{"href":"https:\/\/etab.ac-reunion.fr\/clg-celimene-gaudieux\/wp-json\/wp\/v2\/media?parent=2625"}],"curies":[{"name":"wp","href":"https:\/\/api.w.org\/{rel}","templated":true}]}}