{"id":2637,"date":"2021-08-20T13:02:33","date_gmt":"2021-08-20T09:02:33","guid":{"rendered":"http:\/\/college-celimene-gaudieux.ac-reunion.fr\/?page_id=2637"},"modified":"2025-09-17T19:37:31","modified_gmt":"2025-09-17T15:37:31","slug":"nos-coordonnees","status":"publish","type":"page","link":"https:\/\/etab.ac-reunion.fr\/clg-celimene-gaudieux\/nos-coordonnees\/","title":{"rendered":"Nos Coordonn\u00e9es"},"content":{"rendered":"<h2 id=\"block-63d61887-4f10-4562-82ed-9f7fa13e78ad\">COLL\u00c8GE C\u00c9LIM\u00c8NE GAUDIEUX<\/h2>\n<h2>La Saline les hauts<\/h2>\n<h2>Mont\u00e9e Panon \u2013 BP 103<\/h2>\n<h2>97422 Saint-Paul<\/h2>\n<h2>T\u00e9l: 02 62 33 51 28\u00a0\/\u00a0Fax. 02 62 33 64 96<\/h2>\n<h2>Mail: ce.9740035V@ac-reunion.fr<\/h2>\n<h2><\/h2>\n","protected":false},"excerpt":{"rendered":"<p>COLL\u00c8GE C\u00c9LIM\u00c8NE GAUDIEUX La Saline les hauts Mont\u00e9e Panon \u2013 BP 103 97422 Saint-Paul T\u00e9l: 02 62 33 51 28\u00a0\/\u00a0Fax. 02 62 33 64 96 Mail: ce.9740035V@ac-reunion.fr<\/p>\n<p> <a class=\"continue-reading-link\" href=\"https:\/\/etab.ac-reunion.fr\/clg-celimene-gaudieux\/nos-coordonnees\/\"><span>Lire la suite<\/span><i class=\"crycon-right-dir\"><\/i><\/a> <\/p>\n","protected":false},"author":28853,"featured_media":0,"parent":0,"menu_order":0,"comment_status":"closed","ping_status":"closed","template":"","meta":{"footnotes":""},"class_list":["post-2637","page","type-page","status-publish","hentry"],"_links":{"self":[{"href":"https:\/\/etab.ac-reunion.fr\/clg-celimene-gaudieux\/wp-json\/wp\/v2\/pages\/2637","targetHints":{"allow":["GET"]}}],"collection":[{"href":"https:\/\/etab.ac-reunion.fr\/clg-celimene-gaudieux\/wp-json\/wp\/v2\/pages"}],"about":[{"href":"https:\/\/etab.ac-reunion.fr\/clg-celimene-gaudieux\/wp-json\/wp\/v2\/types\/page"}],"author":[{"embeddable":true,"href":"https:\/\/etab.ac-reunion.fr\/clg-celimene-gaudieux\/wp-json\/wp\/v2\/users\/28853"}],"replies":[{"embeddable":true,"href":"https:\/\/etab.ac-reunion.fr\/clg-celimene-gaudieux\/wp-json\/wp\/v2\/comments?post=2637"}],"version-history":[{"count":5,"href":"https:\/\/etab.ac-reunion.fr\/clg-celimene-gaudieux\/wp-json\/wp\/v2\/pages\/2637\/revisions"}],"predecessor-version":[{"id":3938,"href":"https:\/\/etab.ac-reunion.fr\/clg-celimene-gaudieux\/wp-json\/wp\/v2\/pages\/2637\/revisions\/3938"}],"wp:attachment":[{"href":"https:\/\/etab.ac-reunion.fr\/clg-celimene-gaudieux\/wp-json\/wp\/v2\/media?parent=2637"}],"curies":[{"name":"wp","href":"https:\/\/api.w.org\/{rel}","templated":true}]}}