{"id":3327,"date":"2024-07-11T13:03:35","date_gmt":"2024-07-11T09:03:35","guid":{"rendered":"https:\/\/etab.ac-reunion.fr\/clg-celimene-gaudieux\/?page_id=3327"},"modified":"2026-02-03T09:43:20","modified_gmt":"2026-02-03T05:43:20","slug":"les-parcours","status":"publish","type":"page","link":"https:\/\/etab.ac-reunion.fr\/clg-celimene-gaudieux\/les-parcours\/","title":{"rendered":"Les Parcours d&rsquo;\u00e9ducation"},"content":{"rendered":"<div class=\"wp-block-image\">\n<figure class=\"aligncenter size-full\"><img loading=\"lazy\" decoding=\"async\" width=\"843\" height=\"186\" src=\"https:\/\/etab.ac-reunion.fr\/clg-celimene-gaudieux\/wp-content\/uploads\/sites\/121\/2025\/04\/logos-parcours-1.jpg\" alt=\"\" class=\"wp-image-3778\" srcset=\"https:\/\/etab.ac-reunion.fr\/clg-celimene-gaudieux\/wp-content\/uploads\/sites\/121\/2025\/04\/logos-parcours-1.jpg 843w, https:\/\/etab.ac-reunion.fr\/clg-celimene-gaudieux\/wp-content\/uploads\/sites\/121\/2025\/04\/logos-parcours-1-300x66.jpg 300w, https:\/\/etab.ac-reunion.fr\/clg-celimene-gaudieux\/wp-content\/uploads\/sites\/121\/2025\/04\/logos-parcours-1-768x169.jpg 768w, https:\/\/etab.ac-reunion.fr\/clg-celimene-gaudieux\/wp-content\/uploads\/sites\/121\/2025\/04\/logos-parcours-1-150x33.jpg 150w\" sizes=\"auto, (max-width: 843px) 100vw, 843px\" \/><\/figure>\n<\/div>\n\n\n<p class=\"has-black-color has-text-color has-link-color wp-elements-d3ead3cb735d8213b0d28b4dbe331d33\"><a href=\"https:\/\/www.education.gouv.fr\/le-parcours-avenir-7598\" target=\"_blank\" rel=\"noreferrer noopener\"><mark class=\"has-inline-color has-black-color\"><strong>Le parcours Avenir :<\/strong><\/mark><\/a>\u00a0il permet \u00e0 chaque \u00e9l\u00e8ve de construire progressivement son orientation et de d\u00e9couvrir le monde \u00e9conomique et professionnel.<br><mark class=\"has-inline-color has-black-color\"><strong><a href=\"https:\/\/www.education.gouv.fr\/l-education-artistique-et-culturelle-7496\" target=\"_blank\" rel=\"noreferrer noopener\">Le parcours d\u2019Education Artistique et Culturel\u00a0<\/a>: <\/strong><\/mark>il a pour objectif que tous les \u00e9l\u00e8ves b\u00e9n\u00e9ficient d\u2019actions artistiques, culturelles et scientifiques de qualit\u00e9.<br><mark class=\"has-inline-color has-black-color\"><strong><a href=\"https:\/\/www.education.gouv.fr\/le-parcours-educatif-de-sante-11786\" target=\"_blank\" rel=\"noreferrer noopener\">Le parcours Educatif de Sant\u00e9<\/a><\/strong>\u00a0: <\/mark>il permet d\u2019\u00e9duquer, de pr\u00e9venir et de prot\u00e9ger les \u00e9l\u00e8ves.<br><mark class=\"has-inline-color has-black-color\"><strong><a href=\"https:\/\/www.education.gouv.fr\/le-parcours-citoyen-5993\" target=\"_blank\" rel=\"noreferrer noopener\">Le parcours Citoyen\u00a0<\/a><\/strong>: <\/mark>il vise \u00e0 la construction, par l\u2019\u00e9l\u00e8ve, d\u2019un jugement moral et civique, \u00e0 l\u2019acquisition d\u2019un esprit critique et d\u2019une culture de l\u2019engagement.<br><br>La pr\u00e9sentation ci-dessous vous explique les diff\u00e9rents parcours propos\u00e9s aux \u00e9l\u00e8ves de coll\u00e8ge (d\u00e9placer la souris en bas \u00e0 gauche de la pr\u00e9sentation) :<\/p>\n\n\n<a href=\"https:\/\/etab.ac-reunion.fr\/clg-celimene-gaudieux\/wp-content\/uploads\/sites\/121\/2025\/04\/Parcours-educatifs-folios.pdf\" class=\"pdfemb-viewer\" style=\"\" data-width=\"max\" data-height=\"max\" data-toolbar=\"bottom\" data-toolbar-fixed=\"off\">Parcours-educatifs-folios<\/a>\n\n\n<p><\/p>\n","protected":false},"excerpt":{"rendered":"<p>Le parcours Avenir :\u00a0il permet \u00e0 chaque \u00e9l\u00e8ve de construire progressivement son orientation et de d\u00e9couvrir le monde \u00e9conomique et professionnel.Le parcours d\u2019Education Artistique et Culturel\u00a0: il a pour objectif que tous les \u00e9l\u00e8ves b\u00e9n\u00e9ficient d\u2019actions artistiques, culturelles et scientifiques de qualit\u00e9.Le parcours Educatif de Sant\u00e9\u00a0: il permet d\u2019\u00e9duquer, de&#8230;<\/p>\n<p> <a class=\"continue-reading-link\" href=\"https:\/\/etab.ac-reunion.fr\/clg-celimene-gaudieux\/les-parcours\/\"><span>Lire la suite<\/span><i class=\"crycon-right-dir\"><\/i><\/a> <\/p>\n","protected":false},"author":36186,"featured_media":0,"parent":0,"menu_order":0,"comment_status":"closed","ping_status":"closed","template":"","meta":{"footnotes":""},"class_list":["post-3327","page","type-page","status-publish","hentry"],"_links":{"self":[{"href":"https:\/\/etab.ac-reunion.fr\/clg-celimene-gaudieux\/wp-json\/wp\/v2\/pages\/3327","targetHints":{"allow":["GET"]}}],"collection":[{"href":"https:\/\/etab.ac-reunion.fr\/clg-celimene-gaudieux\/wp-json\/wp\/v2\/pages"}],"about":[{"href":"https:\/\/etab.ac-reunion.fr\/clg-celimene-gaudieux\/wp-json\/wp\/v2\/types\/page"}],"author":[{"embeddable":true,"href":"https:\/\/etab.ac-reunion.fr\/clg-celimene-gaudieux\/wp-json\/wp\/v2\/users\/36186"}],"replies":[{"embeddable":true,"href":"https:\/\/etab.ac-reunion.fr\/clg-celimene-gaudieux\/wp-json\/wp\/v2\/comments?post=3327"}],"version-history":[{"count":10,"href":"https:\/\/etab.ac-reunion.fr\/clg-celimene-gaudieux\/wp-json\/wp\/v2\/pages\/3327\/revisions"}],"predecessor-version":[{"id":4058,"href":"https:\/\/etab.ac-reunion.fr\/clg-celimene-gaudieux\/wp-json\/wp\/v2\/pages\/3327\/revisions\/4058"}],"wp:attachment":[{"href":"https:\/\/etab.ac-reunion.fr\/clg-celimene-gaudieux\/wp-json\/wp\/v2\/media?parent=3327"}],"curies":[{"name":"wp","href":"https:\/\/api.w.org\/{rel}","templated":true}]}}