{"id":3594,"date":"2025-04-03T21:27:45","date_gmt":"2025-04-03T17:27:45","guid":{"rendered":"https:\/\/etab.ac-reunion.fr\/clg-celimene-gaudieux\/?page_id=3594"},"modified":"2025-04-03T21:46:35","modified_gmt":"2025-04-03T17:46:35","slug":"bimer","status":"publish","type":"page","link":"https:\/\/etab.ac-reunion.fr\/clg-celimene-gaudieux\/bimer\/","title":{"rendered":"BIMer"},"content":{"rendered":"<div class=\"wp-block-image\">\n<figure class=\"aligncenter size-full is-resized\"><a href=\"https:\/\/www.education.gouv.fr\/le-brevet-d-initiation-la-mer-bimer-416194\" target=\"_blank\" rel=\" noreferrer noopener\"><img loading=\"lazy\" decoding=\"async\" width=\"304\" height=\"166\" src=\"https:\/\/etab.ac-reunion.fr\/clg-celimene-gaudieux\/wp-content\/uploads\/sites\/121\/2025\/04\/Logo-BIMer.png\" alt=\"\" class=\"wp-image-3595\" style=\"width:708px;height:auto\" srcset=\"https:\/\/etab.ac-reunion.fr\/clg-celimene-gaudieux\/wp-content\/uploads\/sites\/121\/2025\/04\/Logo-BIMer.png 304w, https:\/\/etab.ac-reunion.fr\/clg-celimene-gaudieux\/wp-content\/uploads\/sites\/121\/2025\/04\/Logo-BIMer-300x164.png 300w, https:\/\/etab.ac-reunion.fr\/clg-celimene-gaudieux\/wp-content\/uploads\/sites\/121\/2025\/04\/Logo-BIMer-150x82.png 150w\" sizes=\"auto, (max-width: 304px) 100vw, 304px\" \/><\/a><\/figure>\n<\/div>\n\n\n<p>Le Brevet d&rsquo;Initiation \u00e0 la Mer (BIMer) est un dipl\u00f4me notamment reconnu par la Marine Nationale et qui valide un niveau d&rsquo;initiation aux activit\u00e9s professionnelles et \u00e0 la culture scientifique et technique dans le domaine de la mer.<br>Ce dipl\u00f4me est pr\u00e9par\u00e9 en un peu moins d&rsquo;une ann\u00e9e scolaire par des s\u00e9ances num\u00e9riques voire des exp\u00e9riences ayant lieu sur la pause m\u00e9ridienne. <br>Les \u00e9l\u00e8ves inscrits \u00e0 la pr\u00e9paration au BIMer passent l&rsquo;examen fin mai dans une salle informatique de leur \u00e9tablissement.<\/p>\n\n\n\n<p>Cliquer sur l&rsquo;image ci-dessous pour en savoir plus.  <\/p>\n\n\n<div class=\"wp-block-image\">\n<figure class=\"aligncenter size-full is-resized\"><a href=\"https:\/\/www.education.gouv.fr\/le-brevet-d-initiation-la-mer-bimer-416194\" target=\"_blank\" rel=\" noreferrer noopener\"><img loading=\"lazy\" decoding=\"async\" width=\"304\" height=\"166\" src=\"https:\/\/etab.ac-reunion.fr\/clg-celimene-gaudieux\/wp-content\/uploads\/sites\/121\/2025\/04\/Logo-BIMer-1.png\" alt=\"\" class=\"wp-image-3596\" style=\"width:217px;height:auto\" srcset=\"https:\/\/etab.ac-reunion.fr\/clg-celimene-gaudieux\/wp-content\/uploads\/sites\/121\/2025\/04\/Logo-BIMer-1.png 304w, https:\/\/etab.ac-reunion.fr\/clg-celimene-gaudieux\/wp-content\/uploads\/sites\/121\/2025\/04\/Logo-BIMer-1-300x164.png 300w, https:\/\/etab.ac-reunion.fr\/clg-celimene-gaudieux\/wp-content\/uploads\/sites\/121\/2025\/04\/Logo-BIMer-1-150x82.png 150w\" sizes=\"auto, (max-width: 304px) 100vw, 304px\" \/><\/a><\/figure>\n<\/div>\n\n\n<p>Pour s&rsquo;entrainer durant les s\u00e9ances rien de plus facile !<br>Il suffit de se cr\u00e9er un compte \u00e0 partir d&rsquo;une adresse mail personnelle pour acc\u00e9der aux cours en ligne, aux tests d&rsquo;entrainement.<br>Les vid\u00e9os de cours sont accessibles sur la cha\u00eene Canal BIMer sans abonnement.<\/p>\n\n\n\n<p>Cliquer sur l&rsquo;image ci-dessous pour acc\u00e9der directement \u00e0 la cha\u00eene Canal BIMer.<\/p>\n\n\n<div class=\"wp-block-image\">\n<figure class=\"aligncenter size-full is-resized\"><a href=\"https:\/\/www.youtube.com\/playlist?list=PLciYMfFOTAZYZmHvnFOopuSAh-XC-REGL\" target=\"_blank\" rel=\" noreferrer noopener\"><img loading=\"lazy\" decoding=\"async\" width=\"325\" height=\"155\" src=\"https:\/\/etab.ac-reunion.fr\/clg-celimene-gaudieux\/wp-content\/uploads\/sites\/121\/2025\/04\/Logo-Canal-BIMEr.png\" alt=\"\" class=\"wp-image-3597\" style=\"width:257px;height:auto\" srcset=\"https:\/\/etab.ac-reunion.fr\/clg-celimene-gaudieux\/wp-content\/uploads\/sites\/121\/2025\/04\/Logo-Canal-BIMEr.png 325w, https:\/\/etab.ac-reunion.fr\/clg-celimene-gaudieux\/wp-content\/uploads\/sites\/121\/2025\/04\/Logo-Canal-BIMEr-300x143.png 300w, https:\/\/etab.ac-reunion.fr\/clg-celimene-gaudieux\/wp-content\/uploads\/sites\/121\/2025\/04\/Logo-Canal-BIMEr-150x72.png 150w\" sizes=\"auto, (max-width: 325px) 100vw, 325px\" \/><\/a><\/figure>\n<\/div>\n\n\n<p>Cliquer sur l&rsquo;image ci-dessous pour acc\u00e9der directement \u00e0 la plateforme national d&rsquo;acc\u00e8s aux cours et \u00e0 Pix BIMer (la cr\u00e9ation d&rsquo;un compte est n\u00e9cessaire).<\/p>\n\n\n<div class=\"wp-block-image\">\n<figure class=\"aligncenter size-full is-resized\"><a href=\"https:\/\/bimer.education\/\" target=\"_blank\" rel=\" noreferrer noopener\"><img loading=\"lazy\" decoding=\"async\" width=\"349\" height=\"207\" src=\"https:\/\/etab.ac-reunion.fr\/clg-celimene-gaudieux\/wp-content\/uploads\/sites\/121\/2025\/04\/BIMer-on-line.jpg\" alt=\"\" class=\"wp-image-3602\" style=\"width:224px;height:auto\" srcset=\"https:\/\/etab.ac-reunion.fr\/clg-celimene-gaudieux\/wp-content\/uploads\/sites\/121\/2025\/04\/BIMer-on-line.jpg 349w, https:\/\/etab.ac-reunion.fr\/clg-celimene-gaudieux\/wp-content\/uploads\/sites\/121\/2025\/04\/BIMer-on-line-300x178.jpg 300w, https:\/\/etab.ac-reunion.fr\/clg-celimene-gaudieux\/wp-content\/uploads\/sites\/121\/2025\/04\/BIMer-on-line-150x89.jpg 150w\" sizes=\"auto, (max-width: 349px) 100vw, 349px\" \/><\/a><\/figure>\n<\/div>","protected":false},"excerpt":{"rendered":"<p>Le Brevet d&rsquo;Initiation \u00e0 la Mer (BIMer) est un dipl\u00f4me notamment reconnu par la Marine Nationale et qui valide un niveau d&rsquo;initiation aux activit\u00e9s professionnelles et \u00e0 la culture scientifique et technique dans le domaine de la mer.Ce dipl\u00f4me est pr\u00e9par\u00e9 en un peu moins d&rsquo;une ann\u00e9e scolaire par des&#8230;<\/p>\n<p> <a class=\"continue-reading-link\" href=\"https:\/\/etab.ac-reunion.fr\/clg-celimene-gaudieux\/bimer\/\"><span>Lire la suite<\/span><i class=\"crycon-right-dir\"><\/i><\/a> <\/p>\n","protected":false},"author":36186,"featured_media":0,"parent":0,"menu_order":0,"comment_status":"closed","ping_status":"closed","template":"","meta":{"footnotes":""},"class_list":["post-3594","page","type-page","status-publish","hentry"],"_links":{"self":[{"href":"https:\/\/etab.ac-reunion.fr\/clg-celimene-gaudieux\/wp-json\/wp\/v2\/pages\/3594","targetHints":{"allow":["GET"]}}],"collection":[{"href":"https:\/\/etab.ac-reunion.fr\/clg-celimene-gaudieux\/wp-json\/wp\/v2\/pages"}],"about":[{"href":"https:\/\/etab.ac-reunion.fr\/clg-celimene-gaudieux\/wp-json\/wp\/v2\/types\/page"}],"author":[{"embeddable":true,"href":"https:\/\/etab.ac-reunion.fr\/clg-celimene-gaudieux\/wp-json\/wp\/v2\/users\/36186"}],"replies":[{"embeddable":true,"href":"https:\/\/etab.ac-reunion.fr\/clg-celimene-gaudieux\/wp-json\/wp\/v2\/comments?post=3594"}],"version-history":[{"count":4,"href":"https:\/\/etab.ac-reunion.fr\/clg-celimene-gaudieux\/wp-json\/wp\/v2\/pages\/3594\/revisions"}],"predecessor-version":[{"id":3603,"href":"https:\/\/etab.ac-reunion.fr\/clg-celimene-gaudieux\/wp-json\/wp\/v2\/pages\/3594\/revisions\/3603"}],"wp:attachment":[{"href":"https:\/\/etab.ac-reunion.fr\/clg-celimene-gaudieux\/wp-json\/wp\/v2\/media?parent=3594"}],"curies":[{"name":"wp","href":"https:\/\/api.w.org\/{rel}","templated":true}]}}