{"id":3811,"date":"2025-04-13T21:06:47","date_gmt":"2025-04-13T17:06:47","guid":{"rendered":"https:\/\/etab.ac-reunion.fr\/clg-celimene-gaudieux\/?page_id=3811"},"modified":"2025-04-13T21:10:56","modified_gmt":"2025-04-13T17:10:56","slug":"journees-securite-routiere-au-college","status":"publish","type":"page","link":"https:\/\/etab.ac-reunion.fr\/clg-celimene-gaudieux\/journees-securite-routiere-au-college\/","title":{"rendered":"Les journ\u00e9es s\u00e9curit\u00e9 routi\u00e8re au coll\u00e8ge"},"content":{"rendered":"\n<p><strong>Vendredi 11 avril 2025<\/strong><\/p>\n\n\n\n<p>Comme les ann\u00e9es pr\u00e9c\u00e9dentes, cette journ\u00e9e fut une r\u00e9ussite et a pu encore d\u00e9montrer l&rsquo;adh\u00e9sion de nos \u00e9l\u00e8ves aux diff\u00e9rents ateliers propos\u00e9s.<br>L&rsquo;\u00e9quipe de direction et la r\u00e9f\u00e9rente s\u00e9curit\u00e9 routi\u00e8re du coll\u00e8ge (Mme PAUS\u00c9) tiennent \u00e0 remercier tous les intervenants qui ont contribu\u00e9 \u00e0 la r\u00e9ussite de cette journ\u00e9e citoyenne : le personnel du coll\u00e8ge et \u00e9videmment les intervenants ( les b\u00e9n\u00e9voles de la DEAL et de la GMF, la brigade motoris\u00e9e de la gendarmerie de La R\u00e9union) sans oublier les transports PONIN pour la mise \u00e0 disposition de leur autocar.<\/p>\n\n\n\n<p>Galerie photos : <\/p>\n\n\n\n<figure class=\"wp-block-gallery has-nested-images columns-default is-cropped wp-block-gallery-1 is-layout-flex wp-block-gallery-is-layout-flex\">\n<figure class=\"wp-block-image size-large\"><img loading=\"lazy\" decoding=\"async\" width=\"1024\" height=\"768\" data-id=\"3813\" src=\"https:\/\/etab.ac-reunion.fr\/clg-celimene-gaudieux\/wp-content\/uploads\/sites\/121\/2025\/04\/IMG-20250412-WA0004-1024x768.jpg\" alt=\"\" class=\"wp-image-3813\" srcset=\"https:\/\/etab.ac-reunion.fr\/clg-celimene-gaudieux\/wp-content\/uploads\/sites\/121\/2025\/04\/IMG-20250412-WA0004-1024x768.jpg 1024w, https:\/\/etab.ac-reunion.fr\/clg-celimene-gaudieux\/wp-content\/uploads\/sites\/121\/2025\/04\/IMG-20250412-WA0004-300x225.jpg 300w, https:\/\/etab.ac-reunion.fr\/clg-celimene-gaudieux\/wp-content\/uploads\/sites\/121\/2025\/04\/IMG-20250412-WA0004-768x576.jpg 768w, https:\/\/etab.ac-reunion.fr\/clg-celimene-gaudieux\/wp-content\/uploads\/sites\/121\/2025\/04\/IMG-20250412-WA0004-1536x1152.jpg 1536w, https:\/\/etab.ac-reunion.fr\/clg-celimene-gaudieux\/wp-content\/uploads\/sites\/121\/2025\/04\/IMG-20250412-WA0004-150x113.jpg 150w, https:\/\/etab.ac-reunion.fr\/clg-celimene-gaudieux\/wp-content\/uploads\/sites\/121\/2025\/04\/IMG-20250412-WA0004.jpg 1600w\" sizes=\"auto, (max-width: 1024px) 100vw, 1024px\" \/><\/figure>\n\n\n\n<figure class=\"wp-block-image size-large\"><img loading=\"lazy\" decoding=\"async\" width=\"1024\" height=\"768\" data-id=\"3817\" src=\"https:\/\/etab.ac-reunion.fr\/clg-celimene-gaudieux\/wp-content\/uploads\/sites\/121\/2025\/04\/IMG-20250412-WA0005-1024x768.jpg\" alt=\"\" class=\"wp-image-3817\" srcset=\"https:\/\/etab.ac-reunion.fr\/clg-celimene-gaudieux\/wp-content\/uploads\/sites\/121\/2025\/04\/IMG-20250412-WA0005-1024x768.jpg 1024w, https:\/\/etab.ac-reunion.fr\/clg-celimene-gaudieux\/wp-content\/uploads\/sites\/121\/2025\/04\/IMG-20250412-WA0005-300x225.jpg 300w, https:\/\/etab.ac-reunion.fr\/clg-celimene-gaudieux\/wp-content\/uploads\/sites\/121\/2025\/04\/IMG-20250412-WA0005-768x576.jpg 768w, https:\/\/etab.ac-reunion.fr\/clg-celimene-gaudieux\/wp-content\/uploads\/sites\/121\/2025\/04\/IMG-20250412-WA0005-1536x1152.jpg 1536w, https:\/\/etab.ac-reunion.fr\/clg-celimene-gaudieux\/wp-content\/uploads\/sites\/121\/2025\/04\/IMG-20250412-WA0005-150x113.jpg 150w, https:\/\/etab.ac-reunion.fr\/clg-celimene-gaudieux\/wp-content\/uploads\/sites\/121\/2025\/04\/IMG-20250412-WA0005.jpg 1600w\" sizes=\"auto, (max-width: 1024px) 100vw, 1024px\" \/><\/figure>\n\n\n\n<figure class=\"wp-block-image size-large\"><img loading=\"lazy\" decoding=\"async\" width=\"768\" height=\"1024\" data-id=\"3815\" src=\"https:\/\/etab.ac-reunion.fr\/clg-celimene-gaudieux\/wp-content\/uploads\/sites\/121\/2025\/04\/IMG-20250412-WA0006-768x1024.jpg\" alt=\"\" class=\"wp-image-3815\" srcset=\"https:\/\/etab.ac-reunion.fr\/clg-celimene-gaudieux\/wp-content\/uploads\/sites\/121\/2025\/04\/IMG-20250412-WA0006-768x1024.jpg 768w, https:\/\/etab.ac-reunion.fr\/clg-celimene-gaudieux\/wp-content\/uploads\/sites\/121\/2025\/04\/IMG-20250412-WA0006-225x300.jpg 225w, https:\/\/etab.ac-reunion.fr\/clg-celimene-gaudieux\/wp-content\/uploads\/sites\/121\/2025\/04\/IMG-20250412-WA0006-1152x1536.jpg 1152w, https:\/\/etab.ac-reunion.fr\/clg-celimene-gaudieux\/wp-content\/uploads\/sites\/121\/2025\/04\/IMG-20250412-WA0006-113x150.jpg 113w, https:\/\/etab.ac-reunion.fr\/clg-celimene-gaudieux\/wp-content\/uploads\/sites\/121\/2025\/04\/IMG-20250412-WA0006.jpg 1200w\" sizes=\"auto, (max-width: 768px) 100vw, 768px\" \/><\/figure>\n\n\n\n<figure class=\"wp-block-image size-large\"><img loading=\"lazy\" decoding=\"async\" width=\"768\" height=\"1024\" data-id=\"3816\" src=\"https:\/\/etab.ac-reunion.fr\/clg-celimene-gaudieux\/wp-content\/uploads\/sites\/121\/2025\/04\/IMG-20250412-WA0007-768x1024.jpg\" alt=\"\" class=\"wp-image-3816\" srcset=\"https:\/\/etab.ac-reunion.fr\/clg-celimene-gaudieux\/wp-content\/uploads\/sites\/121\/2025\/04\/IMG-20250412-WA0007-768x1024.jpg 768w, https:\/\/etab.ac-reunion.fr\/clg-celimene-gaudieux\/wp-content\/uploads\/sites\/121\/2025\/04\/IMG-20250412-WA0007-225x300.jpg 225w, https:\/\/etab.ac-reunion.fr\/clg-celimene-gaudieux\/wp-content\/uploads\/sites\/121\/2025\/04\/IMG-20250412-WA0007-1152x1536.jpg 1152w, https:\/\/etab.ac-reunion.fr\/clg-celimene-gaudieux\/wp-content\/uploads\/sites\/121\/2025\/04\/IMG-20250412-WA0007-113x150.jpg 113w, https:\/\/etab.ac-reunion.fr\/clg-celimene-gaudieux\/wp-content\/uploads\/sites\/121\/2025\/04\/IMG-20250412-WA0007.jpg 1200w\" sizes=\"auto, (max-width: 768px) 100vw, 768px\" \/><\/figure>\n\n\n\n<figure class=\"wp-block-image size-large\"><img loading=\"lazy\" decoding=\"async\" width=\"1024\" height=\"768\" data-id=\"3814\" src=\"https:\/\/etab.ac-reunion.fr\/clg-celimene-gaudieux\/wp-content\/uploads\/sites\/121\/2025\/04\/IMG-20250412-WA0008-1024x768.jpg\" alt=\"\" class=\"wp-image-3814\" srcset=\"https:\/\/etab.ac-reunion.fr\/clg-celimene-gaudieux\/wp-content\/uploads\/sites\/121\/2025\/04\/IMG-20250412-WA0008-1024x768.jpg 1024w, https:\/\/etab.ac-reunion.fr\/clg-celimene-gaudieux\/wp-content\/uploads\/sites\/121\/2025\/04\/IMG-20250412-WA0008-300x225.jpg 300w, https:\/\/etab.ac-reunion.fr\/clg-celimene-gaudieux\/wp-content\/uploads\/sites\/121\/2025\/04\/IMG-20250412-WA0008-768x576.jpg 768w, https:\/\/etab.ac-reunion.fr\/clg-celimene-gaudieux\/wp-content\/uploads\/sites\/121\/2025\/04\/IMG-20250412-WA0008-1536x1152.jpg 1536w, https:\/\/etab.ac-reunion.fr\/clg-celimene-gaudieux\/wp-content\/uploads\/sites\/121\/2025\/04\/IMG-20250412-WA0008-150x113.jpg 150w, https:\/\/etab.ac-reunion.fr\/clg-celimene-gaudieux\/wp-content\/uploads\/sites\/121\/2025\/04\/IMG-20250412-WA0008.jpg 1600w\" sizes=\"auto, (max-width: 1024px) 100vw, 1024px\" \/><\/figure>\n\n\n\n<figure class=\"wp-block-image size-large\"><img loading=\"lazy\" decoding=\"async\" width=\"1024\" height=\"768\" data-id=\"3812\" src=\"https:\/\/etab.ac-reunion.fr\/clg-celimene-gaudieux\/wp-content\/uploads\/sites\/121\/2025\/04\/IMG-20250412-WA0009-1024x768.jpg\" alt=\"\" class=\"wp-image-3812\" srcset=\"https:\/\/etab.ac-reunion.fr\/clg-celimene-gaudieux\/wp-content\/uploads\/sites\/121\/2025\/04\/IMG-20250412-WA0009-1024x768.jpg 1024w, https:\/\/etab.ac-reunion.fr\/clg-celimene-gaudieux\/wp-content\/uploads\/sites\/121\/2025\/04\/IMG-20250412-WA0009-300x225.jpg 300w, https:\/\/etab.ac-reunion.fr\/clg-celimene-gaudieux\/wp-content\/uploads\/sites\/121\/2025\/04\/IMG-20250412-WA0009-768x576.jpg 768w, https:\/\/etab.ac-reunion.fr\/clg-celimene-gaudieux\/wp-content\/uploads\/sites\/121\/2025\/04\/IMG-20250412-WA0009-1536x1152.jpg 1536w, https:\/\/etab.ac-reunion.fr\/clg-celimene-gaudieux\/wp-content\/uploads\/sites\/121\/2025\/04\/IMG-20250412-WA0009-150x113.jpg 150w, https:\/\/etab.ac-reunion.fr\/clg-celimene-gaudieux\/wp-content\/uploads\/sites\/121\/2025\/04\/IMG-20250412-WA0009.jpg 1600w\" sizes=\"auto, (max-width: 1024px) 100vw, 1024px\" \/><\/figure>\n\n\n<div class=\"wp-block-image\">\n<figure class=\"aligncenter size-large\"><img loading=\"lazy\" decoding=\"async\" width=\"1024\" height=\"768\" data-id=\"3818\" src=\"https:\/\/etab.ac-reunion.fr\/clg-celimene-gaudieux\/wp-content\/uploads\/sites\/121\/2025\/04\/IMG-20250412-WA0010-1024x768.jpg\" alt=\"\" class=\"wp-image-3818\" srcset=\"https:\/\/etab.ac-reunion.fr\/clg-celimene-gaudieux\/wp-content\/uploads\/sites\/121\/2025\/04\/IMG-20250412-WA0010-1024x768.jpg 1024w, https:\/\/etab.ac-reunion.fr\/clg-celimene-gaudieux\/wp-content\/uploads\/sites\/121\/2025\/04\/IMG-20250412-WA0010-300x225.jpg 300w, https:\/\/etab.ac-reunion.fr\/clg-celimene-gaudieux\/wp-content\/uploads\/sites\/121\/2025\/04\/IMG-20250412-WA0010-768x576.jpg 768w, https:\/\/etab.ac-reunion.fr\/clg-celimene-gaudieux\/wp-content\/uploads\/sites\/121\/2025\/04\/IMG-20250412-WA0010-1536x1152.jpg 1536w, https:\/\/etab.ac-reunion.fr\/clg-celimene-gaudieux\/wp-content\/uploads\/sites\/121\/2025\/04\/IMG-20250412-WA0010-150x113.jpg 150w, https:\/\/etab.ac-reunion.fr\/clg-celimene-gaudieux\/wp-content\/uploads\/sites\/121\/2025\/04\/IMG-20250412-WA0010.jpg 1600w\" sizes=\"auto, (max-width: 1024px) 100vw, 1024px\" \/><\/figure>\n<\/div><\/figure>\n","protected":false},"excerpt":{"rendered":"<p>Vendredi 11 avril 2025 Comme les ann\u00e9es pr\u00e9c\u00e9dentes, cette journ\u00e9e fut une r\u00e9ussite et a pu encore d\u00e9montrer l&rsquo;adh\u00e9sion de nos \u00e9l\u00e8ves aux diff\u00e9rents ateliers propos\u00e9s.L&rsquo;\u00e9quipe de direction et la r\u00e9f\u00e9rente s\u00e9curit\u00e9 routi\u00e8re du coll\u00e8ge (Mme PAUS\u00c9) tiennent \u00e0 remercier tous les intervenants qui ont contribu\u00e9 \u00e0 la r\u00e9ussite de&#8230;<\/p>\n<p> <a class=\"continue-reading-link\" href=\"https:\/\/etab.ac-reunion.fr\/clg-celimene-gaudieux\/journees-securite-routiere-au-college\/\"><span>Lire la suite<\/span><i class=\"crycon-right-dir\"><\/i><\/a> <\/p>\n","protected":false},"author":36186,"featured_media":0,"parent":0,"menu_order":0,"comment_status":"closed","ping_status":"closed","template":"","meta":{"footnotes":""},"class_list":["post-3811","page","type-page","status-publish","hentry"],"_links":{"self":[{"href":"https:\/\/etab.ac-reunion.fr\/clg-celimene-gaudieux\/wp-json\/wp\/v2\/pages\/3811","targetHints":{"allow":["GET"]}}],"collection":[{"href":"https:\/\/etab.ac-reunion.fr\/clg-celimene-gaudieux\/wp-json\/wp\/v2\/pages"}],"about":[{"href":"https:\/\/etab.ac-reunion.fr\/clg-celimene-gaudieux\/wp-json\/wp\/v2\/types\/page"}],"author":[{"embeddable":true,"href":"https:\/\/etab.ac-reunion.fr\/clg-celimene-gaudieux\/wp-json\/wp\/v2\/users\/36186"}],"replies":[{"embeddable":true,"href":"https:\/\/etab.ac-reunion.fr\/clg-celimene-gaudieux\/wp-json\/wp\/v2\/comments?post=3811"}],"version-history":[{"count":5,"href":"https:\/\/etab.ac-reunion.fr\/clg-celimene-gaudieux\/wp-json\/wp\/v2\/pages\/3811\/revisions"}],"predecessor-version":[{"id":3823,"href":"https:\/\/etab.ac-reunion.fr\/clg-celimene-gaudieux\/wp-json\/wp\/v2\/pages\/3811\/revisions\/3823"}],"wp:attachment":[{"href":"https:\/\/etab.ac-reunion.fr\/clg-celimene-gaudieux\/wp-json\/wp\/v2\/media?parent=3811"}],"curies":[{"name":"wp","href":"https:\/\/api.w.org\/{rel}","templated":true}]}}