{"id":52,"date":"2015-05-20T12:52:01","date_gmt":"2015-05-20T12:52:01","guid":{"rendered":"http:\/\/college-celimene-gaudieux.ac-reunion.fr\/?page_id=52"},"modified":"2015-05-24T03:47:31","modified_gmt":"2015-05-23T23:47:31","slug":"metice","status":"publish","type":"page","link":"https:\/\/etab.ac-reunion.fr\/clg-celimene-gaudieux\/metice\/","title":{"rendered":"M\u00e9tice"},"content":{"rendered":"<h4><a href=\"https:\/\/etab.ac-reunion.fr\/clg-celimene-gaudieux\/wp-content\/uploads\/sites\/121\/2015\/05\/metice.jpeg\"><img loading=\"lazy\" decoding=\"async\" class=\"  alignleft wp-image-110\" src=\"https:\/\/etab.ac-reunion.fr\/clg-celimene-gaudieux\/wp-content\/uploads\/sites\/121\/2015\/05\/metice.jpeg\" alt=\"metice\" width=\"113\" height=\"144\" \/><\/a><\/h4>\n<h3><strong>M\u00e9tice est un Environnement Num\u00e9rique de Travail (ENT) qui r\u00e9unit au sein d\u2019un portail web unique, toutes les applications utiles \u00e0 une personne, et ceci en fonction de son profil (Administratif, Enseignant, \u00c9l\u00e8ve, Parent, \u2026) tout en restant personnalisable par chacun.<\/strong><\/h3>\n<p>&nbsp;<\/p>\n<p>&nbsp;<\/p>\n<h3><\/h3>\n<h3>L\u2019environnement num\u00e9rique de travail permet de :<\/h3>\n<ul>\n<li>\n<h3>F\u00e9d\u00e9rer dans une seule interface l\u2019ensemble des applications de l\u2019utilisateur.<\/h3>\n<\/li>\n<li>\n<h3>Faciliter l\u2019acc\u00e8s \u00e0 tous les services avec une authentification unique depuis\u00a0tout navigateur Internet.<\/h3>\n<\/li>\n<li>\n<h3>Retrouver ses applications professionnelles habituelles dans un\u00a0environnement s\u00e9curis\u00e9.<\/h3>\n<\/li>\n<li>\n<h3>Harmoniser les outils et les pratiques informatiques.<\/h3>\n<\/li>\n<li>\n<h3>Acc\u00e9der aux services p\u00e9dagogiques et administratifs en tous lieux.<\/h3>\n<\/li>\n<li>\n<h3>Adapter l\u2019environnement de travail aux activit\u00e9s professionnelles (3 niveaux)<\/h3>\n<\/li>\n<\/ul>\n<h3>Pour toute information suppl\u00e9mentaire, consultez le site Infometice de l&rsquo;acad\u00e9mie de La R\u00e9union<\/h3>\n<p>&nbsp;<\/p>\n<p><a href=\"http:\/\/infometice.ac-reunion.fr\/wordpress\/\" target=\"_blank\"><img loading=\"lazy\" decoding=\"async\" class=\" size-full wp-image-260 aligncenter\" src=\"https:\/\/etab.ac-reunion.fr\/clg-celimene-gaudieux\/wp-content\/uploads\/sites\/121\/2015\/05\/infometice2.png\" alt=\"infometice2\" width=\"232\" height=\"45\" \/><\/a><\/p>\n","protected":false},"excerpt":{"rendered":"<p>M\u00e9tice est un Environnement Num\u00e9rique de Travail (ENT) qui r\u00e9unit au sein d\u2019un portail web unique, toutes les applications utiles \u00e0 une personne, et ceci en fonction de son profil (Administratif, Enseignant, \u00c9l\u00e8ve, Parent, \u2026) tout en restant personnalisable par chacun. &nbsp; &nbsp; L\u2019environnement num\u00e9rique de travail permet de :&#8230;<\/p>\n<p> <a class=\"continue-reading-link\" href=\"https:\/\/etab.ac-reunion.fr\/clg-celimene-gaudieux\/metice\/\"><span>Lire la suite<\/span><i class=\"crycon-right-dir\"><\/i><\/a> <\/p>\n","protected":false},"author":5756,"featured_media":0,"parent":0,"menu_order":0,"comment_status":"open","ping_status":"open","template":"","meta":{"footnotes":""},"class_list":["post-52","page","type-page","status-publish","hentry"],"_links":{"self":[{"href":"https:\/\/etab.ac-reunion.fr\/clg-celimene-gaudieux\/wp-json\/wp\/v2\/pages\/52","targetHints":{"allow":["GET"]}}],"collection":[{"href":"https:\/\/etab.ac-reunion.fr\/clg-celimene-gaudieux\/wp-json\/wp\/v2\/pages"}],"about":[{"href":"https:\/\/etab.ac-reunion.fr\/clg-celimene-gaudieux\/wp-json\/wp\/v2\/types\/page"}],"author":[{"embeddable":true,"href":"https:\/\/etab.ac-reunion.fr\/clg-celimene-gaudieux\/wp-json\/wp\/v2\/users\/5756"}],"replies":[{"embeddable":true,"href":"https:\/\/etab.ac-reunion.fr\/clg-celimene-gaudieux\/wp-json\/wp\/v2\/comments?post=52"}],"version-history":[{"count":19,"href":"https:\/\/etab.ac-reunion.fr\/clg-celimene-gaudieux\/wp-json\/wp\/v2\/pages\/52\/revisions"}],"predecessor-version":[{"id":272,"href":"https:\/\/etab.ac-reunion.fr\/clg-celimene-gaudieux\/wp-json\/wp\/v2\/pages\/52\/revisions\/272"}],"wp:attachment":[{"href":"https:\/\/etab.ac-reunion.fr\/clg-celimene-gaudieux\/wp-json\/wp\/v2\/media?parent=52"}],"curies":[{"name":"wp","href":"https:\/\/api.w.org\/{rel}","templated":true}]}}