{"id":55,"date":"2014-04-24T13:09:07","date_gmt":"2014-04-24T12:09:07","guid":{"rendered":"http:\/\/college-chemin-morin.ac-reunion.fr\/?page_id=55"},"modified":"2019-04-17T09:20:44","modified_gmt":"2019-04-17T05:20:44","slug":"mentions-legales","status":"publish","type":"page","link":"https:\/\/etab.ac-reunion.fr\/clg-chemin-morin\/mentions-legales\/","title":{"rendered":"Mentions l\u00e9gales"},"content":{"rendered":"<p><strong>Etablissement : <\/strong><\/p>\n<p>Coll\u00e8ge Chemin Morin<\/p>\n<p>Adresse : 300, Chemin Morin<\/p>\n<p>97440 Saint-Andr\u00e9<\/p>\n<p>Ile de La R\u00e9union<\/p>\n<p>T\u00e9l : +262 (0)2 62 92 45 60<\/p>\n<p>Fax : +262 (0)2 62 92 45 10<\/p>\n<p><strong>Directrice de publication :<\/strong> Nathalie BRASSELET, Principale<\/p>\n<p><strong>Webmestre :<\/strong> Audrey NATIVEL<\/p>\n<hr \/>\n<p><strong>H\u00e9bergeur :\u00a0<\/strong><\/p>\n<p>Rectorat de l\u2019acad\u00e9mie de la R\u00e9union<\/p>\n<p>24, avenue Georges Brassens<\/p>\n<p>CS 71003<\/p>\n<p>97743 Saint Denis Cedex 9<\/p>\n<p>T\u00e9l : +262 (0)2 62 48 10 10<\/p>\n","protected":false},"excerpt":{"rendered":"<p>Etablissement : Coll\u00e8ge Chemin Morin Adresse : 300, Chemin Morin 97440 Saint-Andr\u00e9 Ile de La R\u00e9union T\u00e9l : +262 (0)2 62 92 45 60 Fax : +262 (0)2 62 92 [&hellip;]<\/p>\n","protected":false},"author":178,"featured_media":0,"parent":0,"menu_order":0,"comment_status":"closed","ping_status":"closed","template":"","meta":{"_et_pb_use_builder":"","_et_pb_old_content":"","_et_gb_content_width":"","_EventAllDay":false,"_EventTimezone":"","_EventStartDate":"","_EventEndDate":"","_EventStartDateUTC":"","_EventEndDateUTC":"","_EventShowMap":false,"_EventShowMapLink":false,"_EventURL":"","_EventCost":"","_EventCostDescription":"","_EventCurrencySymbol":"","_EventCurrencyCode":"","_EventCurrencyPosition":"","_EventDateTimeSeparator":"","_EventTimeRangeSeparator":"","_EventOrganizerID":[],"_EventVenueID":[],"_OrganizerEmail":"","_OrganizerPhone":"","_OrganizerWebsite":"","_VenueAddress":"","_VenueCity":"","_VenueCountry":"","_VenueProvince":"","_VenueState":"","_VenueZip":"","_VenuePhone":"","_VenueURL":"","_VenueStateProvince":"","_VenueLat":"","_VenueLng":"","_VenueShowMap":false,"_VenueShowMapLink":false,"footnotes":"","_links_to":"","_links_to_target":""},"class_list":["post-55","page","type-page","status-publish","hentry"],"_links":{"self":[{"href":"https:\/\/etab.ac-reunion.fr\/clg-chemin-morin\/wp-json\/wp\/v2\/pages\/55","targetHints":{"allow":["GET"]}}],"collection":[{"href":"https:\/\/etab.ac-reunion.fr\/clg-chemin-morin\/wp-json\/wp\/v2\/pages"}],"about":[{"href":"https:\/\/etab.ac-reunion.fr\/clg-chemin-morin\/wp-json\/wp\/v2\/types\/page"}],"author":[{"embeddable":true,"href":"https:\/\/etab.ac-reunion.fr\/clg-chemin-morin\/wp-json\/wp\/v2\/users\/178"}],"replies":[{"embeddable":true,"href":"https:\/\/etab.ac-reunion.fr\/clg-chemin-morin\/wp-json\/wp\/v2\/comments?post=55"}],"version-history":[{"count":4,"href":"https:\/\/etab.ac-reunion.fr\/clg-chemin-morin\/wp-json\/wp\/v2\/pages\/55\/revisions"}],"predecessor-version":[{"id":1205,"href":"https:\/\/etab.ac-reunion.fr\/clg-chemin-morin\/wp-json\/wp\/v2\/pages\/55\/revisions\/1205"}],"wp:attachment":[{"href":"https:\/\/etab.ac-reunion.fr\/clg-chemin-morin\/wp-json\/wp\/v2\/media?parent=55"}],"curies":[{"name":"wp","href":"https:\/\/api.w.org\/{rel}","templated":true}]}}