{"id":451,"date":"2014-09-11T07:51:59","date_gmt":"2014-09-11T03:51:59","guid":{"rendered":"http:\/\/college-2canons.ac-reunion.fr\/?page_id=451"},"modified":"2017-12-19T13:53:57","modified_gmt":"2017-12-19T09:53:57","slug":"mentions-legales-2","status":"publish","type":"page","link":"https:\/\/etab.ac-reunion.fr\/clg-deux-canons\/mentions-legales-2\/","title":{"rendered":"Mentions l\u00e9gales"},"content":{"rendered":"<p>&nbsp;<\/p>\n<p><strong>\u00c9diteur<\/strong><br \/>\nRectorat de l\u2019Acad\u00e9mie de La R\u00e9union<br \/>\nSecr\u00e9tariat g\u00e9n\u00e9ral \u2013 Service Communication<br \/>\n24, Avenue Georges Brassens \u2013 97702 \u2013 St-Denis \u2013 Messag Cedex 9<\/p>\n<p><strong>Responsable de la ma\u00eetrise d\u2019ouvrage :<\/strong><br \/>\nBernard LORION, PRINCIPAL<\/p>\n<p><strong>Responsable de la ma\u00eetrise d\u2019\u0153uvre :<\/strong><br \/>\nCatherine LEGUILLOUX, PRINCIPALE ADJOINTE<\/p>\n<p><strong>Webmestre :<\/strong><br \/>\nJean-Fabrice LEBON<\/p>\n","protected":false},"excerpt":{"rendered":"<p>&nbsp; \u00c9diteur Rectorat de l\u2019Acad\u00e9mie de La R\u00e9union Secr\u00e9tariat g\u00e9n\u00e9ral \u2013 Service Communication 24, Avenue Georges Brassens \u2013 97702 \u2013 St-Denis \u2013 Messag Cedex 9 Responsable de la ma\u00eetrise d\u2019ouvrage : Bernard LORION, PRINCIPAL Responsable de la ma\u00eetrise d\u2019\u0153uvre : Catherine LEGUILLOUX, PRINCIPALE ADJOINTE Webmestre : Jean-Fabrice LEBON<\/p>\n","protected":false},"author":1337,"featured_media":0,"parent":0,"menu_order":0,"comment_status":"open","ping_status":"open","template":"","meta":{"footnotes":""},"class_list":["post-451","page","type-page","status-publish","hentry"],"_links":{"self":[{"href":"https:\/\/etab.ac-reunion.fr\/clg-deux-canons\/wp-json\/wp\/v2\/pages\/451","targetHints":{"allow":["GET"]}}],"collection":[{"href":"https:\/\/etab.ac-reunion.fr\/clg-deux-canons\/wp-json\/wp\/v2\/pages"}],"about":[{"href":"https:\/\/etab.ac-reunion.fr\/clg-deux-canons\/wp-json\/wp\/v2\/types\/page"}],"author":[{"embeddable":true,"href":"https:\/\/etab.ac-reunion.fr\/clg-deux-canons\/wp-json\/wp\/v2\/users\/1337"}],"replies":[{"embeddable":true,"href":"https:\/\/etab.ac-reunion.fr\/clg-deux-canons\/wp-json\/wp\/v2\/comments?post=451"}],"version-history":[{"count":7,"href":"https:\/\/etab.ac-reunion.fr\/clg-deux-canons\/wp-json\/wp\/v2\/pages\/451\/revisions"}],"predecessor-version":[{"id":2127,"href":"https:\/\/etab.ac-reunion.fr\/clg-deux-canons\/wp-json\/wp\/v2\/pages\/451\/revisions\/2127"}],"wp:attachment":[{"href":"https:\/\/etab.ac-reunion.fr\/clg-deux-canons\/wp-json\/wp\/v2\/media?parent=451"}],"curies":[{"name":"wp","href":"https:\/\/api.w.org\/{rel}","templated":true}]}}