{"id":689,"date":"2014-09-29T14:02:57","date_gmt":"2014-09-29T10:02:57","guid":{"rendered":"http:\/\/college-2canons.ac-reunion.fr\/?page_id=689"},"modified":"2014-11-13T14:17:12","modified_gmt":"2014-11-13T10:17:12","slug":"unites-pedagogiques-des-eleves-allophones-arrivants","status":"publish","type":"page","link":"https:\/\/etab.ac-reunion.fr\/clg-deux-canons\/unites-pedagogiques-des-eleves-allophones-arrivants\/","title":{"rendered":"UPEAA"},"content":{"rendered":"<p style=\"text-align: left\"><strong>Unit\u00e9s P\u00e9dagogiques des El\u00e8ves Allophones Arrivants<\/strong><\/p>\n","protected":false},"excerpt":{"rendered":"<p>Unit\u00e9s P\u00e9dagogiques des El\u00e8ves Allophones Arrivants<\/p>\n","protected":false},"author":1337,"featured_media":0,"parent":0,"menu_order":0,"comment_status":"open","ping_status":"open","template":"page-blog.php","meta":{"footnotes":""},"class_list":["post-689","page","type-page","status-publish","hentry"],"_links":{"self":[{"href":"https:\/\/etab.ac-reunion.fr\/clg-deux-canons\/wp-json\/wp\/v2\/pages\/689","targetHints":{"allow":["GET"]}}],"collection":[{"href":"https:\/\/etab.ac-reunion.fr\/clg-deux-canons\/wp-json\/wp\/v2\/pages"}],"about":[{"href":"https:\/\/etab.ac-reunion.fr\/clg-deux-canons\/wp-json\/wp\/v2\/types\/page"}],"author":[{"embeddable":true,"href":"https:\/\/etab.ac-reunion.fr\/clg-deux-canons\/wp-json\/wp\/v2\/users\/1337"}],"replies":[{"embeddable":true,"href":"https:\/\/etab.ac-reunion.fr\/clg-deux-canons\/wp-json\/wp\/v2\/comments?post=689"}],"version-history":[{"count":4,"href":"https:\/\/etab.ac-reunion.fr\/clg-deux-canons\/wp-json\/wp\/v2\/pages\/689\/revisions"}],"predecessor-version":[{"id":1007,"href":"https:\/\/etab.ac-reunion.fr\/clg-deux-canons\/wp-json\/wp\/v2\/pages\/689\/revisions\/1007"}],"wp:attachment":[{"href":"https:\/\/etab.ac-reunion.fr\/clg-deux-canons\/wp-json\/wp\/v2\/media?parent=689"}],"curies":[{"name":"wp","href":"https:\/\/api.w.org\/{rel}","templated":true}]}}