{"id":371,"date":"2014-04-15T10:42:17","date_gmt":"2014-04-15T09:42:17","guid":{"rendered":"http:\/\/college-edmond-albius-tmp.ac-reunion.fr\/?page_id=371"},"modified":"2025-09-05T13:26:41","modified_gmt":"2025-09-05T09:26:41","slug":"cdi","status":"publish","type":"page","link":"https:\/\/etab.ac-reunion.fr\/clg-edmond-albius\/cdi\/","title":{"rendered":"CDI"},"content":{"rendered":"<h4 class=\"western\">Localisation\u00a0: <b>B\u00e2timent C<\/b><\/h4>\n<table dir=\"LTR\" border=\"1\" width=\"283\" cellspacing=\"0\" cellpadding=\"5\" align=\"RIGHT\">\n<tbody>\n<tr>\n<td colspan=\"3\" valign=\"TOP\" width=\"271\" height=\"16\">\n<h1 class=\"western\">Horaires d\u2019ouverture<\/h1>\n<\/td>\n<\/tr>\n<tr valign=\"TOP\">\n<td width=\"83\" height=\"17\"><span style=\"font-family: Arial,sans-serif\"><span style=\"font-size: small\">Lundi<\/span><\/span><\/td>\n<td width=\"84\"><span style=\"font-family: Arial,sans-serif\"><span style=\"font-size: small\">8H40-11H40<\/span><\/span><\/td>\n<td width=\"85\"><span style=\"font-family: Arial,sans-serif\"><span style=\"font-size: small\">12H10-16H10<\/span><\/span><\/td>\n<\/tr>\n<tr valign=\"TOP\">\n<td width=\"83\" height=\"17\"><span style=\"font-family: Arial,sans-serif\"><span style=\"font-size: small\">Mardi<\/span><\/span><\/td>\n<td width=\"84\"><span style=\"font-family: Arial,sans-serif\"><span style=\"font-size: small\">8H40-11H40<\/span><\/span><\/td>\n<td width=\"85\"><span style=\"font-family: Arial,sans-serif\"><span style=\"font-size: small\">12H10-16h10<\/span><\/span><\/td>\n<\/tr>\n<tr valign=\"TOP\">\n<td width=\"83\" height=\"17\"><span style=\"font-family: Arial,sans-serif\"><span style=\"font-size: small\">Mercredi<\/span><\/span><\/td>\n<td width=\"84\"><span style=\"font-family: Arial,sans-serif\"><span style=\"font-size: small\">7H40-11H40<\/span><\/span><\/td>\n<td width=\"85\"><\/td>\n<\/tr>\n<tr valign=\"TOP\">\n<td width=\"83\" height=\"17\"><span style=\"font-family: Arial,sans-serif\"><span style=\"font-size: small\">Jeudi<\/span><\/span><\/td>\n<td width=\"84\"><span style=\"font-family: Arial,sans-serif\"><span style=\"font-size: small\">8H40-11H40<\/span><\/span><\/td>\n<td width=\"85\"><span style=\"font-family: Arial,sans-serif\"><span style=\"font-size: small\">12H10-16H10<\/span><\/span><\/td>\n<\/tr>\n<tr valign=\"TOP\">\n<td width=\"83\" height=\"16\"><span style=\"font-family: Arial,sans-serif\"><span style=\"font-size: small\">Vendredi<\/span><\/span><\/td>\n<td width=\"84\"><span style=\"font-family: Arial,sans-serif\"><span style=\"font-size: small\">8H40-13H10<\/span><\/span><\/td>\n<td width=\"85\"><span style=\"font-family: Arial,sans-serif\"><span style=\"font-size: small\">12H10-16H10<\/span><\/span><\/td>\n<\/tr>\n<\/tbody>\n<\/table>\n<p style=\"margin-bottom: 0cm\"><span style=\"font-family: Arial,sans-serif\"><span style=\"font-size: small\"><b>Personnel\u00a0: <\/b><\/span><\/span><\/p>\n<p style=\"margin-bottom: 0cm\"><span style=\"font-family: Arial,sans-serif\"><span style=\"font-size: small\">Professeure Documentaliste : Isabelle SAIDOU<\/span><\/span><\/p>\n<p style=\"margin-bottom: 0cm\"><strong>R\u00e8glement du CDI<\/strong><\/p>\n<ul>\n<li style=\"margin-bottom: 0cm\"><a href=\"https:\/\/etab.ac-reunion.fr\/clg-edmond-albius\/wp-content\/uploads\/sites\/67\/2022\/04\/CHARTE-DU-CDI.pdf\">Charte du CDI 2018<\/a><\/li>\n<\/ul>\n<h2 class=\"western\"><span style=\"font-size: small\">Ressources Documentaires disponibles\u00a0<\/span><\/h2>\n<p style=\"margin-bottom: 0cm\" align=\"JUSTIFY\">&#8211; 3000 documentaires<\/p>\n<p style=\"margin-bottom: 0cm\" align=\"JUSTIFY\">&#8211; 3400 ouvrages de fiction<\/p>\n<p style=\"margin-left: 0.5cm;text-indent: -0.5cm;margin-bottom: 0cm\">&#8211; Abonnements \u00e0 une dizaine de p\u00e9riodiques : G\u00e9o Ado, Okapi, Geek Junior, Image Doc&#8230;<\/p>\n<p style=\"margin-left: 0.5cm;text-indent: -0.5cm;margin-bottom: 0cm\">&#8211; DVD disponibles en pr\u00eat pour les enseignants<\/p>\n<p style=\"margin-left: 0.5cm;text-indent: -0.5cm;margin-bottom: 0cm\"><b>Ressources \u00e9lectroniques\u00a0:<\/b><\/p>\n<p style=\"margin-left: 0.5cm;text-indent: -0.5cm;margin-bottom: 0cm\">&#8211; Acc\u00e9der aux ressources <strong><span style=\"color: #ff0000\">E-SIDOC<\/span><\/strong>\u00a0 en ligne ici : <a href=\"http:\/\/9740548c.esidoc.fr\/\" target=\"_blank\" rel=\"noopener\">http:\/\/9740548c.esidoc.fr\/<\/a><\/p>\n<p style=\"margin-left: 0.5cm;text-indent: -0.5cm;margin-bottom: 0cm\">&#8211; Un intranet sur lequel on peut trouver des documents num\u00e9ris\u00e9s, productions d\u2019\u00e9l\u00e8ves, informations sur les nouvelles acquisitions du CDI, consulter les emplois du temps, r\u00e9server la salle informatique et la salle vid\u00e9o \u2026 Il est accessible aux adresses suivantes\u00a0:<\/p>\n<p style=\"margin-left: 0.5cm;text-indent: -0.5cm;margin-bottom: 0cm\"><a href=\"http:\/\/www.college-edmondalbius.re\/\">http:\/\/www.college-edmondalbius.re<\/a> depuis Internet<\/p>\n<p style=\"margin-left: 0.5cm;text-indent: -0.5cm;margin-bottom: 0cm\">&#8211; Le Catalogue est informatis\u00e9 avec le logiciel BCDI et peut \u00eatre consult\u00e9 depuis tous les ordinateurs de l\u2019\u00e9tablissement , et par Internet \u00e0 l\u2019adresse suivante\u00a0: <a href=\"http:\/\/www.college-edmondalbius.re\/\">http:\/\/www.college-edmondalbius.re<\/a><span style=\"text-decoration: underline\">\/<\/span>bcdiweb\/bcdiweb.cgi\/data<\/p>\n<p style=\"margin-left: 0.5cm;text-indent: -0.5cm;margin-bottom: 0cm\"><b>Pr\u00eat des documents\u00a0:<\/b><\/p>\n<p style=\"margin-left: 0.5cm;text-indent: -0.5cm;margin-bottom: 0cm\">&#8211; Ouvrages de fiction\u00a0: 2 semaines<\/p>\n<p style=\"margin-left: 0.5cm;text-indent: -0.5cm;margin-bottom: 0cm\">&#8211; Documentaires et p\u00e9riodiques\u00a0: 2 semaines<\/p>\n<p style=\"margin-left: 0.5cm;text-indent: -0.5cm;margin-bottom: 0cm\"><b>Les actions men\u00e9es par le CDI <\/b><\/p>\n<p style=\"margin-bottom: 0cm\">&#8211; Classes de 6\u00b0 : Des s\u00e9ances d&rsquo;\u00e9ducation aux m\u00e9dias et \u00e0 l&rsquo;information pour apprendre le fonctionnement de deux syst\u00e8mes d\u2019information : le CDI et Internet<\/p>\n<p style=\"margin-bottom: 0cm\">&#8211; Participation \u00e0 diverses actions nationales et r\u00e9gionales.<\/p>\n<p style=\"margin-left: 0.5cm;text-indent: -0.5cm;margin-bottom: 0cm\"><b>Le CDI est \u00e0 la disposition des enseignants pour toutes s\u00e9ances n\u00e9cessitant l\u2019utilisation de ressources documentaires. Le professeur documentaliste se tient \u00e0 votre disposition pour vous aider \u00e0 les pr\u00e9parer.<\/b><\/p>\n","protected":false},"excerpt":{"rendered":"<p>Localisation\u00a0: B\u00e2timent C Horaires d\u2019ouverture Lundi 8H40-11H40 12H10-16H10 Mardi 8H40-11H40 12H10-16h10 Mercredi 7H40-11H40 Jeudi 8H40-11H40 12H10-16H10 Vendredi 8H40-13H10 12H10-16H10 Personnel\u00a0: Professeure Documentaliste : Isabelle SAIDOU R\u00e8glement du CDI Charte du CDI 2018 Ressources Documentaires disponibles\u00a0 &#8211; 3000 documentaires &#8211; 3400 ouvrages de fiction &#8211; Abonnements \u00e0 une dizaine de p\u00e9riodiques&#8230;<\/p>\n<p> <a class=\"continue-reading-link\" href=\"https:\/\/etab.ac-reunion.fr\/clg-edmond-albius\/cdi\/\"><span>Lire plus &#8230;<\/span><i class=\"crycon-right-dir\"><\/i><\/a> <\/p>\n","protected":false},"author":480,"featured_media":0,"parent":0,"menu_order":0,"comment_status":"closed","ping_status":"closed","template":"","meta":{"footnotes":""},"class_list":["post-371","page","type-page","status-publish","hentry"],"_links":{"self":[{"href":"https:\/\/etab.ac-reunion.fr\/clg-edmond-albius\/wp-json\/wp\/v2\/pages\/371","targetHints":{"allow":["GET"]}}],"collection":[{"href":"https:\/\/etab.ac-reunion.fr\/clg-edmond-albius\/wp-json\/wp\/v2\/pages"}],"about":[{"href":"https:\/\/etab.ac-reunion.fr\/clg-edmond-albius\/wp-json\/wp\/v2\/types\/page"}],"author":[{"embeddable":true,"href":"https:\/\/etab.ac-reunion.fr\/clg-edmond-albius\/wp-json\/wp\/v2\/users\/480"}],"replies":[{"embeddable":true,"href":"https:\/\/etab.ac-reunion.fr\/clg-edmond-albius\/wp-json\/wp\/v2\/comments?post=371"}],"version-history":[{"count":14,"href":"https:\/\/etab.ac-reunion.fr\/clg-edmond-albius\/wp-json\/wp\/v2\/pages\/371\/revisions"}],"predecessor-version":[{"id":8062,"href":"https:\/\/etab.ac-reunion.fr\/clg-edmond-albius\/wp-json\/wp\/v2\/pages\/371\/revisions\/8062"}],"wp:attachment":[{"href":"https:\/\/etab.ac-reunion.fr\/clg-edmond-albius\/wp-json\/wp\/v2\/media?parent=371"}],"curies":[{"name":"wp","href":"https:\/\/api.w.org\/{rel}","templated":true}]}}