{"id":386,"date":"2014-04-15T10:52:08","date_gmt":"2014-04-15T09:52:08","guid":{"rendered":"http:\/\/college-edmond-albius-tmp.ac-reunion.fr\/?page_id=386"},"modified":"2024-02-08T16:50:23","modified_gmt":"2024-02-08T12:50:23","slug":"adresse","status":"publish","type":"page","link":"https:\/\/etab.ac-reunion.fr\/clg-edmond-albius\/adresse\/","title":{"rendered":"Nous contacter"},"content":{"rendered":"<p style=\"text-align: left\">25 Avenue Raymond Mondon<br \/>\nBP 2010<br \/>\n97420 Le Port<\/p>\n<p style=\"text-align: left\">T\u00e9l : 0262 43 06 02<br \/>\nFax : 0262 33 86 48<br \/>\nEmail : ce.9740548c@ac-reunion.fr<\/p>\n<p>&nbsp;<\/p>\n<p><span style=\"text-decoration: underline\"><strong>Itin\u00e9raire du Coll\u00e8ge Edmond Albius<\/strong><\/span><\/p>\n<p><span style=\"text-decoration: underline\">Venant de Saint-Denis\u00a0:<\/span><\/p>\n<p>&#8211;\u00a0\u00a0\u00a0\u00a0\u00a0\u00a0\u00a0\u00a0\u00a0\u00a0 prendre la sortie saint Laurent<\/p>\n<p>&#8211;\u00a0\u00a0\u00a0\u00a0\u00a0\u00a0\u00a0\u00a0\u00a0\u00a0 au rond-point \u00ab\u00a0Mac Do\u00a0\u00bb prendre la deuxi\u00e8me sortie, (direction cimeti\u00e8re paysager)<\/p>\n<p>&#8211;\u00a0\u00a0\u00a0\u00a0\u00a0\u00a0\u00a0\u00a0\u00a0\u00a0 Continuer tout droit prendre la voie d\u2019insertion pour aller \u00e0 gauche et tourner \u00e0 gauche dans l\u2019avenue R. Mondon<\/p>\n<p>Plan:<\/p>\n<p><a href=\"https:\/\/etab.ac-reunion.fr\/clg-edmond-albius\/wp-content\/uploads\/sites\/67\/2016\/03\/Plan-itin\u00e9raire-Coll\u00e8ge-Edmond-Albius.png\" target=\"_blank\" rel=\"attachment noopener wp-att-2202\"><img loading=\"lazy\" decoding=\"async\" class=\"alignnone wp-image-2202 size-thumbnail\" src=\"https:\/\/etab.ac-reunion.fr\/clg-edmond-albius\/wp-content\/uploads\/sites\/67\/2016\/03\/Plan-itin\u00e9raire-Coll\u00e8ge-Edmond-Albius-150x150.png\" alt=\"Plan itin\u00e9raire Coll\u00e8ge Edmond Albius\" width=\"150\" height=\"150\" srcset=\"https:\/\/etab.ac-reunion.fr\/clg-edmond-albius\/wp-content\/uploads\/sites\/67\/2016\/03\/Plan-itin\u00e9raire-Coll\u00e8ge-Edmond-Albius-150x150.png 150w, https:\/\/etab.ac-reunion.fr\/clg-edmond-albius\/wp-content\/uploads\/sites\/67\/2016\/03\/Plan-itin\u00e9raire-Coll\u00e8ge-Edmond-Albius-200x200.png 200w, https:\/\/etab.ac-reunion.fr\/clg-edmond-albius\/wp-content\/uploads\/sites\/67\/2016\/03\/Plan-itin\u00e9raire-Coll\u00e8ge-Edmond-Albius-130x130.png 130w, https:\/\/etab.ac-reunion.fr\/clg-edmond-albius\/wp-content\/uploads\/sites\/67\/2016\/03\/Plan-itin\u00e9raire-Coll\u00e8ge-Edmond-Albius-67x67.png 67w, https:\/\/etab.ac-reunion.fr\/clg-edmond-albius\/wp-content\/uploads\/sites\/67\/2016\/03\/Plan-itin\u00e9raire-Coll\u00e8ge-Edmond-Albius-40x40.png 40w, https:\/\/etab.ac-reunion.fr\/clg-edmond-albius\/wp-content\/uploads\/sites\/67\/2016\/03\/Plan-itin\u00e9raire-Coll\u00e8ge-Edmond-Albius-184x184.png 184w\" sizes=\"auto, (max-width: 150px) 100vw, 150px\" \/><\/a><\/p>\n<p>&nbsp;<\/p>\n<p><span style=\"text-decoration: underline\">Venant de Saint-Pierre\u00a0:<\/span><\/p>\n<p>&#8211; \u00a0prendre la sortie Saint-Laurent<\/p>\n<p>&#8211;\u00a0 Au rond-point, prendre la deuxi\u00e8me sortie, continuer tout droit<\/p>\n<p>&#8211;\u00a0 Au rond-point, prendre la premi\u00e8re sortie, continuer tout droit<\/p>\n<p>Plan:<\/p>\n<p><a href=\"https:\/\/etab.ac-reunion.fr\/clg-edmond-albius\/wp-content\/uploads\/sites\/67\/2016\/03\/Plan-itin\u00e9raire-Coll\u00e8ge-Edmond-Albius-par-le-Sud.png\" target=\"_blank\" rel=\"attachment noopener wp-att-2201\"><img loading=\"lazy\" decoding=\"async\" class=\"alignnone wp-image-2201 size-thumbnail\" src=\"https:\/\/etab.ac-reunion.fr\/clg-edmond-albius\/wp-content\/uploads\/sites\/67\/2016\/03\/Plan-itin\u00e9raire-Coll\u00e8ge-Edmond-Albius-par-le-Sud-150x150.png\" alt=\"Plan itin\u00e9raire Coll\u00e8ge Edmond Albius par le Sud\" width=\"150\" height=\"150\" srcset=\"https:\/\/etab.ac-reunion.fr\/clg-edmond-albius\/wp-content\/uploads\/sites\/67\/2016\/03\/Plan-itin\u00e9raire-Coll\u00e8ge-Edmond-Albius-par-le-Sud-150x150.png 150w, https:\/\/etab.ac-reunion.fr\/clg-edmond-albius\/wp-content\/uploads\/sites\/67\/2016\/03\/Plan-itin\u00e9raire-Coll\u00e8ge-Edmond-Albius-par-le-Sud-200x200.png 200w, https:\/\/etab.ac-reunion.fr\/clg-edmond-albius\/wp-content\/uploads\/sites\/67\/2016\/03\/Plan-itin\u00e9raire-Coll\u00e8ge-Edmond-Albius-par-le-Sud-130x130.png 130w, https:\/\/etab.ac-reunion.fr\/clg-edmond-albius\/wp-content\/uploads\/sites\/67\/2016\/03\/Plan-itin\u00e9raire-Coll\u00e8ge-Edmond-Albius-par-le-Sud-67x67.png 67w, https:\/\/etab.ac-reunion.fr\/clg-edmond-albius\/wp-content\/uploads\/sites\/67\/2016\/03\/Plan-itin\u00e9raire-Coll\u00e8ge-Edmond-Albius-par-le-Sud-40x40.png 40w, https:\/\/etab.ac-reunion.fr\/clg-edmond-albius\/wp-content\/uploads\/sites\/67\/2016\/03\/Plan-itin\u00e9raire-Coll\u00e8ge-Edmond-Albius-par-le-Sud-184x184.png 184w\" sizes=\"auto, (max-width: 150px) 100vw, 150px\" \/><\/a><\/p>\n<p>&nbsp;<\/p>\n<p><span style=\"text-decoration: underline\">Itin\u00e9raire commun\u00a0:<\/span><\/p>\n<p>&#8211;\u00a0\u00a0 Au rond-point \u00ab\u00a0des\u00a0villebrequins\u00a0\u00bb prendre la deuxi\u00e8me sortie, continuer tout droit,<\/p>\n<p>&#8211;\u00a0\u00a0 au rond-point \u00ab\u00a0Mac Do\u00a0\u00bb prendre la deuxi\u00e8me sortie, (direction cimeti\u00e8re paysager)<\/p>\n<p>&#8211;\u00a0\u00a0 Continuer tout droit prendre la voie d\u2019insertion pour aller \u00e0 gauche et tourner \u00e0 gauche dans l\u2019avenue R. Mondon<\/p>\n<p>&#8211;\u00a0\u00a0 Continuer tout droit environ\u00a0un kilom\u00e8tre, le coll\u00e8ge est un b\u00e2timent color\u00e9 ocre (attention ne pas s\u2019arr\u00eater au b\u00e2timent gris surmont\u00e9 du nom du coll\u00e8ge)\u00a0; Vous arrivez sur un parking ext\u00e9rieur o\u00f9 vous pouvez vous garer)<\/p>\n\n\n\n\n\n\n\n","protected":false},"excerpt":{"rendered":"<p>25 Avenue Raymond Mondon BP 2010 97420 Le Port T\u00e9l : 0262 43 06 02 Fax : 0262 33 86 48 Email : ce.9740548c@ac-reunion.fr &nbsp; Itin\u00e9raire du Coll\u00e8ge Edmond Albius Venant de Saint-Denis\u00a0: &#8211;\u00a0\u00a0\u00a0\u00a0\u00a0\u00a0\u00a0\u00a0\u00a0\u00a0 prendre la sortie saint Laurent &#8211;\u00a0\u00a0\u00a0\u00a0\u00a0\u00a0\u00a0\u00a0\u00a0\u00a0 au rond-point \u00ab\u00a0Mac Do\u00a0\u00bb prendre la deuxi\u00e8me sortie, (direction cimeti\u00e8re&#8230;<\/p>\n<p> <a class=\"continue-reading-link\" href=\"https:\/\/etab.ac-reunion.fr\/clg-edmond-albius\/adresse\/\"><span>Lire plus &#8230;<\/span><i class=\"crycon-right-dir\"><\/i><\/a> <\/p>\n","protected":false},"author":480,"featured_media":0,"parent":0,"menu_order":0,"comment_status":"open","ping_status":"open","template":"","meta":{"footnotes":""},"class_list":["post-386","page","type-page","status-publish","hentry"],"_links":{"self":[{"href":"https:\/\/etab.ac-reunion.fr\/clg-edmond-albius\/wp-json\/wp\/v2\/pages\/386","targetHints":{"allow":["GET"]}}],"collection":[{"href":"https:\/\/etab.ac-reunion.fr\/clg-edmond-albius\/wp-json\/wp\/v2\/pages"}],"about":[{"href":"https:\/\/etab.ac-reunion.fr\/clg-edmond-albius\/wp-json\/wp\/v2\/types\/page"}],"author":[{"embeddable":true,"href":"https:\/\/etab.ac-reunion.fr\/clg-edmond-albius\/wp-json\/wp\/v2\/users\/480"}],"replies":[{"embeddable":true,"href":"https:\/\/etab.ac-reunion.fr\/clg-edmond-albius\/wp-json\/wp\/v2\/comments?post=386"}],"version-history":[{"count":17,"href":"https:\/\/etab.ac-reunion.fr\/clg-edmond-albius\/wp-json\/wp\/v2\/pages\/386\/revisions"}],"predecessor-version":[{"id":7106,"href":"https:\/\/etab.ac-reunion.fr\/clg-edmond-albius\/wp-json\/wp\/v2\/pages\/386\/revisions\/7106"}],"wp:attachment":[{"href":"https:\/\/etab.ac-reunion.fr\/clg-edmond-albius\/wp-json\/wp\/v2\/media?parent=386"}],"curies":[{"name":"wp","href":"https:\/\/api.w.org\/{rel}","templated":true}]}}