{"id":509,"date":"2014-04-29T08:15:08","date_gmt":"2014-04-29T07:15:08","guid":{"rendered":"http:\/\/college-edmond-albius-tmp.ac-reunion.fr\/?page_id=509"},"modified":"2014-06-24T10:36:11","modified_gmt":"2014-06-24T06:36:11","slug":"ent-metice","status":"publish","type":"page","link":"https:\/\/etab.ac-reunion.fr\/clg-edmond-albius\/ent-metice\/","title":{"rendered":"ENT : M\u00e9tice"},"content":{"rendered":"<div class=\"titre\">\n<h1><span class=\"contenu_titre_non_image\">Qu&rsquo;est-ce qu&rsquo;un ENT ?<\/span><\/h1>\n<\/div>\n<div class=\"padding-left-10\">\n<div class=\"chapo margin-bottom-20 padding-top-10 font-georgia font-12 font-grey bold\">\n<p>Un espace num\u00e9rique de travail est un ensemble int\u00e9gr\u00e9 de services num\u00e9riques, choisi, organis\u00e9 et mis \u00e0 disposition de la communaut\u00e9 \u00e9ducative par l&rsquo;\u00e9tablissement scolaire.<\/p>\n<p><b>Un espace num\u00e9rique de travail est un ensemble int\u00e9gr\u00e9 de services num\u00e9riques, choisi, organis\u00e9 et mis \u00e0 disposition de la communaut\u00e9 \u00e9ducative par l&rsquo;\u00e9tablissement scolaire.<\/b><\/p>\n<p>\u00c0 ce titre, il constitue le syst\u00e8me d&rsquo;information et de communication de l&rsquo;\u00e9tablissement, en offrant \u00e0 chaque usager (enseignant, \u00e9l\u00e8ve ou \u00e9tudiant, personnes en relation avec l&rsquo;\u00e9l\u00e8ve<i> (1),<\/i> personnel administratif, technique ou d&rsquo;encadrement) un acc\u00e8s simple, d\u00e9di\u00e9 et s\u00e9curis\u00e9 aux outils et contenus dont il a besoin pour son activit\u00e9 dans le syst\u00e8me \u00e9ducatif.<\/p>\n<p><i>(1)\u00a0responsables l\u00e9gaux des \u00e9l\u00e8ves : parents, tuteurs etc.<\/i><\/p>\n<p>&nbsp;<\/p>\n<h2>Quels services num\u00e9riques ?<\/h2>\n<p>Parmi les services num\u00e9riques propos\u00e9s \u00e0 la communaut\u00e9 \u00e9ducative par l&rsquo;ENT, on distingue principalement :<\/p>\n<ul>\n<li><b>Les services de gestion<\/b> :\n<ul>\n<li>cahier de texte individuel, de groupe, de la classe<\/li>\n<li>consultation et gestion des notes, des bulletins scolaires, des livrets de comp\u00e9tences<\/li>\n<li>consultation et gestion des absences des \u00e9l\u00e8ves et des sanctions<\/li>\n<li>r\u00e9servations de ressources (salles, mat\u00e9riel,&#8230;)<\/li>\n<li>services de gestion du Brevet informatique et Internet (B2i)<\/li>\n<li>agenda<\/li>\n<li>espace de travail et de stockage<\/li>\n<\/ul>\n<\/li>\n<li><b>Les services de communication et de collaboration<\/b> :\n<ul>\n<li>messagerie \u00e9lectronique<\/li>\n<li>forum de discussion, listes de diffusion, blogs, messagerie instantan\u00e9e<\/li>\n<li>affichage d&rsquo;information (actualit\u00e9s)<\/li>\n<li>visioconf\u00e9rence, audioconf\u00e9rence<\/li>\n<\/ul>\n<\/li>\n<li><b>Les services de mise \u00e0 disposition et de gestion de ressources num\u00e9riques<\/b> :\n<ul>\n<li>fonctionnalit\u00e9s d&rsquo;acc\u00e8s \u00e0 des ressources num\u00e9riques mises \u00e0 dispostion des \u00e9l\u00e8ves par l&rsquo;enseignant, sous une forme organis\u00e9e (par discipline, par domaine disciplinaire ou transversal, par niveau, par th\u00e8mes des programmes, en fonction des progressions, etc.)<\/li>\n<li>fonctionnalit\u00e9s d&rsquo;organisation de parcours p\u00e9dagogiques (classe virtuelle&#8230;)<\/li>\n<\/ul>\n<\/li>\n<li><b>Les services d&rsquo;administration de l&rsquo;ENT<\/b> :\n<ul>\n<li>gestion des usagers, des groupes d&rsquo;usagers, des profils et des autorisations, personnalisation de l&rsquo;ENT<\/li>\n<li>indicateurs de suivi des utilisations par service<\/li>\n<\/ul>\n<\/li>\n<\/ul>\n<\/div>\n<\/div>\n","protected":false},"excerpt":{"rendered":"<p>Qu&rsquo;est-ce qu&rsquo;un ENT ? Un espace num\u00e9rique de travail est un ensemble int\u00e9gr\u00e9 de services num\u00e9riques, choisi, organis\u00e9 et mis \u00e0 disposition de la communaut\u00e9 \u00e9ducative par l&rsquo;\u00e9tablissement scolaire. Un espace num\u00e9rique de travail est un ensemble int\u00e9gr\u00e9 de services num\u00e9riques, choisi, organis\u00e9 et mis \u00e0 disposition de la communaut\u00e9&#8230;<\/p>\n<p> <a class=\"continue-reading-link\" href=\"https:\/\/etab.ac-reunion.fr\/clg-edmond-albius\/ent-metice\/\"><span>Lire plus &#8230;<\/span><i class=\"crycon-right-dir\"><\/i><\/a> <\/p>\n","protected":false},"author":491,"featured_media":0,"parent":0,"menu_order":0,"comment_status":"closed","ping_status":"closed","template":"","meta":{"footnotes":""},"class_list":["post-509","page","type-page","status-publish","hentry"],"_links":{"self":[{"href":"https:\/\/etab.ac-reunion.fr\/clg-edmond-albius\/wp-json\/wp\/v2\/pages\/509","targetHints":{"allow":["GET"]}}],"collection":[{"href":"https:\/\/etab.ac-reunion.fr\/clg-edmond-albius\/wp-json\/wp\/v2\/pages"}],"about":[{"href":"https:\/\/etab.ac-reunion.fr\/clg-edmond-albius\/wp-json\/wp\/v2\/types\/page"}],"author":[{"embeddable":true,"href":"https:\/\/etab.ac-reunion.fr\/clg-edmond-albius\/wp-json\/wp\/v2\/users\/491"}],"replies":[{"embeddable":true,"href":"https:\/\/etab.ac-reunion.fr\/clg-edmond-albius\/wp-json\/wp\/v2\/comments?post=509"}],"version-history":[{"count":2,"href":"https:\/\/etab.ac-reunion.fr\/clg-edmond-albius\/wp-json\/wp\/v2\/pages\/509\/revisions"}],"predecessor-version":[{"id":593,"href":"https:\/\/etab.ac-reunion.fr\/clg-edmond-albius\/wp-json\/wp\/v2\/pages\/509\/revisions\/593"}],"wp:attachment":[{"href":"https:\/\/etab.ac-reunion.fr\/clg-edmond-albius\/wp-json\/wp\/v2\/media?parent=509"}],"curies":[{"name":"wp","href":"https:\/\/api.w.org\/{rel}","templated":true}]}}