{"id":515,"date":"2014-04-29T08:25:24","date_gmt":"2014-04-29T07:25:24","guid":{"rendered":"http:\/\/college-edmond-albius-tmp.ac-reunion.fr\/?page_id=515"},"modified":"2024-06-22T08:48:22","modified_gmt":"2024-06-22T04:48:22","slug":"assr","status":"publish","type":"page","link":"https:\/\/etab.ac-reunion.fr\/clg-edmond-albius\/assr\/","title":{"rendered":"Attestation de s\u00e9curit\u00e9 routi\u00e8re"},"content":{"rendered":"<div class=\"padding-left-10\">\n<div class=\"chapo margin-bottom-20 padding-top-10 font-georgia font-12 font-grey bold\">\n<p>La r\u00e9glementation a \u00e9volu\u00e9 pour conduire un cyclomoteur ou passer le permis de conduire : il faut poss\u00e9der l&rsquo;attestation scolaire de s\u00e9curit\u00e9 routi\u00e8re qui traduit le renforcement, \u00e0 l&rsquo;\u00e9cole, de l&rsquo;\u00e9ducation \u00e0 la s\u00e9curit\u00e9. Pour les personnes n\u00e9es apr\u00e8s le 31 d\u00e9cembre 1987, si elles n&rsquo;ont pas obtenu l&rsquo;attestation scolaire de s\u00e9curit\u00e9 routi\u00e8re, une disposition de remplacement existe : l&rsquo;attestation de s\u00e9curit\u00e9 routi\u00e8re.<\/p>\n<\/div>\n<\/div>\n<div class=\"content-default\"><\/div>\n<h2>\u00a0Pour conduire un cyclomoteur<\/h2>\n<p>Pour conduire un cyclomoteur, il faut le brevet de s\u00e9curit\u00e9 routi\u00e8re (BSR) ; pour s&rsquo;inscrire \u00e0 la formation pratique du BSR qui rel\u00e8ve des auto-\u00e9coles, il faut :<\/p>\n<ul>\n<li>soit l&rsquo;attestation scolaire de s\u00e9curit\u00e9 routi\u00e8re &#8211; ASSR (niveau 1 ou 2);<\/li>\n<li>soit poss\u00e9der l&rsquo;attestation de s\u00e9curit\u00e9 routi\u00e8re\u00a0&#8211; ASR.<\/li>\n<\/ul>\n<h2>Pour passer le permis de conduire<\/h2>\n<p>Pour s&rsquo;inscrire au permis de conduire, on doit poss\u00e9der\u00a0:<\/p>\n<ul>\n<li>soit l&rsquo;attestation scolaire de s\u00e9curit\u00e9 routi\u00e8re &#8211; ASSR &#8211; niveau 2<\/li>\n<li>soit l&rsquo;attestation de s\u00e9curit\u00e9 routi\u00e8re &#8211; ASR<\/li>\n<\/ul>\n<p><b>L&rsquo;attestation de s\u00e9curit\u00e9 routi\u00e8re ASR remplace l&rsquo;attestation scolaire de s\u00e9curit\u00e9 routi\u00e8re pour les publics non scolaris\u00e9s ou les publics adultes qui n&rsquo;ont pas pass\u00e9 l&rsquo;ASSR en milieu scolaire.<\/b><\/p>\n<p><b><i>Rappel\u00a0:<br \/>\n<\/i><\/b><\/p>\n<ul>\n<li><b><i>Les jeunes peuvent conduire un cyclomoteur \u00e0 partir de 14 ans et une voiturette \u00e0 partir de 16 ans.<\/i><\/b><i><b> <\/b><\/i>Ils peuvent pr\u00e9parer le permis de conduire par la fili\u00e8re conduite accompagn\u00e9e \u00e0 partir de 16 ans et par la fili\u00e8re traditionnelle \u00e0 partir de 18 ans.<\/li>\n<li><i><b>L&rsquo;attestation scolaire de s\u00e9curit\u00e9 routi\u00e8re ASSR de niveau 1 se pr\u00e9pare et se passe en milieu scolaire en classe de 5\u00e8me.<\/b><\/i><\/li>\n<li><i><b>L&rsquo;attestation scolaire de s\u00e9curit\u00e9 routi\u00e8re ASSR de niveau 2 se pr\u00e9pare et se passe en milieu scolaire en classe de 3\u00e8me.<\/b><\/i><\/li>\n<\/ul>\n<p><b>Ces dispositions concernent les jeunes n\u00e9s apr\u00e8s le 31 d\u00e9cembre 1987. <i><br \/>\n<\/i><br \/>\n<\/b><\/p>\n<h2>Pour les personnes n\u00e9es avant le 1er janvier 1988<\/h2>\n<p>Elles peuvent conduire un cyclomoteur sans \u00eatre titulaire du BSR et s&rsquo;inscrire au permis de conduire sans ASSR ni ASR.<\/p>\n","protected":false},"excerpt":{"rendered":"<p>La r\u00e9glementation a \u00e9volu\u00e9 pour conduire un cyclomoteur ou passer le permis de conduire : il faut poss\u00e9der l&rsquo;attestation scolaire de s\u00e9curit\u00e9 routi\u00e8re qui traduit le renforcement, \u00e0 l&rsquo;\u00e9cole, de l&rsquo;\u00e9ducation \u00e0 la s\u00e9curit\u00e9. Pour les personnes n\u00e9es apr\u00e8s le 31 d\u00e9cembre 1987, si elles n&rsquo;ont pas obtenu l&rsquo;attestation scolaire&#8230;<\/p>\n<p> <a class=\"continue-reading-link\" href=\"https:\/\/etab.ac-reunion.fr\/clg-edmond-albius\/assr\/\"><span>Lire plus &#8230;<\/span><i class=\"crycon-right-dir\"><\/i><\/a> <\/p>\n","protected":false},"author":491,"featured_media":0,"parent":0,"menu_order":0,"comment_status":"closed","ping_status":"closed","template":"","meta":{"footnotes":""},"class_list":["post-515","page","type-page","status-publish","hentry"],"_links":{"self":[{"href":"https:\/\/etab.ac-reunion.fr\/clg-edmond-albius\/wp-json\/wp\/v2\/pages\/515","targetHints":{"allow":["GET"]}}],"collection":[{"href":"https:\/\/etab.ac-reunion.fr\/clg-edmond-albius\/wp-json\/wp\/v2\/pages"}],"about":[{"href":"https:\/\/etab.ac-reunion.fr\/clg-edmond-albius\/wp-json\/wp\/v2\/types\/page"}],"author":[{"embeddable":true,"href":"https:\/\/etab.ac-reunion.fr\/clg-edmond-albius\/wp-json\/wp\/v2\/users\/491"}],"replies":[{"embeddable":true,"href":"https:\/\/etab.ac-reunion.fr\/clg-edmond-albius\/wp-json\/wp\/v2\/comments?post=515"}],"version-history":[{"count":7,"href":"https:\/\/etab.ac-reunion.fr\/clg-edmond-albius\/wp-json\/wp\/v2\/pages\/515\/revisions"}],"predecessor-version":[{"id":7475,"href":"https:\/\/etab.ac-reunion.fr\/clg-edmond-albius\/wp-json\/wp\/v2\/pages\/515\/revisions\/7475"}],"wp:attachment":[{"href":"https:\/\/etab.ac-reunion.fr\/clg-edmond-albius\/wp-json\/wp\/v2\/media?parent=515"}],"curies":[{"name":"wp","href":"https:\/\/api.w.org\/{rel}","templated":true}]}}