{"id":7470,"date":"2024-06-22T08:42:59","date_gmt":"2024-06-22T04:42:59","guid":{"rendered":"https:\/\/etab.ac-reunion.fr\/clg-edmond-albius\/?page_id=7470"},"modified":"2024-07-10T10:05:05","modified_gmt":"2024-07-10T06:05:05","slug":"assistantes-deducation","status":"publish","type":"page","link":"https:\/\/etab.ac-reunion.fr\/clg-edmond-albius\/assistantes-deducation\/","title":{"rendered":"Assistant(e)s d\u2019\u00e9ducation"},"content":{"rendered":"\n<p><strong>Assistant(e)s d\u2019\u00e9ducation<br><\/strong>M. ATTACHE D.<br>M. DELMOTTE N.<br>Mme. ELISABETH L.<br>M. GRENOUX G.<br>Mme\u00a0HOAREAU A<em>.<\/em><br>Mme HEURTIN L.<br>Mme MICHEL M.<br>Mme RAMIN L.<br>M. RAMIN PONAMBALOM J.<br>Mme SAINT-ANGE L.<\/p>\n\n\n\n<p><strong>Assistante p\u00e9dagogique \u00c9cole Paule Legros et Francis Rivi\u00e8re<br><\/strong>Mme HOARAU L. <\/p>\n\n\n\n<p><strong>Assistante p\u00e9dagogique Coll\u00e8ge<br><\/strong>Mme VITRY A.<\/p>\n\n\n\n<p><strong>PEC<br><\/strong>M. GONTHIER D.<\/p>\n","protected":false},"excerpt":{"rendered":"<p>Assistant(e)s d\u2019\u00e9ducationM. ATTACHE D.M. DELMOTTE N.Mme. ELISABETH L.M. GRENOUX G.Mme\u00a0HOAREAU A.Mme HEURTIN L.Mme MICHEL M.Mme RAMIN L.M. RAMIN PONAMBALOM J.Mme SAINT-ANGE L. Assistante p\u00e9dagogique \u00c9cole Paule Legros et Francis Rivi\u00e8reMme HOARAU L. Assistante p\u00e9dagogique Coll\u00e8geMme VITRY A. PECM. GONTHIER D.<\/p>\n<p> <a class=\"continue-reading-link\" href=\"https:\/\/etab.ac-reunion.fr\/clg-edmond-albius\/assistantes-deducation\/\"><span>Lire plus &#8230;<\/span><i class=\"crycon-right-dir\"><\/i><\/a> <\/p>\n","protected":false},"author":28003,"featured_media":0,"parent":0,"menu_order":0,"comment_status":"closed","ping_status":"closed","template":"","meta":{"footnotes":""},"class_list":["post-7470","page","type-page","status-publish","hentry"],"_links":{"self":[{"href":"https:\/\/etab.ac-reunion.fr\/clg-edmond-albius\/wp-json\/wp\/v2\/pages\/7470","targetHints":{"allow":["GET"]}}],"collection":[{"href":"https:\/\/etab.ac-reunion.fr\/clg-edmond-albius\/wp-json\/wp\/v2\/pages"}],"about":[{"href":"https:\/\/etab.ac-reunion.fr\/clg-edmond-albius\/wp-json\/wp\/v2\/types\/page"}],"author":[{"embeddable":true,"href":"https:\/\/etab.ac-reunion.fr\/clg-edmond-albius\/wp-json\/wp\/v2\/users\/28003"}],"replies":[{"embeddable":true,"href":"https:\/\/etab.ac-reunion.fr\/clg-edmond-albius\/wp-json\/wp\/v2\/comments?post=7470"}],"version-history":[{"count":2,"href":"https:\/\/etab.ac-reunion.fr\/clg-edmond-albius\/wp-json\/wp\/v2\/pages\/7470\/revisions"}],"predecessor-version":[{"id":7551,"href":"https:\/\/etab.ac-reunion.fr\/clg-edmond-albius\/wp-json\/wp\/v2\/pages\/7470\/revisions\/7551"}],"wp:attachment":[{"href":"https:\/\/etab.ac-reunion.fr\/clg-edmond-albius\/wp-json\/wp\/v2\/media?parent=7470"}],"curies":[{"name":"wp","href":"https:\/\/api.w.org\/{rel}","templated":true}]}}