{"id":7485,"date":"2024-06-22T08:58:34","date_gmt":"2024-06-22T04:58:34","guid":{"rendered":"https:\/\/etab.ac-reunion.fr\/clg-edmond-albius\/?page_id=7485"},"modified":"2024-06-22T08:58:34","modified_gmt":"2024-06-22T04:58:34","slug":"edmond-albius-1829-1880","status":"publish","type":"page","link":"https:\/\/etab.ac-reunion.fr\/clg-edmond-albius\/edmond-albius-1829-1880\/","title":{"rendered":"Edmond Albius (1829 \u2013 1880)"},"content":{"rendered":"<div class=\"wp-block-image\">\n<figure class=\"aligncenter size-full is-resized\"><img loading=\"lazy\" decoding=\"async\" width=\"950\" height=\"633\" src=\"https:\/\/etab.ac-reunion.fr\/clg-edmond-albius\/wp-content\/uploads\/sites\/67\/2024\/06\/Albius_illustrations-1.jpg\" alt=\"\" class=\"wp-image-7486\" style=\"width:428px;height:auto\" srcset=\"https:\/\/etab.ac-reunion.fr\/clg-edmond-albius\/wp-content\/uploads\/sites\/67\/2024\/06\/Albius_illustrations-1.jpg 950w, https:\/\/etab.ac-reunion.fr\/clg-edmond-albius\/wp-content\/uploads\/sites\/67\/2024\/06\/Albius_illustrations-1-300x200.jpg 300w, https:\/\/etab.ac-reunion.fr\/clg-edmond-albius\/wp-content\/uploads\/sites\/67\/2024\/06\/Albius_illustrations-1-768x512.jpg 768w, https:\/\/etab.ac-reunion.fr\/clg-edmond-albius\/wp-content\/uploads\/sites\/67\/2024\/06\/Albius_illustrations-1-150x100.jpg 150w, https:\/\/etab.ac-reunion.fr\/clg-edmond-albius\/wp-content\/uploads\/sites\/67\/2024\/06\/Albius_illustrations-1-350x233.jpg 350w\" sizes=\"auto, (max-width: 950px) 100vw, 950px\" \/><\/figure>\n<\/div>\n\n\n<p>Edmond Albius, est un R\u00e9unionnais n\u00e9 \u00e0 Sainte-Suzanne originaire du Mozambique en 1829 et mort dans la m\u00eame commune le 9 ao\u00fbt 18801. Il est c\u00e9l\u00e8bre pour avoir d\u00e9couvert le proc\u00e9d\u00e9 pratique de pollinisation de la vanille alors qu\u2019il n\u2019avait que 12 ans, et \u00e9tait alors esclave<\/p>\n\n\n\n<p>Esclave et orphelin de naissance, il est recueilli par F\u00e9r\u00e9ol Bellier Beaumont qui devient son propri\u00e9taire. C\u2019est lui qui l\u2019initie \u00e0 l\u2019horticulture et \u00e0 la botanique.<\/p>\n\n\n\n<p>S\u2019il n\u2019est pas \u00e0 l\u2019origine de la premi\u00e8re f\u00e9condation artificielle de la vanille (effectu\u00e9e ind\u00e9pendamment par Charles Morren en 1836, par un autre proc\u00e9d\u00e9), c\u2019est lui qui, en 1841 et alors qu\u2019il n\u2019a que douze ans, en d\u00e9couvre le proc\u00e9d\u00e9 pratique de pollinisation, un proc\u00e9d\u00e9 qui r\u00e9volutionne la culture de cette \u00e9pice et permet \u00e0 La R\u00e9union de devenir pour un temps le premier producteur mondial et le berceau de la diffusion d\u2019un nouveau savoir-faire.<\/p>\n","protected":false},"excerpt":{"rendered":"<p>Edmond Albius, est un R\u00e9unionnais n\u00e9 \u00e0 Sainte-Suzanne originaire du Mozambique en 1829 et mort dans la m\u00eame commune le 9 ao\u00fbt 18801. Il est c\u00e9l\u00e8bre pour avoir d\u00e9couvert le proc\u00e9d\u00e9 pratique de pollinisation de la vanille alors qu\u2019il n\u2019avait que 12 ans, et \u00e9tait alors esclave Esclave et orphelin&#8230;<\/p>\n<p> <a class=\"continue-reading-link\" href=\"https:\/\/etab.ac-reunion.fr\/clg-edmond-albius\/edmond-albius-1829-1880\/\"><span>Lire plus &#8230;<\/span><i class=\"crycon-right-dir\"><\/i><\/a> <\/p>\n","protected":false},"author":28003,"featured_media":0,"parent":0,"menu_order":0,"comment_status":"closed","ping_status":"closed","template":"","meta":{"footnotes":""},"class_list":["post-7485","page","type-page","status-publish","hentry"],"_links":{"self":[{"href":"https:\/\/etab.ac-reunion.fr\/clg-edmond-albius\/wp-json\/wp\/v2\/pages\/7485","targetHints":{"allow":["GET"]}}],"collection":[{"href":"https:\/\/etab.ac-reunion.fr\/clg-edmond-albius\/wp-json\/wp\/v2\/pages"}],"about":[{"href":"https:\/\/etab.ac-reunion.fr\/clg-edmond-albius\/wp-json\/wp\/v2\/types\/page"}],"author":[{"embeddable":true,"href":"https:\/\/etab.ac-reunion.fr\/clg-edmond-albius\/wp-json\/wp\/v2\/users\/28003"}],"replies":[{"embeddable":true,"href":"https:\/\/etab.ac-reunion.fr\/clg-edmond-albius\/wp-json\/wp\/v2\/comments?post=7485"}],"version-history":[{"count":1,"href":"https:\/\/etab.ac-reunion.fr\/clg-edmond-albius\/wp-json\/wp\/v2\/pages\/7485\/revisions"}],"predecessor-version":[{"id":7487,"href":"https:\/\/etab.ac-reunion.fr\/clg-edmond-albius\/wp-json\/wp\/v2\/pages\/7485\/revisions\/7487"}],"wp:attachment":[{"href":"https:\/\/etab.ac-reunion.fr\/clg-edmond-albius\/wp-json\/wp\/v2\/media?parent=7485"}],"curies":[{"name":"wp","href":"https:\/\/api.w.org\/{rel}","templated":true}]}}