{"id":7494,"date":"2024-06-22T09:02:48","date_gmt":"2024-06-22T05:02:48","guid":{"rendered":"https:\/\/etab.ac-reunion.fr\/clg-edmond-albius\/?page_id=7494"},"modified":"2024-06-22T09:02:48","modified_gmt":"2024-06-22T05:02:48","slug":"theatre-dimpro","status":"publish","type":"page","link":"https:\/\/etab.ac-reunion.fr\/clg-edmond-albius\/theatre-dimpro\/","title":{"rendered":"Th\u00e9\u00e2tre d&rsquo;impro"},"content":{"rendered":"\n<p>Le th\u00e9\u00e2tre d&rsquo;improvisation est une <strong>technique de jeu dramatique utilisant l&rsquo;improvisation th\u00e9\u00e2trale<\/strong>, soit le jeu non-pr\u00e9par\u00e9 devant un public<\/p>\n\n\n<div class=\"wp-block-image\">\n<figure class=\"aligncenter size-large is-resized\"><img loading=\"lazy\" decoding=\"async\" width=\"1024\" height=\"682\" src=\"https:\/\/etab.ac-reunion.fr\/clg-edmond-albius\/wp-content\/uploads\/sites\/67\/2024\/06\/bab00b8a-efc2-4616-898f-1a1938cfcf9d-1024x682.jpg\" alt=\"\" class=\"wp-image-7408\" style=\"width:839px;height:auto\" srcset=\"https:\/\/etab.ac-reunion.fr\/clg-edmond-albius\/wp-content\/uploads\/sites\/67\/2024\/06\/bab00b8a-efc2-4616-898f-1a1938cfcf9d-1024x682.jpg 1024w, https:\/\/etab.ac-reunion.fr\/clg-edmond-albius\/wp-content\/uploads\/sites\/67\/2024\/06\/bab00b8a-efc2-4616-898f-1a1938cfcf9d-300x200.jpg 300w, https:\/\/etab.ac-reunion.fr\/clg-edmond-albius\/wp-content\/uploads\/sites\/67\/2024\/06\/bab00b8a-efc2-4616-898f-1a1938cfcf9d-768x512.jpg 768w, https:\/\/etab.ac-reunion.fr\/clg-edmond-albius\/wp-content\/uploads\/sites\/67\/2024\/06\/bab00b8a-efc2-4616-898f-1a1938cfcf9d-150x100.jpg 150w, https:\/\/etab.ac-reunion.fr\/clg-edmond-albius\/wp-content\/uploads\/sites\/67\/2024\/06\/bab00b8a-efc2-4616-898f-1a1938cfcf9d-350x233.jpg 350w, https:\/\/etab.ac-reunion.fr\/clg-edmond-albius\/wp-content\/uploads\/sites\/67\/2024\/06\/bab00b8a-efc2-4616-898f-1a1938cfcf9d.jpg 1280w\" sizes=\"auto, (max-width: 1024px) 100vw, 1024px\" \/><\/figure>\n<\/div>\n\n<div class=\"wp-block-image\">\n<figure class=\"aligncenter size-large is-resized\"><img loading=\"lazy\" decoding=\"async\" width=\"1024\" height=\"682\" src=\"https:\/\/etab.ac-reunion.fr\/clg-edmond-albius\/wp-content\/uploads\/sites\/67\/2024\/06\/f3b906bc-dc8b-4563-9560-fa1001c86c15-1024x682.jpg\" alt=\"\" class=\"wp-image-7409\" style=\"width:839px;height:auto\" srcset=\"https:\/\/etab.ac-reunion.fr\/clg-edmond-albius\/wp-content\/uploads\/sites\/67\/2024\/06\/f3b906bc-dc8b-4563-9560-fa1001c86c15-1024x682.jpg 1024w, https:\/\/etab.ac-reunion.fr\/clg-edmond-albius\/wp-content\/uploads\/sites\/67\/2024\/06\/f3b906bc-dc8b-4563-9560-fa1001c86c15-300x200.jpg 300w, https:\/\/etab.ac-reunion.fr\/clg-edmond-albius\/wp-content\/uploads\/sites\/67\/2024\/06\/f3b906bc-dc8b-4563-9560-fa1001c86c15-768x512.jpg 768w, https:\/\/etab.ac-reunion.fr\/clg-edmond-albius\/wp-content\/uploads\/sites\/67\/2024\/06\/f3b906bc-dc8b-4563-9560-fa1001c86c15-150x100.jpg 150w, https:\/\/etab.ac-reunion.fr\/clg-edmond-albius\/wp-content\/uploads\/sites\/67\/2024\/06\/f3b906bc-dc8b-4563-9560-fa1001c86c15-350x233.jpg 350w, https:\/\/etab.ac-reunion.fr\/clg-edmond-albius\/wp-content\/uploads\/sites\/67\/2024\/06\/f3b906bc-dc8b-4563-9560-fa1001c86c15.jpg 1280w\" sizes=\"auto, (max-width: 1024px) 100vw, 1024px\" \/><\/figure>\n<\/div>\n\n<div class=\"wp-block-image\">\n<figure class=\"aligncenter size-large\"><img loading=\"lazy\" decoding=\"async\" width=\"682\" height=\"1024\" src=\"https:\/\/etab.ac-reunion.fr\/clg-edmond-albius\/wp-content\/uploads\/sites\/67\/2024\/06\/faec410e-7dc8-4470-b2e7-ccf7046cc2f6-682x1024.jpg\" alt=\"\" class=\"wp-image-7410\" srcset=\"https:\/\/etab.ac-reunion.fr\/clg-edmond-albius\/wp-content\/uploads\/sites\/67\/2024\/06\/faec410e-7dc8-4470-b2e7-ccf7046cc2f6-682x1024.jpg 682w, https:\/\/etab.ac-reunion.fr\/clg-edmond-albius\/wp-content\/uploads\/sites\/67\/2024\/06\/faec410e-7dc8-4470-b2e7-ccf7046cc2f6-200x300.jpg 200w, https:\/\/etab.ac-reunion.fr\/clg-edmond-albius\/wp-content\/uploads\/sites\/67\/2024\/06\/faec410e-7dc8-4470-b2e7-ccf7046cc2f6-768x1152.jpg 768w, https:\/\/etab.ac-reunion.fr\/clg-edmond-albius\/wp-content\/uploads\/sites\/67\/2024\/06\/faec410e-7dc8-4470-b2e7-ccf7046cc2f6-100x150.jpg 100w, https:\/\/etab.ac-reunion.fr\/clg-edmond-albius\/wp-content\/uploads\/sites\/67\/2024\/06\/faec410e-7dc8-4470-b2e7-ccf7046cc2f6-187x280.jpg 187w, https:\/\/etab.ac-reunion.fr\/clg-edmond-albius\/wp-content\/uploads\/sites\/67\/2024\/06\/faec410e-7dc8-4470-b2e7-ccf7046cc2f6.jpg 853w\" sizes=\"auto, (max-width: 682px) 100vw, 682px\" \/><\/figure>\n<\/div>\n\n<div class=\"wp-block-image\">\n<figure class=\"aligncenter size-large\"><img loading=\"lazy\" decoding=\"async\" width=\"1024\" height=\"682\" src=\"https:\/\/etab.ac-reunion.fr\/clg-edmond-albius\/wp-content\/uploads\/sites\/67\/2024\/06\/db272c6d-7e57-4fe3-b124-568f7280c405-1-1024x682.jpg\" alt=\"\" class=\"wp-image-7412\" srcset=\"https:\/\/etab.ac-reunion.fr\/clg-edmond-albius\/wp-content\/uploads\/sites\/67\/2024\/06\/db272c6d-7e57-4fe3-b124-568f7280c405-1-1024x682.jpg 1024w, https:\/\/etab.ac-reunion.fr\/clg-edmond-albius\/wp-content\/uploads\/sites\/67\/2024\/06\/db272c6d-7e57-4fe3-b124-568f7280c405-1-300x200.jpg 300w, https:\/\/etab.ac-reunion.fr\/clg-edmond-albius\/wp-content\/uploads\/sites\/67\/2024\/06\/db272c6d-7e57-4fe3-b124-568f7280c405-1-768x512.jpg 768w, https:\/\/etab.ac-reunion.fr\/clg-edmond-albius\/wp-content\/uploads\/sites\/67\/2024\/06\/db272c6d-7e57-4fe3-b124-568f7280c405-1-150x100.jpg 150w, https:\/\/etab.ac-reunion.fr\/clg-edmond-albius\/wp-content\/uploads\/sites\/67\/2024\/06\/db272c6d-7e57-4fe3-b124-568f7280c405-1-350x233.jpg 350w, https:\/\/etab.ac-reunion.fr\/clg-edmond-albius\/wp-content\/uploads\/sites\/67\/2024\/06\/db272c6d-7e57-4fe3-b124-568f7280c405-1.jpg 1280w\" sizes=\"auto, (max-width: 1024px) 100vw, 1024px\" \/><\/figure>\n<\/div>","protected":false},"excerpt":{"rendered":"<p>Le th\u00e9\u00e2tre d&rsquo;improvisation est une technique de jeu dramatique utilisant l&rsquo;improvisation th\u00e9\u00e2trale, soit le jeu non-pr\u00e9par\u00e9 devant un public<\/p>\n<p> <a class=\"continue-reading-link\" href=\"https:\/\/etab.ac-reunion.fr\/clg-edmond-albius\/theatre-dimpro\/\"><span>Lire plus &#8230;<\/span><i class=\"crycon-right-dir\"><\/i><\/a> <\/p>\n","protected":false},"author":28003,"featured_media":0,"parent":0,"menu_order":0,"comment_status":"closed","ping_status":"closed","template":"","meta":{"footnotes":""},"class_list":["post-7494","page","type-page","status-publish","hentry"],"_links":{"self":[{"href":"https:\/\/etab.ac-reunion.fr\/clg-edmond-albius\/wp-json\/wp\/v2\/pages\/7494","targetHints":{"allow":["GET"]}}],"collection":[{"href":"https:\/\/etab.ac-reunion.fr\/clg-edmond-albius\/wp-json\/wp\/v2\/pages"}],"about":[{"href":"https:\/\/etab.ac-reunion.fr\/clg-edmond-albius\/wp-json\/wp\/v2\/types\/page"}],"author":[{"embeddable":true,"href":"https:\/\/etab.ac-reunion.fr\/clg-edmond-albius\/wp-json\/wp\/v2\/users\/28003"}],"replies":[{"embeddable":true,"href":"https:\/\/etab.ac-reunion.fr\/clg-edmond-albius\/wp-json\/wp\/v2\/comments?post=7494"}],"version-history":[{"count":1,"href":"https:\/\/etab.ac-reunion.fr\/clg-edmond-albius\/wp-json\/wp\/v2\/pages\/7494\/revisions"}],"predecessor-version":[{"id":7495,"href":"https:\/\/etab.ac-reunion.fr\/clg-edmond-albius\/wp-json\/wp\/v2\/pages\/7494\/revisions\/7495"}],"wp:attachment":[{"href":"https:\/\/etab.ac-reunion.fr\/clg-edmond-albius\/wp-json\/wp\/v2\/media?parent=7494"}],"curies":[{"name":"wp","href":"https:\/\/api.w.org\/{rel}","templated":true}]}}