{"id":7498,"date":"2024-06-22T09:05:15","date_gmt":"2024-06-22T05:05:15","guid":{"rendered":"https:\/\/etab.ac-reunion.fr\/clg-edmond-albius\/?page_id=7498"},"modified":"2024-06-22T09:05:15","modified_gmt":"2024-06-22T05:05:15","slug":"educonnect-quest-ce-que-cest","status":"publish","type":"page","link":"https:\/\/etab.ac-reunion.fr\/clg-edmond-albius\/educonnect-quest-ce-que-cest\/","title":{"rendered":"\u00c9duConnect ? Qu&rsquo;est-ce que c&rsquo;est ?"},"content":{"rendered":"\n<p><strong>Educonnect est un service d&rsquo;authentification cr\u00e9\u00e9 pour simplifier les d\u00e9marches des usagers de l&rsquo;\u00e9ducation nationale et l&rsquo;acc\u00e8s aux services num\u00e9riques de l\u2019\u00e9cole au lyc\u00e9e C&rsquo;est un compte unique pour suivre et accompagner la scolarit\u00e9 de mon enfant<\/strong><\/p>\n\n\n\n<p><\/p>\n\n\n\n<p>Le compte unique EduConnect remplace les identifiants et mot de passe utilis\u00e9s jusqu\u2019\u00e0 pr\u00e9sent par les \u00e9l\u00e8ves et leurs parents.&nbsp;Il&nbsp;simplifie pour les parents l\u2019acc\u00e8s au suivi et \u00e0 l\u2019accompagnement de la scolarit\u00e9 des enfants et donne acc\u00e8s pour les \u00e9l\u00e8ves \u00e0 l\u2019ensemble des services num\u00e9riques de l\u2019\u00e9cole au lyc\u00e9e.<\/p>\n\n\n\n<p>Articul\u00e9 avec le syst\u00e8me FranceConnect, le compte EduConnect&nbsp;permet l&rsquo;acc\u00e8s&nbsp;:<\/p>\n\n\n\n<ul class=\"wp-block-list\">\n<li>au portail Scolarit\u00e9 Services du minist\u00e8re \u00e0 l\u2019adresse teleservices.education.gouv.fr pour effectuer des d\u00e9marches en ligne (par exemple <strong>demandes de bourses<\/strong>, orientation, inscription) ou consulter le livret scolaire ;<\/li>\n\n\n\n<li>\u00e0 l\u2019espace num\u00e9rique de travail (ENT) de l\u2019\u00e9tablissement ou d\u2019autres services (se renseigner aupr\u00e8s de l\u2019\u00e9tablissement).<\/li>\n<\/ul>\n\n\n\n<div data-wp-interactive=\"core\/file\" class=\"wp-block-file\"><object data-wp-bind--hidden=\"!state.hasPdfPreview\" hidden class=\"wp-block-file__embed\" data=\"https:\/\/etab.ac-reunion.fr\/clg-edmond-albius\/wp-content\/uploads\/sites\/67\/2024\/06\/2021_Educonnect-infographie-1.pdf\" type=\"application\/pdf\" style=\"width:100%;height:600px\" aria-label=\"Contenu embarqu\u00e9 2021_Educonnect-infographie-1.\"><\/object><a id=\"wp-block-file--media-cb33e3ef-51c8-458b-8d76-a72097104907\" href=\"https:\/\/etab.ac-reunion.fr\/clg-edmond-albius\/wp-content\/uploads\/sites\/67\/2024\/06\/2021_Educonnect-infographie-1.pdf\">2021_Educonnect-infographie-1<\/a><a href=\"https:\/\/etab.ac-reunion.fr\/clg-edmond-albius\/wp-content\/uploads\/sites\/67\/2024\/06\/2021_Educonnect-infographie-1.pdf\" class=\"wp-block-file__button wp-element-button\" download aria-describedby=\"wp-block-file--media-cb33e3ef-51c8-458b-8d76-a72097104907\">T\u00e9l\u00e9charger<\/a><\/div>\n","protected":false},"excerpt":{"rendered":"<p>Educonnect est un service d&rsquo;authentification cr\u00e9\u00e9 pour simplifier les d\u00e9marches des usagers de l&rsquo;\u00e9ducation nationale et l&rsquo;acc\u00e8s aux services num\u00e9riques de l\u2019\u00e9cole au lyc\u00e9e C&rsquo;est un compte unique pour suivre et accompagner la scolarit\u00e9 de mon enfant Le compte unique EduConnect remplace les identifiants et mot de passe utilis\u00e9s jusqu\u2019\u00e0&#8230;<\/p>\n<p> <a class=\"continue-reading-link\" href=\"https:\/\/etab.ac-reunion.fr\/clg-edmond-albius\/educonnect-quest-ce-que-cest\/\"><span>Lire plus &#8230;<\/span><i class=\"crycon-right-dir\"><\/i><\/a> <\/p>\n","protected":false},"author":28003,"featured_media":0,"parent":0,"menu_order":0,"comment_status":"closed","ping_status":"closed","template":"","meta":{"footnotes":""},"class_list":["post-7498","page","type-page","status-publish","hentry"],"_links":{"self":[{"href":"https:\/\/etab.ac-reunion.fr\/clg-edmond-albius\/wp-json\/wp\/v2\/pages\/7498","targetHints":{"allow":["GET"]}}],"collection":[{"href":"https:\/\/etab.ac-reunion.fr\/clg-edmond-albius\/wp-json\/wp\/v2\/pages"}],"about":[{"href":"https:\/\/etab.ac-reunion.fr\/clg-edmond-albius\/wp-json\/wp\/v2\/types\/page"}],"author":[{"embeddable":true,"href":"https:\/\/etab.ac-reunion.fr\/clg-edmond-albius\/wp-json\/wp\/v2\/users\/28003"}],"replies":[{"embeddable":true,"href":"https:\/\/etab.ac-reunion.fr\/clg-edmond-albius\/wp-json\/wp\/v2\/comments?post=7498"}],"version-history":[{"count":1,"href":"https:\/\/etab.ac-reunion.fr\/clg-edmond-albius\/wp-json\/wp\/v2\/pages\/7498\/revisions"}],"predecessor-version":[{"id":7500,"href":"https:\/\/etab.ac-reunion.fr\/clg-edmond-albius\/wp-json\/wp\/v2\/pages\/7498\/revisions\/7500"}],"wp:attachment":[{"href":"https:\/\/etab.ac-reunion.fr\/clg-edmond-albius\/wp-json\/wp\/v2\/media?parent=7498"}],"curies":[{"name":"wp","href":"https:\/\/api.w.org\/{rel}","templated":true}]}}