{"id":7501,"date":"2024-06-22T09:05:58","date_gmt":"2024-06-22T05:05:58","guid":{"rendered":"https:\/\/etab.ac-reunion.fr\/clg-edmond-albius\/?page_id=7501"},"modified":"2024-06-22T09:05:58","modified_gmt":"2024-06-22T05:05:58","slug":"comment-creer-un-compte-educonnect","status":"publish","type":"page","link":"https:\/\/etab.ac-reunion.fr\/clg-edmond-albius\/comment-creer-un-compte-educonnect\/","title":{"rendered":"Comment cr\u00e9er un compte \u00c9duConnect ?"},"content":{"rendered":"\n<p>Cliquer sur \u00ab\u00a0\u00c9duConnect\u00a0\u00bb en haut de la page.<\/p>\n\n\n<div class=\"wp-block-image\">\n<figure class=\"aligncenter size-large is-resized\"><img loading=\"lazy\" decoding=\"async\" width=\"1024\" height=\"224\" src=\"https:\/\/etab.ac-reunion.fr\/clg-edmond-albius\/wp-content\/uploads\/sites\/67\/2024\/06\/image-3-1024x224.png\" alt=\"\" class=\"wp-image-7357\" style=\"width:841px;height:auto\" srcset=\"https:\/\/etab.ac-reunion.fr\/clg-edmond-albius\/wp-content\/uploads\/sites\/67\/2024\/06\/image-3-1024x224.png 1024w, https:\/\/etab.ac-reunion.fr\/clg-edmond-albius\/wp-content\/uploads\/sites\/67\/2024\/06\/image-3-300x66.png 300w, https:\/\/etab.ac-reunion.fr\/clg-edmond-albius\/wp-content\/uploads\/sites\/67\/2024\/06\/image-3-768x168.png 768w, https:\/\/etab.ac-reunion.fr\/clg-edmond-albius\/wp-content\/uploads\/sites\/67\/2024\/06\/image-3-1536x337.png 1536w, https:\/\/etab.ac-reunion.fr\/clg-edmond-albius\/wp-content\/uploads\/sites\/67\/2024\/06\/image-3-150x33.png 150w, https:\/\/etab.ac-reunion.fr\/clg-edmond-albius\/wp-content\/uploads\/sites\/67\/2024\/06\/image-3-350x77.png 350w, https:\/\/etab.ac-reunion.fr\/clg-edmond-albius\/wp-content\/uploads\/sites\/67\/2024\/06\/image-3.png 1547w\" sizes=\"auto, (max-width: 1024px) 100vw, 1024px\" \/><\/figure>\n<\/div>\n\n\n<p>Cliquer sur \u00ab\u00a0Responsable d&rsquo;\u00e9l\u00e8ve\u00a0\u00bb.<\/p>\n\n\n<div class=\"wp-block-image\">\n<figure class=\"aligncenter size-full\"><img loading=\"lazy\" decoding=\"async\" width=\"314\" height=\"306\" src=\"https:\/\/etab.ac-reunion.fr\/clg-edmond-albius\/wp-content\/uploads\/sites\/67\/2024\/06\/image-4.png\" alt=\"\" class=\"wp-image-7358\" srcset=\"https:\/\/etab.ac-reunion.fr\/clg-edmond-albius\/wp-content\/uploads\/sites\/67\/2024\/06\/image-4.png 314w, https:\/\/etab.ac-reunion.fr\/clg-edmond-albius\/wp-content\/uploads\/sites\/67\/2024\/06\/image-4-300x292.png 300w, https:\/\/etab.ac-reunion.fr\/clg-edmond-albius\/wp-content\/uploads\/sites\/67\/2024\/06\/image-4-150x146.png 150w, https:\/\/etab.ac-reunion.fr\/clg-edmond-albius\/wp-content\/uploads\/sites\/67\/2024\/06\/image-4-287x280.png 287w\" sizes=\"auto, (max-width: 314px) 100vw, 314px\" \/><\/figure>\n<\/div>\n\n\n<p>Cliquer sur \u00ab\u00a0Je n&rsquo;ai pas de compte\u00a0\u00bb.<\/p>\n\n\n<div class=\"wp-block-image\">\n<figure class=\"aligncenter size-full\"><img loading=\"lazy\" decoding=\"async\" width=\"937\" height=\"683\" src=\"https:\/\/etab.ac-reunion.fr\/clg-edmond-albius\/wp-content\/uploads\/sites\/67\/2024\/06\/image-5.png\" alt=\"\" class=\"wp-image-7359\" srcset=\"https:\/\/etab.ac-reunion.fr\/clg-edmond-albius\/wp-content\/uploads\/sites\/67\/2024\/06\/image-5.png 937w, https:\/\/etab.ac-reunion.fr\/clg-edmond-albius\/wp-content\/uploads\/sites\/67\/2024\/06\/image-5-300x219.png 300w, https:\/\/etab.ac-reunion.fr\/clg-edmond-albius\/wp-content\/uploads\/sites\/67\/2024\/06\/image-5-768x560.png 768w, https:\/\/etab.ac-reunion.fr\/clg-edmond-albius\/wp-content\/uploads\/sites\/67\/2024\/06\/image-5-150x109.png 150w, https:\/\/etab.ac-reunion.fr\/clg-edmond-albius\/wp-content\/uploads\/sites\/67\/2024\/06\/image-5-426x311.png 426w, https:\/\/etab.ac-reunion.fr\/clg-edmond-albius\/wp-content\/uploads\/sites\/67\/2024\/06\/image-5-350x255.png 350w\" sizes=\"auto, (max-width: 937px) 100vw, 937px\" \/><\/figure>\n<\/div>\n\n\n<p>Indiquer votre \u00ab\u00a0Nom\u00a0\u00bb et votre \u00ab\u00a0Pr\u00e9nom\u00a0\u00bb<\/p>\n\n\n<div class=\"wp-block-image\">\n<figure class=\"aligncenter size-full\"><img loading=\"lazy\" decoding=\"async\" width=\"553\" height=\"201\" src=\"https:\/\/etab.ac-reunion.fr\/clg-edmond-albius\/wp-content\/uploads\/sites\/67\/2024\/06\/image-6.png\" alt=\"\" class=\"wp-image-7360\" srcset=\"https:\/\/etab.ac-reunion.fr\/clg-edmond-albius\/wp-content\/uploads\/sites\/67\/2024\/06\/image-6.png 553w, https:\/\/etab.ac-reunion.fr\/clg-edmond-albius\/wp-content\/uploads\/sites\/67\/2024\/06\/image-6-300x109.png 300w, https:\/\/etab.ac-reunion.fr\/clg-edmond-albius\/wp-content\/uploads\/sites\/67\/2024\/06\/image-6-150x55.png 150w, https:\/\/etab.ac-reunion.fr\/clg-edmond-albius\/wp-content\/uploads\/sites\/67\/2024\/06\/image-6-350x127.png 350w\" sizes=\"auto, (max-width: 553px) 100vw, 553px\" \/><\/figure>\n<\/div>\n\n\n<p>Cliquer sur \u00ab\u00a0+33\u00a0\u00bb, puis sur \u00ab\u00a0La R\u00e9union +262\u00a0\u00bb.<\/p>\n\n\n\n<p>Indiquer le num\u00e9ro de t\u00e9l\u00e9phone portable que vous avez donn\u00e9 lors de l&rsquo;inscription de votre enfant au coll\u00e8ge.<\/p>\n\n\n\n<p>Puis sur \u00ab\u00a0Suivant\u00a0\u00bb.<\/p>\n\n\n<div class=\"wp-block-image\">\n<figure class=\"aligncenter size-full\"><img loading=\"lazy\" decoding=\"async\" width=\"556\" height=\"367\" src=\"https:\/\/etab.ac-reunion.fr\/clg-edmond-albius\/wp-content\/uploads\/sites\/67\/2024\/06\/image-8.png\" alt=\"\" class=\"wp-image-7362\" srcset=\"https:\/\/etab.ac-reunion.fr\/clg-edmond-albius\/wp-content\/uploads\/sites\/67\/2024\/06\/image-8.png 556w, https:\/\/etab.ac-reunion.fr\/clg-edmond-albius\/wp-content\/uploads\/sites\/67\/2024\/06\/image-8-300x198.png 300w, https:\/\/etab.ac-reunion.fr\/clg-edmond-albius\/wp-content\/uploads\/sites\/67\/2024\/06\/image-8-150x99.png 150w, https:\/\/etab.ac-reunion.fr\/clg-edmond-albius\/wp-content\/uploads\/sites\/67\/2024\/06\/image-8-350x231.png 350w\" sizes=\"auto, (max-width: 556px) 100vw, 556px\" \/><\/figure>\n<\/div>\n\n\n<p>Vous allez recevoir un SMS de confirmation. Veuillez noter le code re\u00e7u dans la case, puis compl\u00e9ter le reste des informations.<\/p>\n\n\n\n<p>Une fois termin\u00e9, votre identifiant s&rsquo;affichera \u00e0 votre \u00e9cran. <\/p>\n\n\n\n<p>Vous aurez ensuite la possibilit\u00e9 de choisir un mot de passe.<\/p>\n\n\n\n<p>Nous vous conseillons de noter ces informations.<\/p>\n\n\n\n<p>Pour plus d&rsquo;aide, vous pouvez prendre contacte avec notre informaticien.<\/p>\n","protected":false},"excerpt":{"rendered":"<p>Cliquer sur \u00ab\u00a0\u00c9duConnect\u00a0\u00bb en haut de la page. Cliquer sur \u00ab\u00a0Responsable d&rsquo;\u00e9l\u00e8ve\u00a0\u00bb. Cliquer sur \u00ab\u00a0Je n&rsquo;ai pas de compte\u00a0\u00bb. Indiquer votre \u00ab\u00a0Nom\u00a0\u00bb et votre \u00ab\u00a0Pr\u00e9nom\u00a0\u00bb Cliquer sur \u00ab\u00a0+33\u00a0\u00bb, puis sur \u00ab\u00a0La R\u00e9union +262\u00a0\u00bb. Indiquer le num\u00e9ro de t\u00e9l\u00e9phone portable que vous avez donn\u00e9 lors de l&rsquo;inscription de votre enfant au&#8230;<\/p>\n<p> <a class=\"continue-reading-link\" href=\"https:\/\/etab.ac-reunion.fr\/clg-edmond-albius\/comment-creer-un-compte-educonnect\/\"><span>Lire plus &#8230;<\/span><i class=\"crycon-right-dir\"><\/i><\/a> <\/p>\n","protected":false},"author":28003,"featured_media":0,"parent":0,"menu_order":0,"comment_status":"closed","ping_status":"closed","template":"","meta":{"footnotes":""},"class_list":["post-7501","page","type-page","status-publish","hentry"],"_links":{"self":[{"href":"https:\/\/etab.ac-reunion.fr\/clg-edmond-albius\/wp-json\/wp\/v2\/pages\/7501","targetHints":{"allow":["GET"]}}],"collection":[{"href":"https:\/\/etab.ac-reunion.fr\/clg-edmond-albius\/wp-json\/wp\/v2\/pages"}],"about":[{"href":"https:\/\/etab.ac-reunion.fr\/clg-edmond-albius\/wp-json\/wp\/v2\/types\/page"}],"author":[{"embeddable":true,"href":"https:\/\/etab.ac-reunion.fr\/clg-edmond-albius\/wp-json\/wp\/v2\/users\/28003"}],"replies":[{"embeddable":true,"href":"https:\/\/etab.ac-reunion.fr\/clg-edmond-albius\/wp-json\/wp\/v2\/comments?post=7501"}],"version-history":[{"count":1,"href":"https:\/\/etab.ac-reunion.fr\/clg-edmond-albius\/wp-json\/wp\/v2\/pages\/7501\/revisions"}],"predecessor-version":[{"id":7502,"href":"https:\/\/etab.ac-reunion.fr\/clg-edmond-albius\/wp-json\/wp\/v2\/pages\/7501\/revisions\/7502"}],"wp:attachment":[{"href":"https:\/\/etab.ac-reunion.fr\/clg-edmond-albius\/wp-json\/wp\/v2\/media?parent=7501"}],"curies":[{"name":"wp","href":"https:\/\/api.w.org\/{rel}","templated":true}]}}