{"id":7530,"date":"2024-07-05T08:48:19","date_gmt":"2024-07-05T04:48:19","guid":{"rendered":"https:\/\/etab.ac-reunion.fr\/clg-edmond-albius\/?page_id=7530"},"modified":"2024-07-05T08:48:19","modified_gmt":"2024-07-05T04:48:19","slug":"classe-a-horaires-amenages-en-arts-plastiques-chaap","status":"publish","type":"page","link":"https:\/\/etab.ac-reunion.fr\/clg-edmond-albius\/classe-a-horaires-amenages-en-arts-plastiques-chaap\/","title":{"rendered":"Classe \u00e0 horaires am\u00e9nag\u00e9s en Arts plastiques (CHAAP)"},"content":{"rendered":"\n<p><\/p>\n\n\n\n<div data-wp-interactive=\"core\/file\" class=\"wp-block-file\"><object data-wp-bind--hidden=\"!state.hasPdfPreview\" hidden class=\"wp-block-file__embed\" data=\"https:\/\/etab.ac-reunion.fr\/clg-edmond-albius\/wp-content\/uploads\/sites\/67\/2024\/07\/Presentation-de-la-CHAAP.pdf\" type=\"application\/pdf\" style=\"width:100%;height:600px\" aria-label=\"Contenu embarqu\u00e9 Presentation-de-la-CHAAP.\"><\/object><a id=\"wp-block-file--media-2f4d040b-5aff-407f-b743-8bc0564ff6a7\" href=\"https:\/\/etab.ac-reunion.fr\/clg-edmond-albius\/wp-content\/uploads\/sites\/67\/2024\/07\/Presentation-de-la-CHAAP.pdf\">Presentation-de-la-CHAAP<\/a><a href=\"https:\/\/etab.ac-reunion.fr\/clg-edmond-albius\/wp-content\/uploads\/sites\/67\/2024\/07\/Presentation-de-la-CHAAP.pdf\" class=\"wp-block-file__button wp-element-button\" download aria-describedby=\"wp-block-file--media-2f4d040b-5aff-407f-b743-8bc0564ff6a7\">T\u00e9l\u00e9charger<\/a><\/div>\n","protected":false},"excerpt":{"rendered":"<p> <a class=\"continue-reading-link\" href=\"https:\/\/etab.ac-reunion.fr\/clg-edmond-albius\/classe-a-horaires-amenages-en-arts-plastiques-chaap\/\"><span>Lire plus &#8230;<\/span><i class=\"crycon-right-dir\"><\/i><\/a> <\/p>\n","protected":false},"author":28003,"featured_media":0,"parent":0,"menu_order":0,"comment_status":"closed","ping_status":"closed","template":"","meta":{"footnotes":""},"class_list":["post-7530","page","type-page","status-publish","hentry"],"_links":{"self":[{"href":"https:\/\/etab.ac-reunion.fr\/clg-edmond-albius\/wp-json\/wp\/v2\/pages\/7530","targetHints":{"allow":["GET"]}}],"collection":[{"href":"https:\/\/etab.ac-reunion.fr\/clg-edmond-albius\/wp-json\/wp\/v2\/pages"}],"about":[{"href":"https:\/\/etab.ac-reunion.fr\/clg-edmond-albius\/wp-json\/wp\/v2\/types\/page"}],"author":[{"embeddable":true,"href":"https:\/\/etab.ac-reunion.fr\/clg-edmond-albius\/wp-json\/wp\/v2\/users\/28003"}],"replies":[{"embeddable":true,"href":"https:\/\/etab.ac-reunion.fr\/clg-edmond-albius\/wp-json\/wp\/v2\/comments?post=7530"}],"version-history":[{"count":1,"href":"https:\/\/etab.ac-reunion.fr\/clg-edmond-albius\/wp-json\/wp\/v2\/pages\/7530\/revisions"}],"predecessor-version":[{"id":7532,"href":"https:\/\/etab.ac-reunion.fr\/clg-edmond-albius\/wp-json\/wp\/v2\/pages\/7530\/revisions\/7532"}],"wp:attachment":[{"href":"https:\/\/etab.ac-reunion.fr\/clg-edmond-albius\/wp-json\/wp\/v2\/media?parent=7530"}],"curies":[{"name":"wp","href":"https:\/\/api.w.org\/{rel}","templated":true}]}}