{"id":1541,"date":"2014-11-17T14:59:50","date_gmt":"2014-11-17T10:59:50","guid":{"rendered":"http:\/\/college-lechaudron.ac-reunion.fr\/?page_id=1541"},"modified":"2019-04-12T09:12:18","modified_gmt":"2019-04-12T05:12:18","slug":"option-audiovisuel","status":"publish","type":"page","link":"https:\/\/etab.ac-reunion.fr\/clg-elie-wiesel\/option-audiovisuel\/","title":{"rendered":"Audiovisuel"},"content":{"rendered":"<p style=\"text-align: justify\"><strong>L&rsquo;\u00c9cole donne une place importante au cin\u00e9ma et \u00e0 l&rsquo;audiovisuel dans le cadre plus large de l&rsquo;\u00e9ducation \u00e0 l&rsquo;image. La premi\u00e8re pratique culturelle des jeunes est celle de l\u2019image : cin\u00e9ma, photo, t\u00e9l\u00e9vision, jeux vid\u00e9o, Internet, etc. Depuis plus de 20 ans, l\u2019\u00c9cole a mis en place une \u00e9ducation th\u00e9orique et pratique \u00e0 ce langage complexe dont les codes et les techniques \u00e9voluent sans cesse. D\u00e8s l\u2019\u00e9cole primaire, l\u2019\u00e9ducation \u00e0 l\u2019image, au cin\u00e9ma et \u00e0 l\u2019audiovisuel permet aux \u00e9l\u00e8ves d\u2019acqu\u00e9rir une culture,\u00a0d&rsquo;avoir une pratique artistique\u00a0et de d\u00e9couvrir de nouveaux m\u00e9tiers.\u00a0<\/strong><\/p>\n<p style=\"text-align: justify\">L\u2019\u00e9ducation \u00e0 l\u2019image au coll\u00e8ge est transversale et repose sur plusieurs enseignements comme <b>l&rsquo;histoire\u00a0des arts, les arts plastiques et le fran\u00e7ais.\u00a0<\/b><\/p>\n<p style=\"text-align: justify\">Les cours d&rsquo;arts plastiques,\u00a0\u00e0 partir de la cinqui\u00e8me, font une place importante \u00e0\u00a0l\u2019analyse et \u00e0 la\u00a0production d\u2019images, en mettant l&rsquo;accent sur le point de vue, la vision singuli\u00e8re dont l\u2019image est porteuse. Les \u00e9l\u00e8ves sont amen\u00e9s \u00e0 fabriquer des images de fiction gr\u00e2ce \u00e0 la vid\u00e9o et \u00e0 l&rsquo;infographie.<\/p>\n","protected":false},"excerpt":{"rendered":"<p>L&rsquo;\u00c9cole donne une place importante au cin\u00e9ma et \u00e0 l&rsquo;audiovisuel dans le cadre plus large de l&rsquo;\u00e9ducation \u00e0 l&rsquo;image. La premi\u00e8re pratique culturelle des jeunes est celle de l\u2019image : cin\u00e9ma, photo, t\u00e9l\u00e9vision, jeux vid\u00e9o, Internet, etc. Depuis plus de 20 ans, l\u2019\u00c9cole a mis en place une \u00e9ducation th\u00e9orique et pratique \u00e0 ce langage [&hellip;]<\/p>\n","protected":false},"author":64,"featured_media":0,"parent":0,"menu_order":0,"comment_status":"closed","ping_status":"closed","template":"page-blog.php","meta":{"footnotes":"","_links_to":"","_links_to_target":""},"class_list":["post-1541","page","type-page","status-publish","hentry"],"_links":{"self":[{"href":"https:\/\/etab.ac-reunion.fr\/clg-elie-wiesel\/wp-json\/wp\/v2\/pages\/1541","targetHints":{"allow":["GET"]}}],"collection":[{"href":"https:\/\/etab.ac-reunion.fr\/clg-elie-wiesel\/wp-json\/wp\/v2\/pages"}],"about":[{"href":"https:\/\/etab.ac-reunion.fr\/clg-elie-wiesel\/wp-json\/wp\/v2\/types\/page"}],"author":[{"embeddable":true,"href":"https:\/\/etab.ac-reunion.fr\/clg-elie-wiesel\/wp-json\/wp\/v2\/users\/64"}],"replies":[{"embeddable":true,"href":"https:\/\/etab.ac-reunion.fr\/clg-elie-wiesel\/wp-json\/wp\/v2\/comments?post=1541"}],"version-history":[{"count":5,"href":"https:\/\/etab.ac-reunion.fr\/clg-elie-wiesel\/wp-json\/wp\/v2\/pages\/1541\/revisions"}],"predecessor-version":[{"id":3400,"href":"https:\/\/etab.ac-reunion.fr\/clg-elie-wiesel\/wp-json\/wp\/v2\/pages\/1541\/revisions\/3400"}],"wp:attachment":[{"href":"https:\/\/etab.ac-reunion.fr\/clg-elie-wiesel\/wp-json\/wp\/v2\/media?parent=1541"}],"curies":[{"name":"wp","href":"https:\/\/api.w.org\/{rel}","templated":true}]}}