{"id":1737,"date":"2014-12-15T11:57:09","date_gmt":"2014-12-15T07:57:09","guid":{"rendered":"http:\/\/college-lechaudron.ac-reunion.fr\/?page_id=1737"},"modified":"2018-12-04T22:39:41","modified_gmt":"2018-12-04T18:39:41","slug":"structure-pedagogique","status":"publish","type":"page","link":"https:\/\/etab.ac-reunion.fr\/clg-elie-wiesel\/structure-pedagogique\/","title":{"rendered":"Structure P\u00e9dagogique"},"content":{"rendered":"<p>&nbsp;<\/p>\n<p>&nbsp;<\/p>\n<h3 style=\"text-align: center\">ANNEE SCOLAIRE 2018-2019<\/h3>\n<p>&nbsp;<\/p>\n<table style=\"border: 1px solid black;border-collapse: collapse\">\n<tbody>\n<tr>\n<td style=\"border: 1px solid black;border-collapse: collapse;text-align: center\" colspan=\"3\" width=\"662\"><strong>Niveau 6 <span style=\"font-size: xx-small\">\u00e8me<\/span> (5 divisions)<\/strong><\/td>\n<\/tr>\n<tr>\n<td style=\"border: 1px solid black;border-collapse: collapse\" width=\"73\">601<\/td>\n<td style=\"border: 1px solid black;border-collapse: collapse\" width=\"336\"><strong>Bilangue<\/strong><\/td>\n<td style=\"border: 1px solid black;border-collapse: collapse\" width=\"253\">22 El\u00e8ves<\/td>\n<\/tr>\n<tr>\n<td style=\"border: 1px solid black;border-collapse: collapse\" width=\"73\">602<\/td>\n<td style=\"border: 1px solid black;border-collapse: collapse\" width=\"336\"><strong>Triathlon<br \/>\n<\/strong><\/td>\n<td style=\"border: 1px solid black;border-collapse: collapse\" width=\"253\">23 El\u00e8ves<\/td>\n<\/tr>\n<tr>\n<td style=\"border: 1px solid black;border-collapse: collapse\" width=\"73\">603<\/td>\n<td style=\"border: 1px solid black;border-collapse: collapse\" width=\"336\"><strong>Cin\u00e9ma Audio-Visuel<\/strong><\/td>\n<td style=\"border: 1px solid black;border-collapse: collapse\" width=\"253\">24 El\u00e8ves<\/td>\n<\/tr>\n<tr>\n<td style=\"border: 1px solid black;border-collapse: collapse\" width=\"73\">604<\/td>\n<td style=\"border: 1px solid black;border-collapse: collapse\" width=\"336\"><strong>ULIS<\/strong><\/td>\n<td style=\"border: 1px solid black;border-collapse: collapse\" width=\"253\">24 El\u00e8ves<\/td>\n<\/tr>\n<tr>\n<td style=\"border: 1px solid black;border-collapse: collapse\" width=\"73\">605<\/td>\n<td style=\"border: 1px solid black;border-collapse: collapse\" width=\"336\"><strong>ULIS<\/strong><\/td>\n<td style=\"border: 1px solid black;border-collapse: collapse\" width=\"253\">22 El\u00e8ves<\/td>\n<\/tr>\n<tr>\n<td style=\"border: 1px solid black;border-collapse: collapse;text-align: center\" colspan=\"3\" width=\"662\"><strong>TOTAL 115 \u00c9l\u00e8ves<\/strong><\/td>\n<\/tr>\n<\/tbody>\n<\/table>\n<p>&nbsp;<\/p>\n<table style=\"border: 1px solid black;border-collapse: collapse\">\n<tbody>\n<tr>\n<td style=\"border: 1px solid black;border-collapse: collapse;text-align: center\" colspan=\"4\" width=\"662\"><strong>Niveau 5<span style=\"font-size: xx-small\"> \u00e8me <\/span>(4 divisions)<\/strong><\/td>\n<\/tr>\n<tr>\n<td style=\"border: 1px solid black;border-collapse: collapse\" width=\"73\">501<\/td>\n<td style=\"border: 1px solid black;border-collapse: collapse\" colspan=\"2\" width=\"336\">\u00a0<strong>Triathlon<\/strong><\/td>\n<td style=\"border: 1px solid black;border-collapse: collapse\" width=\"253\">25 El\u00e8ves<\/td>\n<\/tr>\n<tr>\n<td style=\"border: 1px solid black;border-collapse: collapse\" width=\"73\">502<\/td>\n<td style=\"border: 1px solid black;border-collapse: collapse\" colspan=\"2\" width=\"336\">\u00a0<strong>Cin\u00e9ma audio visuel<br \/>\n<\/strong><\/td>\n<td style=\"border: 1px solid black;border-collapse: collapse\" width=\"253\">22 El\u00e8ves<\/td>\n<\/tr>\n<tr>\n<td style=\"border: 1px solid black;border-collapse: collapse\" width=\"73\">503<\/td>\n<td style=\"border: 1px solid black;border-collapse: collapse\" colspan=\"2\" width=\"336\"><strong>Bilangue-Cr\u00e9ole + ULIS<br \/>\n<\/strong><\/td>\n<td style=\"border: 1px solid black;border-collapse: collapse\" width=\"253\">23 El\u00e8ves<\/td>\n<\/tr>\n<tr>\n<td style=\"border: 1px solid black;border-collapse: collapse\" width=\"73\">504<\/td>\n<td style=\"border: 1px solid black;border-collapse: collapse\" colspan=\"2\" width=\"336\"><\/td>\n<td style=\"border: 1px solid black;border-collapse: collapse\" width=\"253\">23 El\u00e8ves<\/td>\n<\/tr>\n<tr>\n<td style=\"border: 1px solid black;border-collapse: collapse;text-align: center\" colspan=\"4\" width=\"662\"><strong>TOTAL 93 \u00c9l\u00e8ves<\/strong><\/td>\n<\/tr>\n<\/tbody>\n<\/table>\n<p>&nbsp;<\/p>\n<table style=\"border: 1px solid black;border-collapse: collapse\">\n<tbody>\n<tr>\n<td style=\"border: 1px solid black;border-collapse: collapse;text-align: center\" colspan=\"3\" width=\"662\"><strong>Niveau 4<span style=\"font-size: xx-small\"> \u00e8me<\/span> (4 divisons)<\/strong><\/td>\n<\/tr>\n<tr>\n<td style=\"border: 1px solid black;border-collapse: collapse\" width=\"72\">401<\/td>\n<td style=\"border: 1px solid black;border-collapse: collapse\" width=\"341\"><strong>Bilangue + Cin\u00e9ma Audio-Visuel + Triathlon<br \/>\n<\/strong><\/td>\n<td style=\"border: 1px solid black;border-collapse: collapse\" width=\"249\">25 El\u00e8ves<\/td>\n<\/tr>\n<tr>\n<td style=\"border: 1px solid black;border-collapse: collapse\" width=\"72\">402<\/td>\n<td style=\"border: 1px solid black;border-collapse: collapse\" width=\"341\"><strong>\u00a0Bilangue<br \/>\n<\/strong><\/td>\n<td style=\"border: 1px solid black;border-collapse: collapse\" width=\"249\">24 El\u00e8ves<\/td>\n<\/tr>\n<tr>\n<td style=\"border: 1px solid black;border-collapse: collapse\" width=\"72\">403<\/td>\n<td style=\"border: 1px solid black;border-collapse: collapse\" width=\"341\"><strong>Cr\u00e9ole<br \/>\n<\/strong><\/td>\n<td style=\"border: 1px solid black;border-collapse: collapse\" width=\"249\">24 El\u00e8ves<\/td>\n<\/tr>\n<tr>\n<td style=\"border: 1px solid black;border-collapse: collapse\" width=\"72\">404<\/td>\n<td style=\"border: 1px solid black;border-collapse: collapse\" width=\"341\"><strong>Cr\u00e9ole<\/strong><\/td>\n<td style=\"border: 1px solid black;border-collapse: collapse\" width=\"249\">23 El\u00e8ves<\/td>\n<\/tr>\n<tr>\n<td style=\"border: 1px solid black;border-collapse: collapse\" width=\"72\"><\/td>\n<td style=\"border: 1px solid black;border-collapse: collapse\" width=\"341\"><\/td>\n<td style=\"border: 1px solid black;border-collapse: collapse\" width=\"249\"><\/td>\n<\/tr>\n<tr>\n<td style=\"border: 1px solid black;border-collapse: collapse;text-align: center\" colspan=\"3\" width=\"662\"><strong>TOTAL 96 \u00c9l\u00e8ves<\/strong><\/td>\n<\/tr>\n<\/tbody>\n<\/table>\n<p>&nbsp;<\/p>\n<table style=\"border: 1px solid black;border-collapse: collapse\">\n<tbody>\n<tr>\n<td style=\"border: 1px solid black;border-collapse: collapse;text-align: center\" colspan=\"3\" width=\"662\"><strong>Niveau 3<span style=\"font-size: xx-small\"> \u00e8me <\/span> (4 divisions)<\/strong><\/td>\n<\/tr>\n<tr>\n<td style=\"border: 1px solid black;border-collapse: collapse\" width=\"77\">301<\/td>\n<td style=\"border: 1px solid black;border-collapse: collapse\" width=\"334\"><strong>Bilangue \u00a0Cin\u00e9ma Audio-Visuel+ Triathlon + SI + Cr\u00e9ole<br \/>\n<\/strong><\/td>\n<td style=\"border: 1px solid black;border-collapse: collapse\" width=\"251\">25 El\u00e8ves<\/td>\n<\/tr>\n<tr>\n<td style=\"border: 1px solid black;border-collapse: collapse\" width=\"77\">302<\/td>\n<td style=\"border: 1px solid black;border-collapse: collapse\" width=\"334\"><strong>Bilangue + OAE<br \/>\n<\/strong><\/td>\n<td style=\"border: 1px solid black;border-collapse: collapse\" width=\"251\">23 El\u00e8ves<\/td>\n<\/tr>\n<tr>\n<td style=\"border: 1px solid black;border-collapse: collapse\" width=\"77\">303<\/td>\n<td style=\"border: 1px solid black;border-collapse: collapse\" width=\"334\"><strong>PEP<br \/>\n<\/strong><\/td>\n<td style=\"border: 1px solid black;border-collapse: collapse\" width=\"251\">21 El\u00e8ves<\/td>\n<\/tr>\n<tr>\n<td style=\"border: 1px solid black;border-collapse: collapse\" width=\"77\">304<\/td>\n<td style=\"border: 1px solid black;border-collapse: collapse\" width=\"334\">\u00a0<strong>Cin\u00e9ma Audio-Visuel<\/strong><\/td>\n<td style=\"border: 1px solid black;border-collapse: collapse\" width=\"251\">25 El\u00e8ves<\/td>\n<\/tr>\n<tr>\n<td style=\"border: 1px solid black;border-collapse: collapse\" width=\"77\"><\/td>\n<td style=\"border: 1px solid black;border-collapse: collapse\" width=\"334\">\u00a0<strong><br \/>\n<\/strong><\/td>\n<td style=\"border: 1px solid black;border-collapse: collapse\" width=\"251\"><\/td>\n<\/tr>\n<tr>\n<td style=\"border: 1px solid black;border-collapse: collapse\" width=\"72\"><\/td>\n<td style=\"border: 1px solid black;border-collapse: collapse\" width=\"341\"><\/td>\n<td style=\"border: 1px solid black;border-collapse: collapse\" width=\"249\"><\/td>\n<\/tr>\n<tr>\n<td style=\"border: 1px solid black;border-collapse: collapse;text-align: center\" colspan=\"3\" width=\"662\"><strong>TOTAL 93 \u00c9l\u00e8ves<\/strong><\/td>\n<\/tr>\n<\/tbody>\n<\/table>\n<p>&nbsp;<\/p>\n<p><strong>Total G\u00e9n\u00e9ral : 17 divisions<\/strong> <strong>398 \u00c9l\u00e8ves<\/strong><\/p>\n<p>&nbsp;<\/p>\n<table style=\"border: 1px solid black;border-collapse: collapse\">\n<tbody>\n<tr>\n<td style=\"border: 1px solid black;border-collapse: collapse\" width=\"159\"><strong>\u00c9volution des effectifs <\/strong><strong>Total<\/strong><\/td>\n<td style=\"border: 1px solid black;border-collapse: collapse\" width=\"73\"><strong>2011<\/strong><br \/>\n<strong>424<\/strong><\/td>\n<td style=\"border: 1px solid black;border-collapse: collapse\" width=\"85\"><strong>2012<\/strong><br \/>\n<strong>438<\/strong><\/td>\n<td style=\"border: 1px solid black;border-collapse: collapse\" width=\"85\"><strong>2013<\/strong><br \/>\n<strong>456<\/strong><\/td>\n<td style=\"border: 1px solid black;border-collapse: collapse\" width=\"85\"><strong>2014<\/strong><br \/>\n<strong>460<\/strong><\/td>\n<td style=\"border: 1px solid black;border-collapse: collapse\" width=\"94\"><strong>2015<\/strong><br \/>\n<strong>473<\/strong><\/td>\n<td style=\"border: 1px solid black;border-collapse: collapse\" width=\"94\"><strong>2016<\/strong><br \/>\n<strong>438<\/strong><\/td>\n<td style=\"border: 1px solid black;border-collapse: collapse\" width=\"94\"><strong>2017<\/strong><br \/>\n<strong>399<\/strong><\/td>\n<\/tr>\n<\/tbody>\n<\/table>\n<p>&nbsp;<\/p>\n","protected":false},"excerpt":{"rendered":"<p>&nbsp; &nbsp; ANNEE SCOLAIRE 2018-2019 &nbsp; Niveau 6 \u00e8me (5 divisions) 601 Bilangue 22 El\u00e8ves 602 Triathlon 23 El\u00e8ves 603 Cin\u00e9ma Audio-Visuel 24 El\u00e8ves 604 ULIS 24 El\u00e8ves 605 ULIS 22 El\u00e8ves TOTAL 115 \u00c9l\u00e8ves &nbsp; Niveau 5 \u00e8me (4 divisions) 501 \u00a0Triathlon 25 El\u00e8ves 502 \u00a0Cin\u00e9ma audio visuel 22 El\u00e8ves 503 Bilangue-Cr\u00e9ole + ULIS [&hellip;]<\/p>\n","protected":false},"author":64,"featured_media":0,"parent":0,"menu_order":0,"comment_status":"closed","ping_status":"open","template":"","meta":{"footnotes":"","_links_to":"","_links_to_target":""},"class_list":["post-1737","page","type-page","status-publish","hentry"],"_links":{"self":[{"href":"https:\/\/etab.ac-reunion.fr\/clg-elie-wiesel\/wp-json\/wp\/v2\/pages\/1737","targetHints":{"allow":["GET"]}}],"collection":[{"href":"https:\/\/etab.ac-reunion.fr\/clg-elie-wiesel\/wp-json\/wp\/v2\/pages"}],"about":[{"href":"https:\/\/etab.ac-reunion.fr\/clg-elie-wiesel\/wp-json\/wp\/v2\/types\/page"}],"author":[{"embeddable":true,"href":"https:\/\/etab.ac-reunion.fr\/clg-elie-wiesel\/wp-json\/wp\/v2\/users\/64"}],"replies":[{"embeddable":true,"href":"https:\/\/etab.ac-reunion.fr\/clg-elie-wiesel\/wp-json\/wp\/v2\/comments?post=1737"}],"version-history":[{"count":25,"href":"https:\/\/etab.ac-reunion.fr\/clg-elie-wiesel\/wp-json\/wp\/v2\/pages\/1737\/revisions"}],"predecessor-version":[{"id":3109,"href":"https:\/\/etab.ac-reunion.fr\/clg-elie-wiesel\/wp-json\/wp\/v2\/pages\/1737\/revisions\/3109"}],"wp:attachment":[{"href":"https:\/\/etab.ac-reunion.fr\/clg-elie-wiesel\/wp-json\/wp\/v2\/media?parent=1737"}],"curies":[{"name":"wp","href":"https:\/\/api.w.org\/{rel}","templated":true}]}}