{"id":1791,"date":"2014-12-16T10:17:46","date_gmt":"2014-12-16T06:17:46","guid":{"rendered":"http:\/\/college-lechaudron.ac-reunion.fr\/?page_id=1791"},"modified":"2024-10-04T15:23:10","modified_gmt":"2024-10-04T11:23:10","slug":"reglement-interieur-2","status":"publish","type":"page","link":"https:\/\/etab.ac-reunion.fr\/clg-elie-wiesel\/reglement-interieur-2\/","title":{"rendered":"R\u00e8glement Interieur"},"content":{"rendered":"<p style=\"text-align: justify\"><strong>Le r\u00e8glement int\u00e9rieur d\u2019un Etablissement Public Local d\u2019Enseignement (EPLE) d\u00e9finit l\u2019ensemble des r\u00e8gles\u00a0<\/strong><strong>de vie de l\u2019\u00e9tablissement et fixe les droits et les devoirs de chaque membre de la communaut\u00e9.\u00a0<\/strong><strong>Il permet la r\u00e9gulation de la vie de l\u2019\u00e9tablissement et des rapports entre ses diff\u00e9rents acteurs.\u00a0<\/strong><\/p>\n<p><strong>Cliquez ci-dessous<\/strong> pour voir une copie conforme du r\u00e8glement int\u00e9rieur du Coll\u00e8ge:<\/p>\n<a href=\"https:\/\/etab.ac-reunion.fr\/clg-elie-wiesel\/wp-content\/uploads\/sites\/20\/2024\/10\/reglement-interieur.pdf\" class=\"pdfemb-viewer\" style=\"\" data-width=\"max\" data-height=\"max\" data-toolbar=\"bottom\" data-toolbar-fixed=\"on\">r\u00e8glement int\u00e9rieur<\/a>\n<p>&nbsp;<\/p>\n","protected":false},"excerpt":{"rendered":"<p>Le r\u00e8glement int\u00e9rieur d\u2019un Etablissement Public Local d\u2019Enseignement (EPLE) d\u00e9finit l\u2019ensemble des r\u00e8gles\u00a0de vie de l\u2019\u00e9tablissement et fixe les droits et les devoirs de chaque membre de la communaut\u00e9.\u00a0Il permet la r\u00e9gulation de la vie de l\u2019\u00e9tablissement et des rapports entre ses diff\u00e9rents acteurs.\u00a0 Cliquez ci-dessous pour voir une copie conforme du r\u00e8glement int\u00e9rieur du [&hellip;]<\/p>\n","protected":false},"author":19455,"featured_media":0,"parent":0,"menu_order":0,"comment_status":"closed","ping_status":"open","template":"","meta":{"footnotes":"","_links_to":"","_links_to_target":""},"class_list":["post-1791","page","type-page","status-publish","hentry"],"_links":{"self":[{"href":"https:\/\/etab.ac-reunion.fr\/clg-elie-wiesel\/wp-json\/wp\/v2\/pages\/1791","targetHints":{"allow":["GET"]}}],"collection":[{"href":"https:\/\/etab.ac-reunion.fr\/clg-elie-wiesel\/wp-json\/wp\/v2\/pages"}],"about":[{"href":"https:\/\/etab.ac-reunion.fr\/clg-elie-wiesel\/wp-json\/wp\/v2\/types\/page"}],"author":[{"embeddable":true,"href":"https:\/\/etab.ac-reunion.fr\/clg-elie-wiesel\/wp-json\/wp\/v2\/users\/19455"}],"replies":[{"embeddable":true,"href":"https:\/\/etab.ac-reunion.fr\/clg-elie-wiesel\/wp-json\/wp\/v2\/comments?post=1791"}],"version-history":[{"count":8,"href":"https:\/\/etab.ac-reunion.fr\/clg-elie-wiesel\/wp-json\/wp\/v2\/pages\/1791\/revisions"}],"predecessor-version":[{"id":6734,"href":"https:\/\/etab.ac-reunion.fr\/clg-elie-wiesel\/wp-json\/wp\/v2\/pages\/1791\/revisions\/6734"}],"wp:attachment":[{"href":"https:\/\/etab.ac-reunion.fr\/clg-elie-wiesel\/wp-json\/wp\/v2\/media?parent=1791"}],"curies":[{"name":"wp","href":"https:\/\/api.w.org\/{rel}","templated":true}]}}