{"id":1808,"date":"2014-12-16T10:43:44","date_gmt":"2014-12-16T06:43:44","guid":{"rendered":"http:\/\/college-lechaudron.ac-reunion.fr\/?page_id=1808"},"modified":"2015-02-03T14:25:51","modified_gmt":"2015-02-03T10:25:51","slug":"les-2-commissions-du-conseil","status":"publish","type":"page","link":"https:\/\/etab.ac-reunion.fr\/clg-elie-wiesel\/les-2-commissions-du-conseil\/","title":{"rendered":"Les 2 commissions du conseil"},"content":{"rendered":"<h3 style=\"text-align: center\">COMPTE RENDU DE LA R\u00c9UNION\u00a0 DU 01 D\u00c9CEMBRE 2014<\/h3>\n<p>&nbsp;<\/p>\n<p><strong>Groupe 1\u00a0: Axe 1\u00a0: Ma\u00eetrise de la langue fran\u00e7aise, projet entre les lignes.<\/strong><\/p>\n<p>Participants\u00a0:<\/p>\n<ul>\n<li>3 professeurs de l\u2019\u00e9cole M. Debr\u00e9\u00a0: Mme REBECA &#8211; Mme INFANTE &#8211; MR NATIVEL<\/li>\n<li>1 professeur de l\u2019\u00e9cole BOSSARD\u00a0: Mr Marchand<\/li>\n<li>2 professeurs de coll\u00e8ge (fran\u00e7ais et technologie)\u00a0: Mme Delamotte, M. Evan<\/li>\n<\/ul>\n<p>\u261e D\u00e9cisions des membres\u00a0:<\/p>\n<ul>\n<li style=\"text-align: justify\">Mettre en place Fluence d\u00e8s le cycle 2 avec un bilan en milieu de parcours.<\/li>\n<li style=\"text-align: justify\">Mettre en application TACIT pour les CM1 au sein du coll\u00e8ge dans la salle informatique sur proposition du professeur de TECHNOLOGIE. A raison de deux cr\u00e9neaux d\u2019une heure par semaine pour Michel DEBR\u00c9 et JB BOSSARD.<\/li>\n<li style=\"text-align: justify\">Le but est double, permettre aux \u00e9l\u00e8ves d\u2019utiliser l\u2019outil TACIT et accompagner les enseignants dans l\u2019appropriation et la ma\u00eetrise de l\u2019outil.<\/li>\n<\/ul>\n<p>&nbsp;<\/p>\n<p><strong>Groupe 2\u00a0: Axe 2\u00a0: \u00c9change de pratique \u00e9cole\/coll\u00e8ge<\/strong><\/p>\n<p>&nbsp;<\/p>\n<p>Participants\u00a0:<\/p>\n<ul>\n<li>\u00a01 professeur de l\u2019\u00e9cole BOSSARD\u00a0: \u00a0Mme Damour<\/li>\n<li>1 professeur de l\u2019\u00e9cole M. Debr\u00e9\u00a0 Mr k\/BIDI<\/li>\n<li>3 professeurs de coll\u00e8ge ( Anglais, sciences, math\u00e9matiques)\u00a0:<\/li>\n<li>Giordan, M. Minarro\u00a0; Mme Grondin<\/li>\n<\/ul>\n<p>\u261e D\u00e9cisions des membres\u00a0:<\/p>\n<ul>\n<li style=\"text-align: justify\">Un travail de groupe sur la t\u00e2che complexe en sciences a \u00e9t\u00e9 propos\u00e9 (lecture de tableau).\u00a0Chaque coll\u00e8gue devra pr\u00e9parer une fiche p\u00e9dagogique qu\u2019il \u00e9changera avec les autres par mail. Dans un premier temps, chacun dans sa classe testera le travail propos\u00e9 en groupe. Ensuite discussion entre professeurs sur les probl\u00e8mes rencontr\u00e9s. Am\u00e9lioration de la d\u00e9marche et mise en application en classe.<\/li>\n<\/ul>\n","protected":false},"excerpt":{"rendered":"<p>COMPTE RENDU DE LA R\u00c9UNION\u00a0 DU 01 D\u00c9CEMBRE 2014 &nbsp; Groupe 1\u00a0: Axe 1\u00a0: Ma\u00eetrise de la langue fran\u00e7aise, projet entre les lignes. Participants\u00a0: 3 professeurs de l\u2019\u00e9cole M. Debr\u00e9\u00a0: Mme REBECA &#8211; Mme INFANTE &#8211; MR NATIVEL 1 professeur de l\u2019\u00e9cole BOSSARD\u00a0: Mr Marchand 2 professeurs de coll\u00e8ge (fran\u00e7ais et technologie)\u00a0: Mme Delamotte, M. [&hellip;]<\/p>\n","protected":false},"author":64,"featured_media":0,"parent":0,"menu_order":0,"comment_status":"closed","ping_status":"open","template":"","meta":{"footnotes":"","_links_to":"","_links_to_target":""},"class_list":["post-1808","page","type-page","status-publish","hentry"],"_links":{"self":[{"href":"https:\/\/etab.ac-reunion.fr\/clg-elie-wiesel\/wp-json\/wp\/v2\/pages\/1808","targetHints":{"allow":["GET"]}}],"collection":[{"href":"https:\/\/etab.ac-reunion.fr\/clg-elie-wiesel\/wp-json\/wp\/v2\/pages"}],"about":[{"href":"https:\/\/etab.ac-reunion.fr\/clg-elie-wiesel\/wp-json\/wp\/v2\/types\/page"}],"author":[{"embeddable":true,"href":"https:\/\/etab.ac-reunion.fr\/clg-elie-wiesel\/wp-json\/wp\/v2\/users\/64"}],"replies":[{"embeddable":true,"href":"https:\/\/etab.ac-reunion.fr\/clg-elie-wiesel\/wp-json\/wp\/v2\/comments?post=1808"}],"version-history":[{"count":5,"href":"https:\/\/etab.ac-reunion.fr\/clg-elie-wiesel\/wp-json\/wp\/v2\/pages\/1808\/revisions"}],"predecessor-version":[{"id":1970,"href":"https:\/\/etab.ac-reunion.fr\/clg-elie-wiesel\/wp-json\/wp\/v2\/pages\/1808\/revisions\/1970"}],"wp:attachment":[{"href":"https:\/\/etab.ac-reunion.fr\/clg-elie-wiesel\/wp-json\/wp\/v2\/media?parent=1808"}],"curies":[{"name":"wp","href":"https:\/\/api.w.org\/{rel}","templated":true}]}}