{"id":3196,"date":"2019-02-20T19:03:56","date_gmt":"2019-02-20T15:03:56","guid":{"rendered":"http:\/\/college-lechaudron.ac-reunion.fr\/?page_id=3196"},"modified":"2019-02-20T19:03:56","modified_gmt":"2019-02-20T15:03:56","slug":"pour-reussir-que-dois-je-faire","status":"publish","type":"page","link":"https:\/\/etab.ac-reunion.fr\/clg-elie-wiesel\/pour-reussir-que-dois-je-faire\/","title":{"rendered":"Pour r\u00e9ussir que dois-je faire?"},"content":{"rendered":"<p>Le programme Devoirs faits permet aux \u00e9l\u00e8ves volontaires de b\u00e9n\u00e9ficier, au sein du coll\u00e8ge, d&rsquo;une aide appropri\u00e9e pour effectuer le travail qui est attendu d&rsquo;eux.<\/p>\n","protected":false},"excerpt":{"rendered":"<p>Le programme Devoirs faits permet aux \u00e9l\u00e8ves volontaires de b\u00e9n\u00e9ficier, au sein du coll\u00e8ge, d&rsquo;une aide appropri\u00e9e pour effectuer le travail qui est attendu d&rsquo;eux.<\/p>\n","protected":false},"author":19455,"featured_media":0,"parent":0,"menu_order":0,"comment_status":"closed","ping_status":"closed","template":"","meta":{"footnotes":"","_links_to":"","_links_to_target":""},"class_list":["post-3196","page","type-page","status-publish","hentry"],"_links":{"self":[{"href":"https:\/\/etab.ac-reunion.fr\/clg-elie-wiesel\/wp-json\/wp\/v2\/pages\/3196","targetHints":{"allow":["GET"]}}],"collection":[{"href":"https:\/\/etab.ac-reunion.fr\/clg-elie-wiesel\/wp-json\/wp\/v2\/pages"}],"about":[{"href":"https:\/\/etab.ac-reunion.fr\/clg-elie-wiesel\/wp-json\/wp\/v2\/types\/page"}],"author":[{"embeddable":true,"href":"https:\/\/etab.ac-reunion.fr\/clg-elie-wiesel\/wp-json\/wp\/v2\/users\/19455"}],"replies":[{"embeddable":true,"href":"https:\/\/etab.ac-reunion.fr\/clg-elie-wiesel\/wp-json\/wp\/v2\/comments?post=3196"}],"version-history":[{"count":1,"href":"https:\/\/etab.ac-reunion.fr\/clg-elie-wiesel\/wp-json\/wp\/v2\/pages\/3196\/revisions"}],"predecessor-version":[{"id":3198,"href":"https:\/\/etab.ac-reunion.fr\/clg-elie-wiesel\/wp-json\/wp\/v2\/pages\/3196\/revisions\/3198"}],"wp:attachment":[{"href":"https:\/\/etab.ac-reunion.fr\/clg-elie-wiesel\/wp-json\/wp\/v2\/media?parent=3196"}],"curies":[{"name":"wp","href":"https:\/\/api.w.org\/{rel}","templated":true}]}}