{"id":3423,"date":"2019-04-12T09:38:52","date_gmt":"2019-04-12T05:38:52","guid":{"rendered":"http:\/\/college-lechaudron.ac-reunion.fr\/?page_id=3423"},"modified":"2024-10-08T08:30:59","modified_gmt":"2024-10-08T04:30:59","slug":"dnb","status":"publish","type":"page","link":"https:\/\/etab.ac-reunion.fr\/clg-elie-wiesel\/dnb\/","title":{"rendered":"DNB"},"content":{"rendered":"<p>Les \u00e9preuves \u00e9crites du dipl\u00f4me national du brevet communes \u00e0 tous les candidats auront lieu les\u00a0<strong>jeudi 26 et vendredi 27 juin 2025 pour la session normale.<\/strong><\/p>\n<p>Le dipl\u00f4me national du brevet \u00e9value les connaissances et les comp\u00e9tences acquises \u00e0 la fin du coll\u00e8ge. \u00c0 partir de la session 2018, il est r\u00e9\u00e9quilibr\u00e9 entre \u00e9valuation du socle (contr\u00f4le continu) et \u00e9preuves finales. Chaque discipline \u00e9valu\u00e9e fait l&rsquo;objet d&rsquo;une \u00e9preuve distincte, sauf en sciences (deux disciplines), et d&rsquo;une \u00e9preuve orale pour les candidats scolaires.<\/p>\n<h3 align=\"left\">Objectifs<\/h3>\n<p align=\"left\">D\u00e9livr\u00e9 par un jury, le brevet est un <b>dipl\u00f4me qui atteste les connaissances et comp\u00e9tences acquises en fin de coll\u00e8ge<\/b>.<\/p>\n<p align=\"left\">L&rsquo;attribution du brevet ne conditionne pas l&rsquo;acc\u00e8s \u00e0 une classe sup\u00e9rieure en fin de troisi\u00e8me.<\/p>\n<h3 align=\"left\">Quelles sont les \u00e9preuves du brevet\u00a0?<\/h3>\n<div class=\"encart \">\n<div class=\"encart_centre\">\n<div class=\"titre\">Le brevet en bref<\/div>\n<p><b>L&rsquo;\u00e9valuation du socle commun repr\u00e9sente 400 points.<\/b><\/p>\n<p>La ma\u00eetrise de chacune des huit composantes du socle commun est appr\u00e9ci\u00e9e lors du conseil de classe du 3e trimestre de la classe de 3e\u00a0:<\/p>\n<ul>\n<li>Ma\u00eetrise insuffisante (10 points)<\/li>\n<li>Ma\u00eetrise fragile (25 points)<\/li>\n<li>Ma\u00eetrise satisfaisante (40 points)<\/li>\n<li>Tr\u00e8s bonne ma\u00eetrise (50 points)<\/li>\n<\/ul>\n<p><b>Les \u00e9preuves de l&rsquo;examen repr\u00e9sentent 400 points.<\/b><\/p>\n<ul>\n<li>Sont \u00e9valu\u00e9s sur 100 points\u00a0:<br \/>\n&#8211; le fran\u00e7ais<br \/>\n&#8211; les math\u00e9matiques<\/li>\n<li>Sont \u00e9valu\u00e9es sur 50 points\u00a0:<br \/>\n&#8211; l&rsquo;histoire-g\u00e9rographie<br \/>\n&#8211; les sciences (physique-chimie, sciences de la vie et de la Terre, technologie)<\/li>\n<li>L\u2019\u00e9preuve orale est \u00e9valu\u00e9e sur 100 points<\/li>\n<\/ul>\n<p>Des points suppl\u00e9mentaires sont accord\u00e9s aux candidats ayant suivi un enseignement facultatif selon le niveau qu&rsquo;ils ont acquis \u00e0 la fin du cycle 4 au regard des objectifs d&rsquo;apprentissage de cet enseignement\u00a0:<\/p>\n<ul>\n<li>10 points si les objectifs d&rsquo;apprentissage du cycle sont atteints<\/li>\n<li>20 points si les objectifs d&rsquo;apprentissage du cycle sont d\u00e9pass\u00e9s<\/li>\n<\/ul>\n<p><b>L\u2019\u00e9l\u00e8ve est re\u00e7u s\u2019il cumule 400 points sur les 800.<\/b><\/p>\n<p><b><\/b>Selon le total des points obtenu, les \u00e9l\u00e8ves peuvent se voir attribuer des mentions\u00a0: \u00ab\u00a0assez bien\u00a0\u00bb, \u00ab\u00a0bien\u00a0\u00bb ou \u00ab\u00a0tr\u00e8s bien\u00a0\u00bb. Les mentions \u00ab\u00a0bien\u00a0\u00bb et \u00ab\u00a0tr\u00e8s bien\u00a0\u00bb permettent, sous certaines conditions, de b\u00e9n\u00e9ficier de bourses au m\u00e9rite. Il obtient la mention\u00a0:<\/p>\n<ul>\n<li><strong>assez bien<\/strong> s\u2019il cumule plus de 480 points<\/li>\n<li><strong>bien<\/strong> s\u2019il cumule plus de 560 points<\/li>\n<li><strong>tr\u00e8s bien<\/strong> s\u2019il cumule plus de 640 points<\/li>\n<\/ul>\n<p class=\"encart \">Pour les candidats scolaires, l&rsquo;obtention du dipl\u00f4me national du brevet (DNB) repose sur l&rsquo;\u00e9valuation du socle commun et cinq \u00e9preuves obligatoires pass\u00e9es en fin du cycle 4 (classe de troisi\u00e8me).<\/p>\n<h4>Une \u00e9preuve orale<\/h4>\n<p>L&rsquo;\u00e9preuve orale porte sur un projet men\u00e9 en histoire des arts ou dans le cadre d&rsquo;un EPI ou de l&rsquo;un des parcours \u00e9ducatifs\u00a0: elle permet notamment d&rsquo;\u00e9valuer la qualit\u00e9 de l&rsquo;expression orale.<\/p>\n<p>L&rsquo;\u00e9preuve orale peut se d\u00e9rouler selon deux modalit\u00e9s\u00a0:<b><br \/>\n<\/b><\/p>\n<ul>\n<li>soit, via un<b> entretien individuel <\/b>de 15 minutes (5 minutes d\u2019expos\u00e9 et 10 minutes d\u2019entretien).<\/li>\n<li>soit, via un<b> entretien collectif <\/b>de 25 minutes (10 minutes d\u2019expos\u00e9 et 15 minutes d\u2019entretien).<\/li>\n<\/ul>\n<p>Les candidats individuels ne passent pas d&rsquo;\u00e9preuve orale.<\/p>\n<h4>Quatre \u00e9preuves \u00e9crites<\/h4>\n<p>Les \u00e9preuves \u00e9crites portent sur\u00a0:<\/p>\n<ul>\n<li>le<strong> fran\u00e7ais<\/strong> (3h)\u00a0: \u00e0 partir d&rsquo;un extrait de texte litt\u00e9raire et \u00e9ventuellement d&rsquo;une image, \u00e9valuation des comp\u00e9tences linguistiques (grammaire &#8211; dont r\u00e9\u00e9criture-, lexique&#8230;) et des comp\u00e9tences de compr\u00e9hension et d&rsquo;interpr\u00e9tation + dict\u00e9e + r\u00e9daction<\/li>\n<li>les<strong> math\u00e9matiques<\/strong> (2h)\u00a0: exercices, dont certains assortis de tableaux ou de sch\u00e9mas, et dont un exercice d&rsquo;informatique<\/li>\n<li>l&rsquo;<strong>histoire et g\u00e9ographie<\/strong> (2h)\u00a0: analyse et compr\u00e9hension de documents + utilisation des rep\u00e8res historiques et g\u00e9ographiques + mobilisation des comp\u00e9tences de l&rsquo;enseignement moral et civique<\/li>\n<li>les<strong> sciences<\/strong> (1h) (2 disciplines sur les 3)\u00a0: physique-chimie, sciences de la vie et de la Terre, technologie<\/li>\n<\/ul>\n<h4>En option<\/h4>\n<p><b>Un enseignement facultatif\u00a0<\/b>(latin, grec, langues et cultures europ\u00e9ennes, langue et culture r\u00e9gionale, d\u00e9couverte professionnelle&#8230;) suivi par le candidat peut lui rapporter un bonus de 10 ou 20 points.<\/p>\n<p><strong>[Infographie] En 3e, un brevet \u00e9quilibr\u00e9 et clarifi\u00e9\u00a0<\/strong><\/p>\n<p><a href=\"https:\/\/etab.ac-reunion.fr\/clg-elie-wiesel\/dnb\/2017_dnb_infog\/\" rel=\"attachment wp-att-3490\"><img loading=\"lazy\" decoding=\"async\" class=\"aligncenter size-full wp-image-3490\" src=\"https:\/\/etab.ac-reunion.fr\/clg-elie-wiesel\/wp-content\/uploads\/sites\/20\/2019\/04\/presentation-brevet.jpg\" alt=\"\" width=\"740\" height=\"4035\" srcset=\"https:\/\/etab.ac-reunion.fr\/clg-elie-wiesel\/wp-content\/uploads\/sites\/20\/2019\/04\/presentation-brevet.jpg 740w, https:\/\/etab.ac-reunion.fr\/clg-elie-wiesel\/wp-content\/uploads\/sites\/20\/2019\/04\/presentation-brevet-55x300.jpg 55w, https:\/\/etab.ac-reunion.fr\/clg-elie-wiesel\/wp-content\/uploads\/sites\/20\/2019\/04\/presentation-brevet-188x1024.jpg 188w\" sizes=\"auto, (max-width: 740px) 100vw, 740px\" \/><\/a><\/p>\n<\/div>\n<\/div>\n","protected":false},"excerpt":{"rendered":"<p>Les \u00e9preuves \u00e9crites du dipl\u00f4me national du brevet communes \u00e0 tous les candidats auront lieu les\u00a0jeudi 26 et vendredi 27 juin 2025 pour la session normale. Le dipl\u00f4me national du brevet \u00e9value les connaissances et les comp\u00e9tences acquises \u00e0 la fin du coll\u00e8ge. \u00c0 partir de la session 2018, il est r\u00e9\u00e9quilibr\u00e9 entre \u00e9valuation du [&hellip;]<\/p>\n","protected":false},"author":19455,"featured_media":0,"parent":0,"menu_order":0,"comment_status":"closed","ping_status":"closed","template":"page-blog.php","meta":{"footnotes":"","_links_to":"","_links_to_target":""},"class_list":["post-3423","page","type-page","status-publish","hentry"],"_links":{"self":[{"href":"https:\/\/etab.ac-reunion.fr\/clg-elie-wiesel\/wp-json\/wp\/v2\/pages\/3423","targetHints":{"allow":["GET"]}}],"collection":[{"href":"https:\/\/etab.ac-reunion.fr\/clg-elie-wiesel\/wp-json\/wp\/v2\/pages"}],"about":[{"href":"https:\/\/etab.ac-reunion.fr\/clg-elie-wiesel\/wp-json\/wp\/v2\/types\/page"}],"author":[{"embeddable":true,"href":"https:\/\/etab.ac-reunion.fr\/clg-elie-wiesel\/wp-json\/wp\/v2\/users\/19455"}],"replies":[{"embeddable":true,"href":"https:\/\/etab.ac-reunion.fr\/clg-elie-wiesel\/wp-json\/wp\/v2\/comments?post=3423"}],"version-history":[{"count":6,"href":"https:\/\/etab.ac-reunion.fr\/clg-elie-wiesel\/wp-json\/wp\/v2\/pages\/3423\/revisions"}],"predecessor-version":[{"id":6742,"href":"https:\/\/etab.ac-reunion.fr\/clg-elie-wiesel\/wp-json\/wp\/v2\/pages\/3423\/revisions\/6742"}],"wp:attachment":[{"href":"https:\/\/etab.ac-reunion.fr\/clg-elie-wiesel\/wp-json\/wp\/v2\/media?parent=3423"}],"curies":[{"name":"wp","href":"https:\/\/api.w.org\/{rel}","templated":true}]}}