{"id":3425,"date":"2019-04-12T09:39:01","date_gmt":"2019-04-12T05:39:01","guid":{"rendered":"http:\/\/college-lechaudron.ac-reunion.fr\/?page_id=3425"},"modified":"2019-04-12T22:20:05","modified_gmt":"2019-04-12T18:20:05","slug":"cfg","status":"publish","type":"page","link":"https:\/\/etab.ac-reunion.fr\/clg-elie-wiesel\/cfg\/","title":{"rendered":"CFG"},"content":{"rendered":"<div id=\"chapo\">\n<p>Le certificat de formation g\u00e9n\u00e9rale (C.F.G.) valide des acquis dans des domaines de connaissances g\u00e9n\u00e9rales, notamment pour les \u00e9l\u00e8ves des enseignements g\u00e9n\u00e9raux et professionnels adapt\u00e9s et de troisi\u00e8me d&rsquo;insertion.<\/p>\n<\/div>\n<div id=\"principal\">\n<h3><a name=\"Qui peut se pr\u00e9senter au certificat de formation g\u00e9n\u00e9rale\u00a0?\"><\/a>Qui peut se pr\u00e9senter au certificat de formation g\u00e9n\u00e9rale\u00a0?<\/h3>\n<ul>\n<li>les \u00e9l\u00e8ves dans leur derni\u00e8re ann\u00e9e de scolarit\u00e9 obligatoire<\/li>\n<li>les adultes<\/li>\n<\/ul>\n<p>Sont plus particuli\u00e8rement concern\u00e9s\u00a0:<\/p>\n<ul>\n<li>les \u00e9l\u00e8ves de troisi\u00e8me d&rsquo;insertion et de troisi\u00e8me des enseignements g\u00e9n\u00e9raux et professionnels adapt\u00e9s (SEGPA de coll\u00e8ge et EREA)<\/li>\n<li>les jeunes ou adultes ayant suivi une action de formation en alternance dans un dispositif d&rsquo;insertion sociale et professionnelle ou une formation continue<\/li>\n<\/ul>\n<h3><a name=\"Quelles connaissances sont valid\u00e9es\u00a0?\"><\/a>Quelles connaissances sont valid\u00e9es\u00a0?<\/h3>\n<p>Le certificat de formation g\u00e9n\u00e9rale garantit l&rsquo;acquisition de connaissances de base dans trois domaines g\u00e9n\u00e9raux de formation\u00a0: fran\u00e7ais, math\u00e9matiques, vie sociale et professionnelle.<\/p>\n<h3><a name=\"Comment est attribu\u00e9 le dipl\u00f4me\u00a0?\"><\/a>Comment est attribu\u00e9 le dipl\u00f4me\u00a0?<\/h3>\n<p><strong>Les \u00e9l\u00e8ves de troisi\u00e8me d&rsquo;insertion et de quatri\u00e8me ann\u00e9e des SEGPA et des EREA\u00a0<\/strong> passent\u00a0:<\/p>\n<ul>\n<li>un contr\u00f4le en cours de formation en fran\u00e7ais et math\u00e9matiques<\/li>\n<li>une \u00e9preuve orale de 20 minutes\u00a0: un entretien \u00e0 partir du dossier \u00e9labor\u00e9 \u00e0 l&rsquo;issue du stage en entreprise et \u00e9ventuellement d&rsquo;un dossier facultatif<\/li>\n<\/ul>\n<p><strong>Les jeunes et adultes ayant \u00e9t\u00e9 form\u00e9s en alternance<\/strong> passent un entretien de 30 minutes \u00e0 partir du dossier \u00e9labor\u00e9 au cours de la formation<\/p>\n<p><strong>Les candidats individuels<\/strong> passent\u00a0:<\/p>\n<ul>\n<li>deux \u00e9preuves \u00e9crites d\u2019une heure en fran\u00e7ais et math\u00e9matiques<\/li>\n<li>une \u00e9preuve orale de 20 minutes<\/li>\n<\/ul>\n<h3><a name=\"Comment est organis\u00e9 l\u2019examen\u00a0?\"><\/a>Comment est organis\u00e9 l\u2019examen\u00a0?<\/h3>\n<p>Les inspecteurs d&rsquo;acad\u00e9mie\u00a0:<\/p>\n<ul>\n<li>enregistrent les candidatures<\/li>\n<li>fixent les dates des sessions<\/li>\n<li>organisent l&rsquo;examen<\/li>\n<li>d\u00e9livrent les dipl\u00f4mes<\/li>\n<\/ul>\n<p>&nbsp;<\/p>\n<\/div>\n","protected":false},"excerpt":{"rendered":"<p>Le certificat de formation g\u00e9n\u00e9rale (C.F.G.) valide des acquis dans des domaines de connaissances g\u00e9n\u00e9rales, notamment pour les \u00e9l\u00e8ves des enseignements g\u00e9n\u00e9raux et professionnels adapt\u00e9s et de troisi\u00e8me d&rsquo;insertion. Qui peut se pr\u00e9senter au certificat de formation g\u00e9n\u00e9rale\u00a0? les \u00e9l\u00e8ves dans leur derni\u00e8re ann\u00e9e de scolarit\u00e9 obligatoire les adultes Sont plus particuli\u00e8rement concern\u00e9s\u00a0: les \u00e9l\u00e8ves [&hellip;]<\/p>\n","protected":false},"author":19455,"featured_media":0,"parent":0,"menu_order":0,"comment_status":"closed","ping_status":"closed","template":"page-blog.php","meta":{"footnotes":"","_links_to":"","_links_to_target":""},"class_list":["post-3425","page","type-page","status-publish","hentry"],"_links":{"self":[{"href":"https:\/\/etab.ac-reunion.fr\/clg-elie-wiesel\/wp-json\/wp\/v2\/pages\/3425","targetHints":{"allow":["GET"]}}],"collection":[{"href":"https:\/\/etab.ac-reunion.fr\/clg-elie-wiesel\/wp-json\/wp\/v2\/pages"}],"about":[{"href":"https:\/\/etab.ac-reunion.fr\/clg-elie-wiesel\/wp-json\/wp\/v2\/types\/page"}],"author":[{"embeddable":true,"href":"https:\/\/etab.ac-reunion.fr\/clg-elie-wiesel\/wp-json\/wp\/v2\/users\/19455"}],"replies":[{"embeddable":true,"href":"https:\/\/etab.ac-reunion.fr\/clg-elie-wiesel\/wp-json\/wp\/v2\/comments?post=3425"}],"version-history":[{"count":3,"href":"https:\/\/etab.ac-reunion.fr\/clg-elie-wiesel\/wp-json\/wp\/v2\/pages\/3425\/revisions"}],"predecessor-version":[{"id":3497,"href":"https:\/\/etab.ac-reunion.fr\/clg-elie-wiesel\/wp-json\/wp\/v2\/pages\/3425\/revisions\/3497"}],"wp:attachment":[{"href":"https:\/\/etab.ac-reunion.fr\/clg-elie-wiesel\/wp-json\/wp\/v2\/media?parent=3425"}],"curies":[{"name":"wp","href":"https:\/\/api.w.org\/{rel}","templated":true}]}}