{"id":3429,"date":"2019-04-12T09:39:39","date_gmt":"2019-04-12T05:39:39","guid":{"rendered":"http:\/\/college-lechaudron.ac-reunion.fr\/?page_id=3429"},"modified":"2019-04-12T22:35:03","modified_gmt":"2019-04-12T18:35:03","slug":"savoir-nager","status":"publish","type":"page","link":"https:\/\/etab.ac-reunion.fr\/clg-elie-wiesel\/savoir-nager\/","title":{"rendered":"Savoir nager"},"content":{"rendered":"<p>Le savoir-nager correspond \u00e0 une ma\u00eetrise du milieu aquatique. Il reconna\u00eet la comp\u00e9tence \u00e0 nager en s\u00e9curit\u00e9, dans un \u00e9tablissement de bains ou un espace surveill\u00e9 (piscine, parc aquatique, plan d&rsquo;eau calme \u00e0 pente douce). Il ne doit pas \u00eatre confondu avec les activit\u00e9s de la natation fix\u00e9es par les programmes d&rsquo;enseignement.<\/p>\n<p>Son acquisition est un objectif des classes de CM1, CM2 et sixi\u00e8me (qui constitueront le cycle de consolidation \u00e0 compter de la rentr\u00e9e 2016). Le cas \u00e9ch\u00e9ant, l&rsquo;attestation scolaire \u00ab savoir-nager \u00bb pourra \u00eatre d\u00e9livr\u00e9e ult\u00e9rieurement.<\/p>\n<p>Sa ma\u00eetrise permet d&rsquo;acc\u00e9der \u00e0 toute activit\u00e9 aquatique ou nautique susceptible d&rsquo;\u00eatre programm\u00e9e dans le cadre des enseignements obligatoires ou d&rsquo;activit\u00e9s optionnelles en EPS, ou \u00e0 l&rsquo;ext\u00e9rieur de l&rsquo;\u00e9cole, notamment pour la pratique des activit\u00e9s sportives mentionn\u00e9es aux articles A. 322\u201142 et A.\u00a0322\u201164 du <a title=\"Le site L\u00e9gifrance\" href=\"http:\/\/www.legifrance.gouv.fr\/affichCode.do?cidTexte=LEGITEXT000006071318\" target=\"_blank\" rel=\"noopener noreferrer\">code du sport<\/a>.<\/p>\n<p>Il est d\u00e9fini comme suit\u00a0:<\/p>\n<p>Parcours \u00e0 r\u00e9aliser en continuit\u00e9, sans reprise d&rsquo;appuis au bord du bassin et sans lunettes\u00a0:<\/p>\n<p>&#8211; \u00e0 partir du bord de la piscine, entrer dans l&rsquo;eau en chute arri\u00e8re\u00a0;<\/p>\n<p>&#8211; se d\u00e9placer sur une distance de 3,5 m\u00e8tres en direction d&rsquo;un obstacle\u00a0;<\/p>\n<p>&#8211; franchir en immersion compl\u00e8te l&rsquo;obstacle sur une distance de 1,5 m\u00e8tre\u00a0;<\/p>\n<p>&#8211; se d\u00e9placer sur le ventre sur une distance de 15 m\u00e8tres\u00a0;<\/p>\n<p>&#8211; au cours de ce d\u00e9placement, au signal sonore, r\u00e9aliser un surplace vertical pendant 15\u00a0secondes puis reprendre le d\u00e9placement pour terminer la distance des 15\u00a0m\u00e8tres\u00a0;<\/p>\n<p>&#8211; faire demi-tour sans reprise d&rsquo;appuis et passer d&rsquo;une position ventrale \u00e0 une position dorsale\u00a0;<\/p>\n<p>&#8211; se d\u00e9placer sur le dos sur une distance de 15\u00a0m\u00e8tres\u00a0;<\/p>\n<p>&#8211; au cours de ce d\u00e9placement, au signal sonore r\u00e9aliser un surplace en position horizontale dorsale pendant 15\u00a0secondes, puis reprendre le d\u00e9placement pour terminer la distance des 15\u00a0m\u00e8tres\u00a0;<\/p>\n<p>&#8211; se retourner sur le ventre pour franchir \u00e0 nouveau l&rsquo;obstacle en immersion compl\u00e8te\u00a0;<\/p>\n<p>&#8211; se d\u00e9placer sur le ventre pour revenir au point de d\u00e9part.<\/p>\n<p>Connaissances et attitudes\u00a0:<\/p>\n<p>&#8211; Savoir identifier la personne responsable de la surveillance \u00e0 alerter en cas de probl\u00e8me\u00a0;<\/p>\n<p>&#8211; conna\u00eetre les r\u00e8gles de base li\u00e9es \u00e0 l&rsquo;hygi\u00e8ne et la s\u00e9curit\u00e9 dans un \u00e9tablissement de bains ou un espace surveill\u00e9\u00a0;<\/p>\n<p>&#8211; savoir identifier les environnements et les circonstances pour lesquels la ma\u00eetrise du savoir-nager est adapt\u00e9e.<\/p>\n<div class=\"su-document su-u-responsive-media-yes\"><iframe loading=\"lazy\" src=\"\/\/docs.google.com\/viewer?embedded=true&url=https:\/\/etab.ac-reunion.fr\/clg-elie-wiesel\/wp-content\/uploads\/sites\/20\/2019\/04\/modele-attestation-savoir-nager.pdf\" width=\"600\" height=\"400\" class=\"su-document\" title=\"\"><\/iframe><\/div>\n<p>&nbsp;<\/p>\n","protected":false},"excerpt":{"rendered":"<p>Le savoir-nager correspond \u00e0 une ma\u00eetrise du milieu aquatique. Il reconna\u00eet la comp\u00e9tence \u00e0 nager en s\u00e9curit\u00e9, dans un \u00e9tablissement de bains ou un espace surveill\u00e9 (piscine, parc aquatique, plan d&rsquo;eau calme \u00e0 pente douce). Il ne doit pas \u00eatre confondu avec les activit\u00e9s de la natation fix\u00e9es par les programmes d&rsquo;enseignement. Son acquisition est [&hellip;]<\/p>\n","protected":false},"author":19455,"featured_media":0,"parent":0,"menu_order":0,"comment_status":"closed","ping_status":"closed","template":"","meta":{"footnotes":"","_links_to":"","_links_to_target":""},"class_list":["post-3429","page","type-page","status-publish","hentry"],"_links":{"self":[{"href":"https:\/\/etab.ac-reunion.fr\/clg-elie-wiesel\/wp-json\/wp\/v2\/pages\/3429","targetHints":{"allow":["GET"]}}],"collection":[{"href":"https:\/\/etab.ac-reunion.fr\/clg-elie-wiesel\/wp-json\/wp\/v2\/pages"}],"about":[{"href":"https:\/\/etab.ac-reunion.fr\/clg-elie-wiesel\/wp-json\/wp\/v2\/types\/page"}],"author":[{"embeddable":true,"href":"https:\/\/etab.ac-reunion.fr\/clg-elie-wiesel\/wp-json\/wp\/v2\/users\/19455"}],"replies":[{"embeddable":true,"href":"https:\/\/etab.ac-reunion.fr\/clg-elie-wiesel\/wp-json\/wp\/v2\/comments?post=3429"}],"version-history":[{"count":4,"href":"https:\/\/etab.ac-reunion.fr\/clg-elie-wiesel\/wp-json\/wp\/v2\/pages\/3429\/revisions"}],"predecessor-version":[{"id":3504,"href":"https:\/\/etab.ac-reunion.fr\/clg-elie-wiesel\/wp-json\/wp\/v2\/pages\/3429\/revisions\/3504"}],"wp:attachment":[{"href":"https:\/\/etab.ac-reunion.fr\/clg-elie-wiesel\/wp-json\/wp\/v2\/media?parent=3429"}],"curies":[{"name":"wp","href":"https:\/\/api.w.org\/{rel}","templated":true}]}}