{"id":3438,"date":"2019-04-12T09:46:27","date_gmt":"2019-04-12T05:46:27","guid":{"rendered":"http:\/\/college-lechaudron.ac-reunion.fr\/?page_id=3438"},"modified":"2020-09-30T21:12:57","modified_gmt":"2020-09-30T17:12:57","slug":"orientation","status":"publish","type":"page","link":"https:\/\/etab.ac-reunion.fr\/clg-elie-wiesel\/orientation\/","title":{"rendered":"Apr\u00e9s la 3eme"},"content":{"rendered":"<div id=\"chapo\">\n<p>Tout au long de la classe de 3e, l&rsquo;\u00e9l\u00e8ve pr\u00e9cise son projet personnel et se pr\u00e9pare \u00e0 une fili\u00e8re d&rsquo;\u00e9tudes. L&rsquo;ann\u00e9e est jalonn\u00e9e de moments forts pour l&rsquo;orientation en vue de la poursuite de la scolarit\u00e9 au lyc\u00e9e\u00a0: entretien personnalis\u00e9 avec le professeur principal, choix d&rsquo;une voie d&rsquo;orientation et v\u0153ux d&rsquo;affectation dans un \u00e9tablissement scolaire, inscription en lyc\u00e9e.<\/p>\n<\/div>\n<div id=\"principal\">\n<div id=\"toc\"><b>\u00a0<a title=\"1\u00e8re \u00e9tape\u00a0: r\u00e9fl\u00e9chir \u00e0 son projet d'orientation\" href=\"https:\/\/www.education.gouv.fr\/cid23858\/le-calendrier-de-l-orientation-en-troisieme.html#1\u00e8re_\u00e9tape\u00a0: r\u00e9fl\u00e9chir \u00e0 son projet d'orientation\">1\u00e8re \u00e9tape\u00a0: r\u00e9fl\u00e9chir \u00e0 son projet d&rsquo;orientation<\/a><\/b><br \/>\nOctobre &#8211; novembre\u00a0: le temps de la r\u00e9flexion<br \/>\nD\u00e9cembre &#8211; janvier\u00a0: le premier bilan scolaire<b><a title=\"# 2e \u00e9tape\u00a0: indiquer ses intentions provisoires\" href=\"https:\/\/www.education.gouv.fr\/cid23858\/le-calendrier-de-l-orientation-en-troisieme.html#2e_\u00e9tape\u00a0: indiquer ses intentions provisoires\">2e \u00e9tape\u00a0: indiquer ses intentions provisoires<\/a><\/b><\/p>\n<p>Janvier &#8211; f\u00e9vrier\u00a0: les demandes provisoires d\u2019orientation<br \/>\nMars\u00a0: la proposition provisoire du conseil de classe<\/p>\n<p><b><a title=\"3e \u00e9tape\u00a0: faire ses demandes d'orientation et d'affectation\" href=\"https:\/\/www.education.gouv.fr\/cid23858\/le-calendrier-de-l-orientation-en-troisieme.html#3e_\u00e9tape\u00a0: faire ses demandes d'orientation et d'affectation\">3e \u00e9tape\u00a0: faire ses demandes d&rsquo;orientation et d&rsquo;affectation<\/a><\/b><\/p>\n<p>Mai\u00a0: le choix de l\u2019orientation et les demandes d&rsquo;affectation<br \/>\nJuin\u00a0: la d\u00e9cision d&rsquo;orientation et l&rsquo;affectation<br \/>\nFin juin &#8211; d\u00e9but juillet\u00a0: l&rsquo;inscription<\/p>\n<p><a href=\"https:\/\/etab.ac-reunion.fr\/clg-elie-wiesel\/orientation\/2017_college_orientation_infog_\/\" rel=\"attachment wp-att-3506\"><img loading=\"lazy\" decoding=\"async\" class=\"aligncenter size-full wp-image-3506\" src=\"https:\/\/etab.ac-reunion.fr\/clg-elie-wiesel\/wp-content\/uploads\/sites\/20\/2019\/04\/2017_college_orientation_infog_.jpg\" alt=\"\" width=\"740\" height=\"2158\" srcset=\"https:\/\/etab.ac-reunion.fr\/clg-elie-wiesel\/wp-content\/uploads\/sites\/20\/2019\/04\/2017_college_orientation_infog_.jpg 740w, https:\/\/etab.ac-reunion.fr\/clg-elie-wiesel\/wp-content\/uploads\/sites\/20\/2019\/04\/2017_college_orientation_infog_-103x300.jpg 103w, https:\/\/etab.ac-reunion.fr\/clg-elie-wiesel\/wp-content\/uploads\/sites\/20\/2019\/04\/2017_college_orientation_infog_-351x1024.jpg 351w\" sizes=\"auto, (max-width: 740px) 100vw, 740px\" \/><\/a><\/p>\n<p><strong>Adresse du site de l&rsquo;acad\u00e9mie de La R\u00e9union<\/strong>: https:\/\/www.ac-reunion.fr\/orientation-formation.html<\/p>\n<p>&nbsp;<\/p>\n<\/div>\n<\/div>\n","protected":false},"excerpt":{"rendered":"<p>Tout au long de la classe de 3e, l&rsquo;\u00e9l\u00e8ve pr\u00e9cise son projet personnel et se pr\u00e9pare \u00e0 une fili\u00e8re d&rsquo;\u00e9tudes. L&rsquo;ann\u00e9e est jalonn\u00e9e de moments forts pour l&rsquo;orientation en vue de la poursuite de la scolarit\u00e9 au lyc\u00e9e\u00a0: entretien personnalis\u00e9 avec le professeur principal, choix d&rsquo;une voie d&rsquo;orientation et v\u0153ux d&rsquo;affectation dans un \u00e9tablissement scolaire, [&hellip;]<\/p>\n","protected":false},"author":19455,"featured_media":0,"parent":0,"menu_order":0,"comment_status":"closed","ping_status":"closed","template":"page-blog.php","meta":{"footnotes":"","_links_to":"","_links_to_target":""},"class_list":["post-3438","page","type-page","status-publish","hentry"],"_links":{"self":[{"href":"https:\/\/etab.ac-reunion.fr\/clg-elie-wiesel\/wp-json\/wp\/v2\/pages\/3438","targetHints":{"allow":["GET"]}}],"collection":[{"href":"https:\/\/etab.ac-reunion.fr\/clg-elie-wiesel\/wp-json\/wp\/v2\/pages"}],"about":[{"href":"https:\/\/etab.ac-reunion.fr\/clg-elie-wiesel\/wp-json\/wp\/v2\/types\/page"}],"author":[{"embeddable":true,"href":"https:\/\/etab.ac-reunion.fr\/clg-elie-wiesel\/wp-json\/wp\/v2\/users\/19455"}],"replies":[{"embeddable":true,"href":"https:\/\/etab.ac-reunion.fr\/clg-elie-wiesel\/wp-json\/wp\/v2\/comments?post=3438"}],"version-history":[{"count":5,"href":"https:\/\/etab.ac-reunion.fr\/clg-elie-wiesel\/wp-json\/wp\/v2\/pages\/3438\/revisions"}],"predecessor-version":[{"id":4542,"href":"https:\/\/etab.ac-reunion.fr\/clg-elie-wiesel\/wp-json\/wp\/v2\/pages\/3438\/revisions\/4542"}],"wp:attachment":[{"href":"https:\/\/etab.ac-reunion.fr\/clg-elie-wiesel\/wp-json\/wp\/v2\/media?parent=3438"}],"curies":[{"name":"wp","href":"https:\/\/api.w.org\/{rel}","templated":true}]}}