{"id":4090,"date":"2020-04-06T16:11:41","date_gmt":"2020-04-06T12:11:41","guid":{"rendered":"http:\/\/college-lechaudron.ac-reunion.fr\/?page_id=4090"},"modified":"2020-04-06T16:11:41","modified_gmt":"2020-04-06T12:11:41","slug":"la-ressource-page","status":"publish","type":"page","link":"https:\/\/etab.ac-reunion.fr\/clg-elie-wiesel\/la-ressource-page\/","title":{"rendered":"La ressource \u00ab\u00a0Page\u00a0\u00bb"},"content":{"rendered":"<div class=\"iBk info\">\n<div class=\"iBk_co \">\n<div class=\"rBk \">\n<p>Pour diffuser du contenu p\u00e9dagogique dans Moodle on peut cr\u00e9er une Page dans laquelle on pourra saisir du texte et le mettre en forme, cr\u00e9er des tableaux, ins\u00e9rer des liens pour diriger les \u00e9l\u00e8ves vers des sites web, ins\u00e9rer des images mais aussi des vid\u00e9os et des ressources interactives comme le montre la vid\u00e9o ci-dessous.<\/p>\n<p>L&rsquo;avantage de la Page sur le fichier que l&rsquo;on d\u00e9pose est qu&rsquo;elle peut \u00eatre modifi\u00e9e directement dans l&rsquo;\u00e9diteur de texte tandis que le fichier doit \u00eatre modifi\u00e9 hors ligne puis red\u00e9pos\u00e9 \u00e0 nouveau dans le cours.<\/p>\n<\/div>\n<\/div>\n<\/div>\n<div class=\"su-youtube su-u-responsive-media-yes\"><iframe loading=\"lazy\" width=\"600\" height=\"400\" src=\"https:\/\/www.youtube.com\/embed\/RA_ab8jsZaM?autohide=2&amp;autoplay=1&amp;mute=0&amp;controls=1&amp;fs=1&amp;loop=1&amp;modestbranding=0&amp;playlist=RA_ab8jsZaM&amp;rel=0&amp;showinfo=1&amp;theme=dark&amp;wmode=&amp;playsinline=0\" frameborder=\"0\" allowfullscreen allow=\"autoplay; encrypted-media; picture-in-picture\" title=\"Pr\u00e9sentation de la ressource &#039;PAGE&#039;\"><\/iframe><\/div>\n","protected":false},"excerpt":{"rendered":"<p>Pour diffuser du contenu p\u00e9dagogique dans Moodle on peut cr\u00e9er une Page dans laquelle on pourra saisir du texte et le mettre en forme, cr\u00e9er des tableaux, ins\u00e9rer des liens pour diriger les \u00e9l\u00e8ves vers des sites web, ins\u00e9rer des images mais aussi des vid\u00e9os et des ressources interactives comme le montre la vid\u00e9o ci-dessous. [&hellip;]<\/p>\n","protected":false},"author":19455,"featured_media":0,"parent":0,"menu_order":0,"comment_status":"closed","ping_status":"closed","template":"","meta":{"footnotes":"","_links_to":"","_links_to_target":""},"class_list":["post-4090","page","type-page","status-publish","hentry"],"_links":{"self":[{"href":"https:\/\/etab.ac-reunion.fr\/clg-elie-wiesel\/wp-json\/wp\/v2\/pages\/4090","targetHints":{"allow":["GET"]}}],"collection":[{"href":"https:\/\/etab.ac-reunion.fr\/clg-elie-wiesel\/wp-json\/wp\/v2\/pages"}],"about":[{"href":"https:\/\/etab.ac-reunion.fr\/clg-elie-wiesel\/wp-json\/wp\/v2\/types\/page"}],"author":[{"embeddable":true,"href":"https:\/\/etab.ac-reunion.fr\/clg-elie-wiesel\/wp-json\/wp\/v2\/users\/19455"}],"replies":[{"embeddable":true,"href":"https:\/\/etab.ac-reunion.fr\/clg-elie-wiesel\/wp-json\/wp\/v2\/comments?post=4090"}],"version-history":[{"count":1,"href":"https:\/\/etab.ac-reunion.fr\/clg-elie-wiesel\/wp-json\/wp\/v2\/pages\/4090\/revisions"}],"predecessor-version":[{"id":4091,"href":"https:\/\/etab.ac-reunion.fr\/clg-elie-wiesel\/wp-json\/wp\/v2\/pages\/4090\/revisions\/4091"}],"wp:attachment":[{"href":"https:\/\/etab.ac-reunion.fr\/clg-elie-wiesel\/wp-json\/wp\/v2\/media?parent=4090"}],"curies":[{"name":"wp","href":"https:\/\/api.w.org\/{rel}","templated":true}]}}