{"id":4136,"date":"2020-04-06T19:31:47","date_gmt":"2020-04-06T15:31:47","guid":{"rendered":"http:\/\/college-lechaudron.ac-reunion.fr\/?page_id=4136"},"modified":"2020-04-06T19:31:47","modified_gmt":"2020-04-06T15:31:47","slug":"presentation-de-lactivite-test","status":"publish","type":"page","link":"https:\/\/etab.ac-reunion.fr\/clg-elie-wiesel\/presentation-de-lactivite-test\/","title":{"rendered":"Pr\u00e9sentation de l&rsquo;activit\u00e9 test"},"content":{"rendered":"<div class=\"su-document su-u-responsive-media-yes\"><iframe loading=\"lazy\" src=\"\/\/docs.google.com\/viewer?embedded=true&url=https:\/\/etab.ac-reunion.fr\/clg-elie-wiesel\/wp-content\/uploads\/sites\/20\/2020\/04\/Tutoriel-\u00e9l\u00e8ve-pr\u00e9sentation-de-lactivit\u00e9-TEST-de-cours-en-ligne.pdf\" width=\"600\" height=\"400\" class=\"su-document\" title=\"Tutoriel \u00e9l\u00e8ve pr\u00e9sentation de l&#039;activit\u00e9 test de cours en ligne\"><\/iframe><\/div>\n","protected":false},"excerpt":{"rendered":"","protected":false},"author":19455,"featured_media":0,"parent":0,"menu_order":0,"comment_status":"closed","ping_status":"closed","template":"","meta":{"footnotes":"","_links_to":"","_links_to_target":""},"class_list":["post-4136","page","type-page","status-publish","hentry"],"_links":{"self":[{"href":"https:\/\/etab.ac-reunion.fr\/clg-elie-wiesel\/wp-json\/wp\/v2\/pages\/4136","targetHints":{"allow":["GET"]}}],"collection":[{"href":"https:\/\/etab.ac-reunion.fr\/clg-elie-wiesel\/wp-json\/wp\/v2\/pages"}],"about":[{"href":"https:\/\/etab.ac-reunion.fr\/clg-elie-wiesel\/wp-json\/wp\/v2\/types\/page"}],"author":[{"embeddable":true,"href":"https:\/\/etab.ac-reunion.fr\/clg-elie-wiesel\/wp-json\/wp\/v2\/users\/19455"}],"replies":[{"embeddable":true,"href":"https:\/\/etab.ac-reunion.fr\/clg-elie-wiesel\/wp-json\/wp\/v2\/comments?post=4136"}],"version-history":[{"count":1,"href":"https:\/\/etab.ac-reunion.fr\/clg-elie-wiesel\/wp-json\/wp\/v2\/pages\/4136\/revisions"}],"predecessor-version":[{"id":4138,"href":"https:\/\/etab.ac-reunion.fr\/clg-elie-wiesel\/wp-json\/wp\/v2\/pages\/4136\/revisions\/4138"}],"wp:attachment":[{"href":"https:\/\/etab.ac-reunion.fr\/clg-elie-wiesel\/wp-json\/wp\/v2\/media?parent=4136"}],"curies":[{"name":"wp","href":"https:\/\/api.w.org\/{rel}","templated":true}]}}