{"id":4153,"date":"2020-04-07T12:54:12","date_gmt":"2020-04-07T08:54:12","guid":{"rendered":"http:\/\/college-lechaudron.ac-reunion.fr\/?page_id=4153"},"modified":"2020-04-20T13:51:36","modified_gmt":"2020-04-20T09:51:36","slug":"balado","status":"publish","type":"page","link":"https:\/\/etab.ac-reunion.fr\/clg-elie-wiesel\/balado\/","title":{"rendered":"BALADO"},"content":{"rendered":"<p>&nbsp;<\/p>\n<table>\n<tbody>\n<tr>\n<td width=\"307\">\n<h1 style=\"text-align: center\"><strong>ENSEIGNANT<\/strong><\/h1>\n<\/td>\n<td width=\"307\">\n<h1 style=\"text-align: center\"><strong>\u00c9L\u00c8VE<\/strong><\/h1>\n<\/td>\n<\/tr>\n<tr>\n<td width=\"307\">&nbsp;<\/p>\n<p style=\"text-align: center\"><div class=\"su-button-center\"><a href=\"http:\/\/infometice.ac-reunion.fr\/wordpress\/html\/balado_tutoriel\/#interface\" class=\"su-button su-button-style-3d\" style=\"color:#100000;background-color:#ece42c;border-color:#bdb724;border-radius:8px\" target=\"_blank\" rel=\"noopener noreferrer\"><span style=\"color:#100000;padding:0px 22px;font-size:17px;line-height:34px;border-color:#f2ed6c;border-radius:8px;text-shadow:none\"> Pr\u00e9sentation de l&rsquo;interface<\/span><\/a><\/div>\n<\/td>\n<td width=\"307\">&nbsp;<\/p>\n<p style=\"text-align: center\"><div class=\"su-button-center\"><a href=\"https:\/\/etab.ac-reunion.fr\/clg-elie-wiesel\/wp-content\/uploads\/sites\/20\/2020\/04\/tutoriel-balado-\u00e9l\u00e8ve.pdf\" class=\"su-button su-button-style-3d\" style=\"color:#100000;background-color:#ece42c;border-color:#bdb724;border-radius:8px\" target=\"_blank\" rel=\"noopener noreferrer\"><span style=\"color:#100000;padding:0px 22px;font-size:17px;line-height:34px;border-color:#f2ed6c;border-radius:8px;text-shadow:none\"> Comment utiliser BALADO?<\/span><\/a><\/div>\n<\/td>\n<\/tr>\n<tr>\n<td width=\"307\">&nbsp;<\/p>\n<p style=\"text-align: center\"><div class=\"su-button-center\"><a href=\"http:\/\/infometice.ac-reunion.fr\/wordpress\/html\/balado_tutoriel\/#classes\" class=\"su-button su-button-style-3d\" style=\"color:#100000;background-color:#ece42c;border-color:#bdb724;border-radius:8px\" target=\"_blank\" rel=\"noopener noreferrer\"><span style=\"color:#100000;padding:0px 22px;font-size:17px;line-height:34px;border-color:#f2ed6c;border-radius:8px;text-shadow:none\"> G\u00e9rer les \u00e9l\u00e8ves<\/span><\/a><\/div>\n<\/td>\n<td width=\"307\">&nbsp;<\/td>\n<\/tr>\n<tr>\n<td width=\"307\">&nbsp;<\/p>\n<p style=\"text-align: center\"><div class=\"su-button-center\"><a href=\"http:\/\/infometice.ac-reunion.fr\/wordpress\/html\/balado_tutoriel\/#activite\" class=\"su-button su-button-style-3d\" style=\"color:#100000;background-color:#ece42c;border-color:#bdb724;border-radius:8px\" target=\"_blank\" rel=\"noopener noreferrer\"><span style=\"color:#100000;padding:0px 22px;font-size:17px;line-height:34px;border-color:#f2ed6c;border-radius:8px;text-shadow:none\"> Cr\u00e9er des activit\u00e9s<\/span><\/a><\/div>\n<\/td>\n<td width=\"307\">&nbsp;<\/td>\n<\/tr>\n<tr>\n<td width=\"307\">&nbsp;<\/p>\n<p style=\"text-align: center\"><div class=\"su-button-center\"><a href=\"http:\/\/infometice.ac-reunion.fr\/wordpress\/html\/balado_tutoriel\/#enrichir\" class=\"su-button su-button-style-3d\" style=\"color:#100000;background-color:#ece42c;border-color:#bdb724;border-radius:8px\" target=\"_blank\" rel=\"noopener noreferrer\"><span style=\"color:#100000;padding:0px 22px;font-size:17px;line-height:34px;border-color:#f2ed6c;border-radius:8px;text-shadow:none\"> Enrichir la consigne<\/span><\/a><\/div>\n<\/td>\n<td width=\"307\">&nbsp;<\/td>\n<\/tr>\n<tr>\n<td width=\"307\">&nbsp;<\/p>\n<p style=\"text-align: center\"><div class=\"su-button-center\"><a href=\"http:\/\/infometice.ac-reunion.fr\/wordpress\/html\/balado_tutoriel\/#gerer_activite\" class=\"su-button su-button-style-3d\" style=\"color:#100000;background-color:#ece42c;border-color:#bdb724;border-radius:8px\" target=\"_blank\" rel=\"noopener noreferrer\"><span style=\"color:#100000;padding:0px 22px;font-size:17px;line-height:34px;border-color:#f2ed6c;border-radius:8px;text-shadow:none\"> G\u00e9rer les activit\u00e9s<\/span><\/a><\/div>\n<\/td>\n<td width=\"307\">&nbsp;<\/td>\n<\/tr>\n<tr>\n<td width=\"307\">&nbsp;<\/td>\n<td width=\"307\">&nbsp;<\/td>\n<\/tr>\n<tr>\n<td width=\"307\">&nbsp;<\/td>\n<td width=\"307\">&nbsp;<\/td>\n<\/tr>\n<tr>\n<td width=\"307\">&nbsp;<\/td>\n<td width=\"307\">&nbsp;<\/td>\n<\/tr>\n<tr>\n<td width=\"307\">&nbsp;<\/td>\n<td width=\"307\">&nbsp;<\/td>\n<\/tr>\n<\/tbody>\n<\/table>\n","protected":false},"excerpt":{"rendered":"<p>&nbsp; ENSEIGNANT \u00c9L\u00c8VE &nbsp; &nbsp; &nbsp; &nbsp; &nbsp; &nbsp; &nbsp; &nbsp; &nbsp; &nbsp; &nbsp; &nbsp; &nbsp; &nbsp; &nbsp; &nbsp; &nbsp; &nbsp;<\/p>\n","protected":false},"author":19455,"featured_media":0,"parent":0,"menu_order":0,"comment_status":"closed","ping_status":"closed","template":"","meta":{"footnotes":"","_links_to":"","_links_to_target":""},"class_list":["post-4153","page","type-page","status-publish","hentry"],"_links":{"self":[{"href":"https:\/\/etab.ac-reunion.fr\/clg-elie-wiesel\/wp-json\/wp\/v2\/pages\/4153","targetHints":{"allow":["GET"]}}],"collection":[{"href":"https:\/\/etab.ac-reunion.fr\/clg-elie-wiesel\/wp-json\/wp\/v2\/pages"}],"about":[{"href":"https:\/\/etab.ac-reunion.fr\/clg-elie-wiesel\/wp-json\/wp\/v2\/types\/page"}],"author":[{"embeddable":true,"href":"https:\/\/etab.ac-reunion.fr\/clg-elie-wiesel\/wp-json\/wp\/v2\/users\/19455"}],"replies":[{"embeddable":true,"href":"https:\/\/etab.ac-reunion.fr\/clg-elie-wiesel\/wp-json\/wp\/v2\/comments?post=4153"}],"version-history":[{"count":4,"href":"https:\/\/etab.ac-reunion.fr\/clg-elie-wiesel\/wp-json\/wp\/v2\/pages\/4153\/revisions"}],"predecessor-version":[{"id":4325,"href":"https:\/\/etab.ac-reunion.fr\/clg-elie-wiesel\/wp-json\/wp\/v2\/pages\/4153\/revisions\/4325"}],"wp:attachment":[{"href":"https:\/\/etab.ac-reunion.fr\/clg-elie-wiesel\/wp-json\/wp\/v2\/media?parent=4153"}],"curies":[{"name":"wp","href":"https:\/\/api.w.org\/{rel}","templated":true}]}}