{"id":4180,"date":"2020-04-09T15:59:41","date_gmt":"2020-04-09T11:59:41","guid":{"rendered":"http:\/\/college-lechaudron.ac-reunion.fr\/?page_id=4180"},"modified":"2020-04-09T15:59:41","modified_gmt":"2020-04-09T11:59:41","slug":"la-voie-generale-et-technologique","status":"publish","type":"page","link":"https:\/\/etab.ac-reunion.fr\/clg-elie-wiesel\/la-voie-generale-et-technologique\/","title":{"rendered":"La Voie G\u00e9n\u00e9rale et Technologique"},"content":{"rendered":"<p>Une r\u00e9forme des voies g\u00e9n\u00e9rale et technologique a \u00e9t\u00e9 engag\u00e9e depuis 2ans maintenant.Pour rappel: un unique bac g\u00e9n\u00e9ral remplace les anciennes s\u00e9ries Litt\u00e9raire, \u00c9conomie Socialeet Scientifique. Les Bac Technologiques sont maintenus avec quelques am\u00e9nagements desenseignements.<\/p>\n<ul>\n<li><span style=\"color: #ff00ff\"><strong>En 2nde G\u00e9n\u00e9rale et Technologique<\/strong><\/span><\/li>\n<\/ul>\n<p>Vos enfants auront des enseignements communs (mati\u00e8res obligatoires pour tous) et devront choisir au moment de l&rsquo;inscription en lyc\u00e9e des enseignements optionnels (1, 2 enseignements optionnels ou aucun)<\/p>\n<div id=\"attachment_4181\" style=\"width: 704px\" class=\"wp-caption aligncenter\"><img loading=\"lazy\" decoding=\"async\" aria-describedby=\"caption-attachment-4181\" class=\"wp-image-4181 size-full\" src=\"https:\/\/etab.ac-reunion.fr\/clg-elie-wiesel\/wp-content\/uploads\/sites\/20\/2020\/04\/Les-enseignements-2de-GT.png\" alt=\"\" width=\"694\" height=\"327\" srcset=\"https:\/\/etab.ac-reunion.fr\/clg-elie-wiesel\/wp-content\/uploads\/sites\/20\/2020\/04\/Les-enseignements-2de-GT.png 694w, https:\/\/etab.ac-reunion.fr\/clg-elie-wiesel\/wp-content\/uploads\/sites\/20\/2020\/04\/Les-enseignements-2de-GT-300x141.png 300w\" sizes=\"auto, (max-width: 694px) 100vw, 694px\" \/><p id=\"caption-attachment-4181\" class=\"wp-caption-text\">Les enseignements 2de GT<\/p><\/div>\n<p>Plus d&rsquo;informations cliquer sur le lien suivant et lire les pages 16-17\u00a0 du guide: <a href=\"https:\/\/fr.calameo.com\/read\/0000375475690c7f86ce7\" target=\"_blank\" rel=\"noopener noreferrer\">En classe de 3eme pr\u00e9parer son orientation<\/a><\/p>\n<ul>\n<li><span style=\"color: #ff00ff\"><strong>En 1\u00e8re et Terminale G\u00e9n\u00e9rale<\/strong><\/span><\/li>\n<\/ul>\n<p>A l&rsquo;issue de leur 2nde GT, si vos enfants choisissent la voie g\u00e9n\u00e9rale, ils devront se positionner sur des enseignements de sp\u00e9cialit\u00e9:<\/p>\n<p style=\"padding-left: 40px\"><strong><span style=\"color: #ff00ff\">En 1\u00e8re<\/span><\/strong>: 3 enseignements de sp\u00e9cialit\u00e9: 4H<\/p>\n<p style=\"padding-left: 40px\"><strong><span style=\"color: #ff00ff\">En terminale<\/span><\/strong>:2 enseignements de sp\u00e9cialit\u00e9: 6H<\/p>\n<p>Plus d&rsquo;informations cliquer sur le lien suivant et lire la pages 18\u00a0 du guide: <a href=\"https:\/\/fr.calameo.com\/read\/0000375475690c7f86ce7\" target=\"_blank\" rel=\"noopener noreferrer\">En classe de 3eme pr\u00e9parer son orientation \u00a0<\/a>ainsi que <a href=\"http:\/\/www.horizons21.fr\/\" target=\"_blank\" rel=\"noopener noreferrer\">HORIZON 2021<\/a><\/p>\n<ul>\n<li><strong><span style=\"color: #ff00ff\"> En 1\u00e8re et terminale technologique<\/span><\/strong><\/li>\n<\/ul>\n<p>A l&rsquo;issue de leur 2nde GT, si vos enfants choisissent la voie technologique, ils devront se positionner sur une sp\u00e9cialit\u00e9 de bac technologique dont voici la liste:<\/p>\n<p style=\"padding-left: 40px\"><a href=\"http:\/\/www.onisep.fr\/Choisir-mes-etudes\/Au-lycee-au-CFA\/Au-lycee-general-et-technologique\/Les-bacs-technologiques-terminales-2019-2020\/Le-bac-STI2D-sciences-et-technologies-de-l-industrie-et-du-developpement-durable\" target=\"_blank\" rel=\"noopener noreferrer\"><span style=\"color: #0000ff\"><strong>Sciences et Technologie Industrielle D\u00e9veloppement Durable (STI2D)<\/strong><\/span><\/a><\/p>\n<p style=\"padding-left: 40px\"><a href=\"http:\/\/www.onisep.fr\/Choisir-mes-etudes\/Au-lycee-au-CFA\/Au-lycee-general-et-technologique\/Les-bacs-technologiques-terminales-2019-2020\/Le-bac-STMG-sciences-et-technologies-du-management-et-de-la-gestion\" target=\"_blank\" rel=\"noopener noreferrer\"><span style=\"color: #0000ff\"><strong>Sciences et Technologie Management Gestion (STMG)<\/strong><\/span><\/a><\/p>\n<p style=\"padding-left: 40px\"><a href=\"http:\/\/www.onisep.fr\/Choisir-mes-etudes\/Au-lycee-au-CFA\/Au-lycee-general-et-technologique\/Les-bacs-technologiques-terminales-2019-2020\/Le-bac-STL-sciences-et-technologies-de-laboratoire\" target=\"_blank\" rel=\"noopener noreferrer\"><span style=\"color: #0000ff\"><strong>Sciences et Technologie de Laboratoire (STL)<\/strong><\/span><\/a><\/p>\n<p style=\"padding-left: 40px\"><a href=\"http:\/\/www.onisep.fr\/Ressources\/Univers-Formation\/Formations\/Lycees\/Bac-techno-STD2A-sciences-et-technologies-du-design-et-des-arts-appliques\" target=\"_blank\" rel=\"noopener noreferrer\"><span style=\"color: #0000ff\"><strong>Sciences et Technologie Design et Arts Appliqu\u00e9s (STD2A)<\/strong><\/span><\/a><\/p>\n<p style=\"padding-left: 40px\"><span style=\"color: #0000ff\"><strong><a href=\"http:\/\/www.onisep.fr\/Choisir-mes-etudes\/Au-lycee-au-CFA\/Au-lycee-general-et-technologique\/Les-bacs-technologiques-terminales-2019-2020\/Le-bac-STAV-sciences-et-technologies-de-l-agronomie-et-du-vivant\" target=\"_blank\" rel=\"noopener noreferrer\">Sciences et Technologie Agronomie et Vivant (STAV<\/a>)<\/strong><\/span><\/p>\n<p style=\"padding-left: 40px\"><a href=\"http:\/\/www.onisep.fr\/Ressources\/Univers-Formation\/Formations\/Lycees\/Bac-techno-ST2S-sciences-et-technologies-de-la-sante-et-du-social\" target=\"_blank\" rel=\"noopener noreferrer\"><span style=\"color: #0000ff\"><strong>Sciences et Technologie Sant\u00e9 Sociale (ST2S)<\/strong><\/span><\/a><\/p>\n<p>Plus d&rsquo;informations cliquer sur le lien suivant et lire la pages 19\u00a0 du guide: <a href=\"https:\/\/fr.calameo.com\/read\/0000375475690c7f86ce7\" target=\"_blank\" rel=\"noopener noreferrer\">En classe de 3eme pr\u00e9parer son orientation \u00a0<\/a><\/p>\n","protected":false},"excerpt":{"rendered":"<p>Une r\u00e9forme des voies g\u00e9n\u00e9rale et technologique a \u00e9t\u00e9 engag\u00e9e depuis 2ans maintenant.Pour rappel: un unique bac g\u00e9n\u00e9ral remplace les anciennes s\u00e9ries Litt\u00e9raire, \u00c9conomie Socialeet Scientifique. Les Bac Technologiques sont maintenus avec quelques am\u00e9nagements desenseignements. En 2nde G\u00e9n\u00e9rale et Technologique Vos enfants auront des enseignements communs (mati\u00e8res obligatoires pour tous) et devront choisir au moment [&hellip;]<\/p>\n","protected":false},"author":19455,"featured_media":0,"parent":0,"menu_order":0,"comment_status":"closed","ping_status":"closed","template":"","meta":{"footnotes":"","_links_to":"","_links_to_target":""},"class_list":["post-4180","page","type-page","status-publish","hentry"],"_links":{"self":[{"href":"https:\/\/etab.ac-reunion.fr\/clg-elie-wiesel\/wp-json\/wp\/v2\/pages\/4180","targetHints":{"allow":["GET"]}}],"collection":[{"href":"https:\/\/etab.ac-reunion.fr\/clg-elie-wiesel\/wp-json\/wp\/v2\/pages"}],"about":[{"href":"https:\/\/etab.ac-reunion.fr\/clg-elie-wiesel\/wp-json\/wp\/v2\/types\/page"}],"author":[{"embeddable":true,"href":"https:\/\/etab.ac-reunion.fr\/clg-elie-wiesel\/wp-json\/wp\/v2\/users\/19455"}],"replies":[{"embeddable":true,"href":"https:\/\/etab.ac-reunion.fr\/clg-elie-wiesel\/wp-json\/wp\/v2\/comments?post=4180"}],"version-history":[{"count":5,"href":"https:\/\/etab.ac-reunion.fr\/clg-elie-wiesel\/wp-json\/wp\/v2\/pages\/4180\/revisions"}],"predecessor-version":[{"id":4186,"href":"https:\/\/etab.ac-reunion.fr\/clg-elie-wiesel\/wp-json\/wp\/v2\/pages\/4180\/revisions\/4186"}],"wp:attachment":[{"href":"https:\/\/etab.ac-reunion.fr\/clg-elie-wiesel\/wp-json\/wp\/v2\/media?parent=4180"}],"curies":[{"name":"wp","href":"https:\/\/api.w.org\/{rel}","templated":true}]}}