{"id":4190,"date":"2020-04-09T16:18:41","date_gmt":"2020-04-09T12:18:41","guid":{"rendered":"http:\/\/college-lechaudron.ac-reunion.fr\/?page_id=4190"},"modified":"2020-04-09T16:18:41","modified_gmt":"2020-04-09T12:18:41","slug":"la-voie-professionnelle","status":"publish","type":"page","link":"https:\/\/etab.ac-reunion.fr\/clg-elie-wiesel\/la-voie-professionnelle\/","title":{"rendered":"La voie professionnelle"},"content":{"rendered":"<p>Une r\u00e9forme de la voie professionnelle a \u00e9galement \u00e9t\u00e9 engag\u00e9e, afin notamment d\u2019autoriser une sp\u00e9cialisation plus progressive. Comme pr\u00e9c\u00e9demment, vos enfants pourront se positionner sur 2 dipl\u00f4mes professionnels:<\/p>\n<ul>\n<li><span style=\"color: #ff00ff\"><strong>Le certificat d&rsquo;Aptitude Professionnelle (CAP) dont l&rsquo;objectif est de se pr\u00e9parer \u00e0 un m\u00e9tier pr\u00e9cis et \u00e0 entrer dans la vie active.<\/strong><\/span><\/li>\n<\/ul>\n<p><strong><span style=\"color: #ff00ff\"> Nouveaut\u00e9 2020<\/span><\/strong>: certaines sp\u00e9cialit\u00e9s ont chang\u00e9 de noms. Exemple:<\/p>\n<p style=\"padding-left: 40px\"><span style=\"color: #0000ff\"><span style=\"color: #000000\"><a href=\"http:\/\/www.onisep.fr\/Ressources\/Univers-Formation\/Formations\/Lycees\/CAP-Equipier-polyvalent-du-commerce\" target=\"_blank\" rel=\"noopener noreferrer\">Le CAP \u00c9quipier polyvalent<\/a> du commerce remplace les CAP :<\/span> <\/span><\/p>\n<p style=\"padding-left: 80px\"><span style=\"color: #0000ff\">Employ\u00e9 de commerce multi-sp\u00e9cialit\u00e9s\u00a0 <\/span><\/p>\n<p style=\"padding-left: 80px\"><span style=\"color: #0000ff\">Employ\u00e9 de vente sp\u00e9cialis\u00e9 option A Produits alimentaires\u00a0 <\/span><\/p>\n<p style=\"padding-left: 80px\"><span style=\"color: #0000ff\">Employ\u00e9 de vente sp\u00e9cialis\u00e9 option B Produits d&rsquo;\u00e9quipement courant\u00a0 <\/span><\/p>\n<p style=\"padding-left: 80px\"><span style=\"color: #0000ff\">Employ\u00e9 de vente sp\u00e9cialis\u00e9 option C Services \u00e0 la client\u00e8le\u00a0 <\/span><\/p>\n<p style=\"padding-left: 80px\"><span style=\"color: #0000ff\">Employ\u00e9 de vente sp\u00e9cialis\u00e9 option D Produits de librairie-papeterie-presse <\/span><\/p>\n<p style=\"padding-left: 80px\"><span style=\"color: #0000ff\">Vendeur-magasinier en pi\u00e8ces de rechange et \u00e9quipements automobiles<\/span><\/p>\n<p>Pour plus d&rsquo;informations, cliquer sur lien suivant et lire la <strong>page 19<\/strong> du guide: <a href=\"https:\/\/fr.calameo.com\/read\/0000375475690c7f86ce7\" target=\"_blank\" rel=\"noopener noreferrer\">en classe de 3eme pr\u00e9parer son orientation<\/a><\/p>\n<ul>\n<li><span style=\"color: #ff00ff\"><strong>Le Bac Professionnel dont l&rsquo;objectif est de se pr\u00e9parer \u00e0 la vie active ou \u00e0 une poursuite d&rsquo;\u00e9tudes sup\u00e9rieures courtes.<\/strong><\/span><\/li>\n<\/ul>\n<p>Pour certaines sp\u00e9cialit\u00e9s, vos enfants devront se positionner sur une famille de m\u00e9tiers en 2nde Professionnelle puis devront choisir une sp\u00e9cialisation en 1\u00e8re et Terminale Professionnelle.<\/p>\n<p style=\"padding-left: 80px\">Exemple: Entr\u00e9e dans une famille de m\u00e9tiers par la 2nde Pro:<\/p>\n<div id=\"attachment_4193\" style=\"width: 310px\" class=\"wp-caption aligncenter\"><img loading=\"lazy\" decoding=\"async\" aria-describedby=\"caption-attachment-4193\" class=\"wp-image-4193 size-medium\" src=\"https:\/\/etab.ac-reunion.fr\/clg-elie-wiesel\/wp-content\/uploads\/sites\/20\/2020\/04\/Famille-de-m\u00e9tiers-de-la-relation-client-300x142.png\" alt=\"Famille de m\u00e9tiers de la relation client\" width=\"300\" height=\"142\" srcset=\"https:\/\/etab.ac-reunion.fr\/clg-elie-wiesel\/wp-content\/uploads\/sites\/20\/2020\/04\/Famille-de-m\u00e9tiers-de-la-relation-client-300x142.png 300w, https:\/\/etab.ac-reunion.fr\/clg-elie-wiesel\/wp-content\/uploads\/sites\/20\/2020\/04\/Famille-de-m\u00e9tiers-de-la-relation-client-768x365.png 768w, https:\/\/etab.ac-reunion.fr\/clg-elie-wiesel\/wp-content\/uploads\/sites\/20\/2020\/04\/Famille-de-m\u00e9tiers-de-la-relation-client.png 790w\" sizes=\"auto, (max-width: 300px) 100vw, 300px\" \/><p id=\"caption-attachment-4193\" class=\"wp-caption-text\">Famille de m\u00e9tiers de la relation client<\/p><\/div>\n<p>Pour plus d&rsquo;informations, cliquer sur lien suivant et lire les <strong>pages 40-41\u00a0<\/strong> du guide: <a href=\"https:\/\/fr.calameo.com\/read\/0000375475690c7f86ce7\" target=\"_blank\" rel=\"noopener noreferrer\">en classe de 3eme pr\u00e9parer son orientation<\/a><\/p>\n<ul>\n<li><span style=\"color: #ff00ff\"><strong>L&rsquo;apprentissage: une autre fa\u00e7on de se former<\/strong><\/span><\/li>\n<\/ul>\n<p>Une majorit\u00e9 de CAP et de Bac Professionnels peuvent \u00eatre valid\u00e9s par le biais de l&rsquo;apprentissage.<\/p>\n<p>Le principe: alterner des p\u00e9riodes de cours en Centre de formation pour Apprentis (CFA) et des p\u00e9riodes de travail en entreprise.<\/p>\n<p>Statut du jeune: apprenti salari\u00e9.<\/p>\n<p>Conditions d&rsquo;acc\u00e8s: avoir 16 ans (ou 15 ans avec un niveau fin de 3\u00e8me et avoir une entreprise d&rsquo;accueil).<\/p>\n<p>Pour plus d&rsquo;informations, cliquer sur lien suivant et lire les <strong>pages 55-56\u00a0<\/strong> du guide: <a href=\"https:\/\/fr.calameo.com\/read\/0000375475690c7f86ce7\" target=\"_blank\" rel=\"noopener noreferrer\">en classe de 3eme pr\u00e9parer son orientation<\/a><\/p>\n","protected":false},"excerpt":{"rendered":"<p>Une r\u00e9forme de la voie professionnelle a \u00e9galement \u00e9t\u00e9 engag\u00e9e, afin notamment d\u2019autoriser une sp\u00e9cialisation plus progressive. Comme pr\u00e9c\u00e9demment, vos enfants pourront se positionner sur 2 dipl\u00f4mes professionnels: Le certificat d&rsquo;Aptitude Professionnelle (CAP) dont l&rsquo;objectif est de se pr\u00e9parer \u00e0 un m\u00e9tier pr\u00e9cis et \u00e0 entrer dans la vie active. Nouveaut\u00e9 2020: certaines sp\u00e9cialit\u00e9s ont [&hellip;]<\/p>\n","protected":false},"author":19455,"featured_media":0,"parent":0,"menu_order":0,"comment_status":"closed","ping_status":"closed","template":"","meta":{"footnotes":"","_links_to":"","_links_to_target":""},"class_list":["post-4190","page","type-page","status-publish","hentry"],"_links":{"self":[{"href":"https:\/\/etab.ac-reunion.fr\/clg-elie-wiesel\/wp-json\/wp\/v2\/pages\/4190","targetHints":{"allow":["GET"]}}],"collection":[{"href":"https:\/\/etab.ac-reunion.fr\/clg-elie-wiesel\/wp-json\/wp\/v2\/pages"}],"about":[{"href":"https:\/\/etab.ac-reunion.fr\/clg-elie-wiesel\/wp-json\/wp\/v2\/types\/page"}],"author":[{"embeddable":true,"href":"https:\/\/etab.ac-reunion.fr\/clg-elie-wiesel\/wp-json\/wp\/v2\/users\/19455"}],"replies":[{"embeddable":true,"href":"https:\/\/etab.ac-reunion.fr\/clg-elie-wiesel\/wp-json\/wp\/v2\/comments?post=4190"}],"version-history":[{"count":7,"href":"https:\/\/etab.ac-reunion.fr\/clg-elie-wiesel\/wp-json\/wp\/v2\/pages\/4190\/revisions"}],"predecessor-version":[{"id":4198,"href":"https:\/\/etab.ac-reunion.fr\/clg-elie-wiesel\/wp-json\/wp\/v2\/pages\/4190\/revisions\/4198"}],"wp:attachment":[{"href":"https:\/\/etab.ac-reunion.fr\/clg-elie-wiesel\/wp-json\/wp\/v2\/media?parent=4190"}],"curies":[{"name":"wp","href":"https:\/\/api.w.org\/{rel}","templated":true}]}}