{"id":4202,"date":"2020-04-09T17:07:41","date_gmt":"2020-04-09T13:07:41","guid":{"rendered":"http:\/\/college-lechaudron.ac-reunion.fr\/?page_id=4202"},"modified":"2020-04-09T17:07:41","modified_gmt":"2020-04-09T13:07:41","slug":"des-guides-pour-vous-aider-dans-vos-choix-dorientation","status":"publish","type":"page","link":"https:\/\/etab.ac-reunion.fr\/clg-elie-wiesel\/des-guides-pour-vous-aider-dans-vos-choix-dorientation\/","title":{"rendered":"Des guides pour vous aider dans vos choix d&rsquo;orientation"},"content":{"rendered":"<ul>\n<li>Ce guide \u00ab\u00a0<span style=\"color: #ff0000\"><strong>En classe de 3e &#8211; Pr\u00e9parer son orientation 2020<\/strong><\/span>\u00a0\u00bb va vous aider \u00e0 mieux choisir votre orientation que ce soit pour pr\u00e9parer un bac g\u00e9n\u00e9ral et technologique, un bac professionnel ou un CAP.\u00a0 Cliquer sur le bouton ci-dessous pour feuilleter le guide:<div class=\"su-button-center\"><a href=\"https:\/\/fr.calameo.com\/read\/0000375475690c7f86ce7\" class=\"su-button su-button-style-3d\" style=\"color:#100000;background-color:#ef5f2d;border-color:#c04c24;border-radius:8px\" target=\"_blank\" rel=\"noopener noreferrer\"><span style=\"color:#100000;padding:0px 22px;font-size:17px;line-height:34px;border-color:#f48f6c;border-radius:8px;text-shadow:none\"> En classe de 3e &#8211; Pr\u00e9parer son orientation 2020<\/span><\/a><\/div><\/li>\n<\/ul>\n<p>&nbsp;<\/p>\n<ul>\n<li>Dans ce guide sont pr\u00e9sent\u00e9es en fiche <span style=\"color: #ff0000\"><strong>71 sp\u00e9cialit\u00e9s de bacs professionnels et bacs professionnels agricoles \u00e0 La R\u00e9union<\/strong><\/span>.<br \/>\nIl vous informe sur le choix de la voie professionnelle, les lieux de pr\u00e9paration, les m\u00e9tiers possibles et les poursuites d&rsquo;\u00e9tudes.<br \/>\n\u00c0 la rentr\u00e9e 2020 \u00e0 La R\u00e9union, la transformation de la voie professionnelle met en place 34 bacs professionnels et agricoles regroup\u00e9s en 14 familles de m\u00e9tiers. Cliquer sur le bouton ci-dessous pour feuilleter le guide:<div class=\"su-button-center\"><a href=\"https:\/\/fr.calameo.com\/read\/0000375474d78a9718869\" class=\"su-button su-button-style-3d\" style=\"color:#100000;background-color:#ef5f2d;border-color:#c04c24;border-radius:8px\" target=\"_blank\" rel=\"noopener noreferrer\"><span style=\"color:#100000;padding:0px 22px;font-size:17px;line-height:34px;border-color:#f48f6c;border-radius:8px;text-shadow:none\"> Les Bacs Professionnels \u00e0 La R\u00e9union 2020<\/span><\/a><\/div><\/li>\n<\/ul>\n<div class=\"su-button-center\"><a href=\"http:\/\/www.nouvelle-voiepro.fr\/\" class=\"su-button su-button-style-3d\" style=\"color:#100000;background-color:#452def;border-color:#3824c0;border-radius:8px\" target=\"_blank\" rel=\"noopener noreferrer\"><span style=\"color:#100000;padding:0px 22px;font-size:17px;line-height:34px;border-color:#7d6cf4;border-radius:8px;text-shadow:none\"> 5 \u00e9tapes pour r\u00e9ussir dans la voie professionnelle<\/span><\/a><\/div>\n<ul>\n<li>Ce guide vous permet de consulter toutes les <span style=\"color: #ff0000\"><strong>formations en CAP<\/strong><\/span> et de pr\u00e9parer votre orientation. Cliquer sur le bouton ci-dessous pour feuilleter le guide:<div class=\"su-button-center\"><a href=\"https:\/\/fr.calameo.com\/read\/000037547fdce4103477e\" class=\"su-button su-button-style-3d\" style=\"color:#100000;background-color:#ef5f2d;border-color:#c04c24;border-radius:8px\" target=\"_blank\" rel=\"noopener noreferrer\"><span style=\"color:#100000;padding:0px 22px;font-size:17px;line-height:34px;border-color:#f48f6c;border-radius:8px;text-shadow:none\"> Un CAP pour un m\u00e9tier 2020<\/span><\/a><\/div><\/li>\n<\/ul>\n","protected":false},"excerpt":{"rendered":"<p>Ce guide \u00ab\u00a0En classe de 3e &#8211; Pr\u00e9parer son orientation 2020\u00a0\u00bb va vous aider \u00e0 mieux choisir votre orientation que ce soit pour pr\u00e9parer un bac g\u00e9n\u00e9ral et technologique, un bac professionnel ou un CAP.\u00a0 Cliquer sur le bouton ci-dessous pour feuilleter le guide: &nbsp; Dans ce guide sont pr\u00e9sent\u00e9es en fiche 71 sp\u00e9cialit\u00e9s de [&hellip;]<\/p>\n","protected":false},"author":19455,"featured_media":0,"parent":0,"menu_order":0,"comment_status":"closed","ping_status":"closed","template":"","meta":{"footnotes":"","_links_to":"","_links_to_target":""},"class_list":["post-4202","page","type-page","status-publish","hentry"],"_links":{"self":[{"href":"https:\/\/etab.ac-reunion.fr\/clg-elie-wiesel\/wp-json\/wp\/v2\/pages\/4202","targetHints":{"allow":["GET"]}}],"collection":[{"href":"https:\/\/etab.ac-reunion.fr\/clg-elie-wiesel\/wp-json\/wp\/v2\/pages"}],"about":[{"href":"https:\/\/etab.ac-reunion.fr\/clg-elie-wiesel\/wp-json\/wp\/v2\/types\/page"}],"author":[{"embeddable":true,"href":"https:\/\/etab.ac-reunion.fr\/clg-elie-wiesel\/wp-json\/wp\/v2\/users\/19455"}],"replies":[{"embeddable":true,"href":"https:\/\/etab.ac-reunion.fr\/clg-elie-wiesel\/wp-json\/wp\/v2\/comments?post=4202"}],"version-history":[{"count":3,"href":"https:\/\/etab.ac-reunion.fr\/clg-elie-wiesel\/wp-json\/wp\/v2\/pages\/4202\/revisions"}],"predecessor-version":[{"id":4205,"href":"https:\/\/etab.ac-reunion.fr\/clg-elie-wiesel\/wp-json\/wp\/v2\/pages\/4202\/revisions\/4205"}],"wp:attachment":[{"href":"https:\/\/etab.ac-reunion.fr\/clg-elie-wiesel\/wp-json\/wp\/v2\/media?parent=4202"}],"curies":[{"name":"wp","href":"https:\/\/api.w.org\/{rel}","templated":true}]}}