{"id":4248,"date":"2020-04-19T22:35:19","date_gmt":"2020-04-19T18:35:19","guid":{"rendered":"http:\/\/college-lechaudron.ac-reunion.fr\/?page_id=4248"},"modified":"2020-04-19T22:35:19","modified_gmt":"2020-04-19T18:35:19","slug":"pronote-note-evaluation","status":"publish","type":"page","link":"https:\/\/etab.ac-reunion.fr\/clg-elie-wiesel\/pronote-note-evaluation\/","title":{"rendered":"Pronote Note\/\u00c9valuation"},"content":{"rendered":"<div class=\"su-button-center\"><a href=\"https:\/\/vimeo.com\/352278100\" class=\"su-button su-button-style-3d\" style=\"color:#100000;background-color:#24a274;border-color:#1d825d;border-radius:8px\" target=\"_blank\" rel=\"noopener noreferrer\"><span style=\"color:#100000;padding:0px 22px;font-size:17px;line-height:34px;border-color:#66be9e;border-radius:8px;text-shadow:none\"> Comment saisir rapidement les r\u00e9sultats d&rsquo;une \u00e9valuation?<\/span><\/a><\/div>\n<p>&nbsp;<\/p>\n<div class=\"su-button-center\"><a href=\"https:\/\/vimeo.com\/137351496\" class=\"su-button su-button-style-3d\" style=\"color:#100000;background-color:#24a274;border-color:#1d825d;border-radius:8px\" target=\"_blank\" rel=\"noopener noreferrer\"><span style=\"color:#100000;padding:0px 22px;font-size:17px;line-height:34px;border-color:#66be9e;border-radius:8px;text-shadow:none\"> Comment dupliquer une \u00e9valuation?<\/span><\/a><\/div>\n<p>&nbsp;<\/p>\n<div class=\"su-button-center\"><a href=\"https:\/\/vimeo.com\/391193317\" class=\"su-button su-button-style-3d\" style=\"color:#100000;background-color:#24a274;border-color:#1d825d;border-radius:8px\" target=\"_blank\" rel=\"noopener noreferrer\"><span style=\"color:#100000;padding:0px 22px;font-size:17px;line-height:34px;border-color:#66be9e;border-radius:8px;text-shadow:none\"> Comment cr\u00e9er une note \u00e0 partir une \u00e9valuation de comp\u00e9tences?<\/span><\/a><\/div>\n<p>&nbsp;<\/p>\n<p>&nbsp;<\/p>\n","protected":false},"excerpt":{"rendered":"<p>&nbsp; &nbsp; &nbsp; &nbsp;<\/p>\n","protected":false},"author":19455,"featured_media":0,"parent":0,"menu_order":0,"comment_status":"closed","ping_status":"closed","template":"","meta":{"footnotes":"","_links_to":"","_links_to_target":""},"class_list":["post-4248","page","type-page","status-publish","hentry"],"_links":{"self":[{"href":"https:\/\/etab.ac-reunion.fr\/clg-elie-wiesel\/wp-json\/wp\/v2\/pages\/4248","targetHints":{"allow":["GET"]}}],"collection":[{"href":"https:\/\/etab.ac-reunion.fr\/clg-elie-wiesel\/wp-json\/wp\/v2\/pages"}],"about":[{"href":"https:\/\/etab.ac-reunion.fr\/clg-elie-wiesel\/wp-json\/wp\/v2\/types\/page"}],"author":[{"embeddable":true,"href":"https:\/\/etab.ac-reunion.fr\/clg-elie-wiesel\/wp-json\/wp\/v2\/users\/19455"}],"replies":[{"embeddable":true,"href":"https:\/\/etab.ac-reunion.fr\/clg-elie-wiesel\/wp-json\/wp\/v2\/comments?post=4248"}],"version-history":[{"count":1,"href":"https:\/\/etab.ac-reunion.fr\/clg-elie-wiesel\/wp-json\/wp\/v2\/pages\/4248\/revisions"}],"predecessor-version":[{"id":4249,"href":"https:\/\/etab.ac-reunion.fr\/clg-elie-wiesel\/wp-json\/wp\/v2\/pages\/4248\/revisions\/4249"}],"wp:attachment":[{"href":"https:\/\/etab.ac-reunion.fr\/clg-elie-wiesel\/wp-json\/wp\/v2\/media?parent=4248"}],"curies":[{"name":"wp","href":"https:\/\/api.w.org\/{rel}","templated":true}]}}