{"id":4263,"date":"2020-04-19T23:14:56","date_gmt":"2020-04-19T19:14:56","guid":{"rendered":"http:\/\/college-lechaudron.ac-reunion.fr\/?page_id=4263"},"modified":"2020-04-22T00:48:24","modified_gmt":"2020-04-21T20:48:24","slug":"coursenligne","status":"publish","type":"page","link":"https:\/\/etab.ac-reunion.fr\/clg-elie-wiesel\/coursenligne\/","title":{"rendered":"COURS EN LIGNE"},"content":{"rendered":"<div class=\"su-button-center\"><a href=\"https:\/\/portail.college-lechaudron.re\/moodle\/\" class=\"su-button su-button-style-3d\" style=\"color:#100000;background-color:#f03306;border-color:#c02905;border-radius:8px\" target=\"_blank\" rel=\"noopener noreferrer\"><span style=\"color:#100000;padding:0px 22px;font-size:17px;line-height:34px;border-color:#f57151;border-radius:8px;text-shadow:none\"> Acc\u00e9s direct \u00e0 \u00ab\u00a0COURS EN LIGNE\u00a0\u00bb<\/span><\/a><\/div>\n<p>&nbsp;<\/p>\n<table>\n<tbody>\n<tr>\n<td width=\"307\">\n<p style=\"text-align: center\">ENSEIGNANT<\/p>\n<\/td>\n<td width=\"307\">\n<p style=\"text-align: center\">\u00c9L\u00c8VE<\/p>\n<\/td>\n<\/tr>\n<tr>\n<td width=\"307\"><div class=\"su-button-center\"><a href=\"https:\/\/youtu.be\/y0q-MIoD480\" class=\"su-button su-button-style-3d\" style=\"color:#100000;background-color:#ec7d2c;border-color:#bd6424;border-radius:8px\" target=\"_blank\" rel=\"noopener noreferrer\"><span style=\"color:#100000;padding:0px 22px;font-size:17px;line-height:34px;border-color:#f2a46c;border-radius:8px;text-shadow:none\"> Pourquoi utiliser \u00ab\u00a0COURS EN LIGNE\u00a0\u00bb?<\/span><\/a><\/div><\/td>\n<td style=\"text-align: center\" width=\"307\">&nbsp;<\/p>\n<div class=\"su-button-center\"><a href=\"https:\/\/etab.ac-reunion.fr\/clg-elie-wiesel\/wp-content\/uploads\/sites\/20\/2020\/04\/Tutoriel-\u00e9l\u00e8ve-comment-ouvrir-l-application-cours-en-ligne.pdf\" class=\"su-button su-button-style-3d\" style=\"color:#100000;background-color:#ec7d2c;border-color:#bd6424;border-radius:8px\" target=\"_blank\" rel=\"noopener noreferrer\"><span style=\"color:#100000;padding:0px 22px;font-size:17px;line-height:34px;border-color:#f2a46c;border-radius:8px;text-shadow:none\"> Comment ouvrir l&rsquo;application\u00a0\u00bbCOURS EN LIGNE\u00a0\u00bb?<\/span><\/a><\/div><\/td>\n<\/tr>\n<tr>\n<td style=\"text-align: center\" width=\"307\">&nbsp;<\/p>\n<p>&nbsp;<\/p>\n<div class=\"su-button-center\"><a href=\"https:\/\/youtu.be\/oY2OUbRVYUQ\" class=\"su-button su-button-style-3d\" style=\"color:#100000;background-color:#ec7d2c;border-color:#bd6424;border-radius:8px\" target=\"_blank\" rel=\"noopener noreferrer\"><span style=\"color:#100000;padding:0px 22px;font-size:17px;line-height:34px;border-color:#f2a46c;border-radius:8px;text-shadow:none\"> Comment cr\u00e9er ou ajouter un cours ?<\/span><\/a><\/div><\/td>\n<td width=\"307\">&nbsp;<\/p>\n<p style=\"text-align: center\"><div class=\"su-button-center\"><a href=\"https:\/\/etab.ac-reunion.fr\/clg-elie-wiesel\/wp-content\/uploads\/sites\/20\/2020\/04\/Proc\u00e9dure-de-d\u00e9pot-de-fichier-sur-Moodle-pour-\u00e9l\u00e8ve.pdf\" class=\"su-button su-button-style-3d\" style=\"color:#100000;background-color:#ec7d2c;border-color:#bd6424;border-radius:8px\" target=\"_blank\" rel=\"noopener noreferrer\"><span style=\"color:#100000;padding:0px 22px;font-size:17px;line-height:34px;border-color:#f2a46c;border-radius:8px;text-shadow:none\"> Comment d\u00e9poser un fichier (tableau, texte, audio, vid\u00e9o&#8230;)?<\/span><\/a><\/div>\n<\/td>\n<\/tr>\n<tr>\n<td width=\"307\">&nbsp;<\/p>\n<p style=\"text-align: center\"><div class=\"su-button-center\"><a href=\"https:\/\/youtu.be\/fna9PAmVYBA\" class=\"su-button su-button-style-3d\" style=\"color:#100000;background-color:#ec7d2c;border-color:#bd6424;border-radius:8px\" target=\"_blank\" rel=\"noopener noreferrer\"><span style=\"color:#100000;padding:0px 22px;font-size:17px;line-height:34px;border-color:#f2a46c;border-radius:8px;text-shadow:none\"> Comment inscrire des \u00e9l\u00e8ves ?<\/span><\/a><\/div>\n<\/td>\n<td style=\"text-align: center\" width=\"307\">&nbsp;<\/p>\n<div class=\"su-button-center\"><a href=\"https:\/\/etab.ac-reunion.fr\/clg-elie-wiesel\/wp-content\/uploads\/sites\/20\/2020\/04\/Tutoriel-\u00e9l\u00e8ve-pr\u00e9sentation-de-lactivit\u00e9-TEST-de-cours-en-ligne.pdf\" class=\"su-button su-button-style-3d\" style=\"color:#100000;background-color:#ec7d2c;border-color:#bd6424;border-radius:8px\" target=\"_blank\" rel=\"noopener noreferrer\"><span style=\"color:#100000;padding:0px 22px;font-size:17px;line-height:34px;border-color:#f2a46c;border-radius:8px;text-shadow:none\"> Pr\u00e9sentation de l&rsquo;activit\u00e9 TEST<\/span><\/a><\/div><\/td>\n<\/tr>\n<tr>\n<td width=\"307\">&nbsp;<\/p>\n<div class=\"su-button-center\"><a href=\"https:\/\/etab.ac-reunion.fr\/clg-elie-wiesel\/enseignant-moodle-ajouter-une-ressource\/\" class=\"su-button su-button-style-3d\" style=\"color:#100000;background-color:#ec7d2c;border-color:#bd6424;border-radius:8px\" target=\"_blank\" rel=\"noopener noreferrer\"><span style=\"color:#100000;padding:0px 22px;font-size:17px;line-height:34px;border-color:#f2a46c;border-radius:8px;text-shadow:none\"> Comment ajouter une ressource?<\/span><\/a><\/div><\/td>\n<td style=\"text-align: center\" width=\"307\">&nbsp;<\/p>\n<div class=\"su-button-center\"><a href=\"https:\/\/etab.ac-reunion.fr\/clg-elie-wiesel\/wp-content\/uploads\/sites\/20\/2020\/04\/Tutoriel-\u00e9l\u00e8ve-pr\u00e9sentation-de-lactivit\u00e9-le\u00e7on-de-cours-en-ligne.pdf\" class=\"su-button su-button-style-3d\" style=\"color:#100000;background-color:#ec7d2c;border-color:#bd6424;border-radius:8px\" target=\"_blank\" rel=\"noopener noreferrer\"><span style=\"color:#100000;padding:0px 22px;font-size:17px;line-height:34px;border-color:#f2a46c;border-radius:8px;text-shadow:none\"> Pr\u00e9sentation de l&rsquo;activit\u00e9 Le\u00e7on<\/span><\/a><\/div><\/td>\n<\/tr>\n<tr>\n<td style=\"text-align: center\" width=\"307\"><div class=\"su-button-center\"><a href=\"https:\/\/etab.ac-reunion.fr\/clg-elie-wiesel\/enseignant-moodle-comment-ajouter-une-activite\/\" class=\"su-button su-button-style-3d\" style=\"color:#100000;background-color:#ec7d2c;border-color:#bd6424;border-radius:8px\" target=\"_blank\" rel=\"noopener noreferrer\"><span style=\"color:#100000;padding:0px 22px;font-size:17px;line-height:34px;border-color:#f2a46c;border-radius:8px;text-shadow:none\"> Comment ajouter une activit\u00e9 ?<\/span><\/a><\/div><\/td>\n<td width=\"307\">&nbsp;<\/p>\n<p style=\"text-align: center\"><div class=\"su-button-center\"><a href=\"https:\/\/etab.ac-reunion.fr\/clg-elie-wiesel\/wp-content\/uploads\/sites\/20\/2020\/04\/Tutoriel-\u00e9l\u00e8ve-pr\u00e9sentation-de-lactivit\u00e9-DEVOIR-de-cours-en-ligne.pdf\" class=\"su-button su-button-style-3d\" style=\"color:#100000;background-color:#ec7d2c;border-color:#bd6424;border-radius:8px\" target=\"_blank\" rel=\"noopener noreferrer\"><span style=\"color:#100000;padding:0px 22px;font-size:17px;line-height:34px;border-color:#f2a46c;border-radius:8px;text-shadow:none\"> Pr\u00e9sentation de l&rsquo;activit\u00e9 DEVOIR<\/span><\/a><\/div>\n<\/td>\n<\/tr>\n<tr>\n<td width=\"307\"><\/td>\n<td width=\"307\"><\/td>\n<\/tr>\n<tr>\n<td width=\"307\"><\/td>\n<td width=\"307\"><\/td>\n<\/tr>\n<tr>\n<td width=\"307\"><\/td>\n<td width=\"307\"><\/td>\n<\/tr>\n<tr>\n<td width=\"307\"><\/td>\n<td width=\"307\"><\/td>\n<\/tr>\n<\/tbody>\n<\/table>\n<p>&nbsp;<\/p>\n","protected":false},"excerpt":{"rendered":"<p>&nbsp; ENSEIGNANT \u00c9L\u00c8VE &nbsp; &nbsp; &nbsp; &nbsp; &nbsp; &nbsp; &nbsp; &nbsp; &nbsp; &nbsp;<\/p>\n","protected":false},"author":19455,"featured_media":0,"parent":0,"menu_order":0,"comment_status":"closed","ping_status":"closed","template":"","meta":{"footnotes":"","_links_to":"","_links_to_target":""},"class_list":["post-4263","page","type-page","status-publish","hentry"],"_links":{"self":[{"href":"https:\/\/etab.ac-reunion.fr\/clg-elie-wiesel\/wp-json\/wp\/v2\/pages\/4263","targetHints":{"allow":["GET"]}}],"collection":[{"href":"https:\/\/etab.ac-reunion.fr\/clg-elie-wiesel\/wp-json\/wp\/v2\/pages"}],"about":[{"href":"https:\/\/etab.ac-reunion.fr\/clg-elie-wiesel\/wp-json\/wp\/v2\/types\/page"}],"author":[{"embeddable":true,"href":"https:\/\/etab.ac-reunion.fr\/clg-elie-wiesel\/wp-json\/wp\/v2\/users\/19455"}],"replies":[{"embeddable":true,"href":"https:\/\/etab.ac-reunion.fr\/clg-elie-wiesel\/wp-json\/wp\/v2\/comments?post=4263"}],"version-history":[{"count":12,"href":"https:\/\/etab.ac-reunion.fr\/clg-elie-wiesel\/wp-json\/wp\/v2\/pages\/4263\/revisions"}],"predecessor-version":[{"id":4373,"href":"https:\/\/etab.ac-reunion.fr\/clg-elie-wiesel\/wp-json\/wp\/v2\/pages\/4263\/revisions\/4373"}],"wp:attachment":[{"href":"https:\/\/etab.ac-reunion.fr\/clg-elie-wiesel\/wp-json\/wp\/v2\/media?parent=4263"}],"curies":[{"name":"wp","href":"https:\/\/api.w.org\/{rel}","templated":true}]}}