{"id":4331,"date":"2020-04-21T22:37:10","date_gmt":"2020-04-21T18:37:10","guid":{"rendered":"http:\/\/college-lechaudron.ac-reunion.fr\/?page_id=4331"},"modified":"2020-04-21T22:37:10","modified_gmt":"2020-04-21T18:37:10","slug":"lire-en-ligne","status":"publish","type":"page","link":"https:\/\/etab.ac-reunion.fr\/clg-elie-wiesel\/lire-en-ligne\/","title":{"rendered":"Lire en ligne"},"content":{"rendered":"<p>Pendant cette p\u00e9riode de confinement, le CDI vous propose des sites ou des plateformes de livres \u00e0 lire gratuitement et l\u00e9galement des milliers d\u2019\u0153uvres du domaine public et d&rsquo;auteurs contemporains. En plus de la lecture en ligne, beaucoup de ces \u0153uvres peuvent \u00eatre t\u00e9l\u00e9charg\u00e9es en ebook PDF et EPUB pour lecture sur liseuse num\u00e9rique, iPad, Android, etc.<\/p>\n<p>Bonne lecture!<\/p>\n<table>\n<tbody>\n<tr>\n<td width=\"307\">\n<p style=\"text-align: center\"><div class=\"su-button-center\"><a href=\"http:\/\/www.crdp-strasbourg.fr\/je_lis_libre\/#section1\" class=\"su-button su-button-style-3d\" style=\"color:#100000;background-color:#ece42c;border-color:#bdb724;border-radius:8px\" target=\"_blank\" rel=\"noopener noreferrer\"><span style=\"color:#100000;padding:0px 22px;font-size:17px;line-height:34px;border-color:#f2ed6c;border-radius:8px;text-shadow:none\"> Je lis libre<\/span><\/a><\/div>\n<p>Ce site est destin\u00e9 aux lecteurs de 10 \u00e0 14 ans et leur propose \u00e0 la fois des contenus tomb\u00e9s dans le domaine public et des \u0153uvres d\u2019auteurs sous licence <a href=\"http:\/\/creativecommons.fr\/\" target=\"_blank\" rel=\"noopener noreferrer\">Creative Commons<\/a>, c\u2019est-\u00e0-dire avec obligation de citer l\u2019auteur.<\/td>\n<td width=\"307\">\n<p style=\"text-align: center\"><div class=\"su-button-center\"><a href=\"https:\/\/ebookids.com\/fr\/livres-enfants\/\" class=\"su-button su-button-style-3d\" style=\"color:#100000;background-color:#ece42c;border-color:#bdb724;border-radius:8px\" target=\"_blank\" rel=\"noopener noreferrer\"><span style=\"color:#100000;padding:0px 22px;font-size:17px;line-height:34px;border-color:#f2ed6c;border-radius:8px;text-shadow:none\"> ebookids<\/span><\/a><\/div>\n<p style=\"text-align: center\">Une plateforme avec 1 400 livres pour enfants \u00e0 consulter directement sur le site ou sur tablette. Vous pourrez s\u00e9lectionner les titres en fonction de l\u2019\u00e2ge de l\u2019enfant, de 3 \u00e0 9 ans, mais aussi par th\u00e8me : histoire, conte, d\u00e9couverte. Le site propose \u00e9galement des articles psycho et sant\u00e9 pour les parents.<\/p>\n<\/td>\n<\/tr>\n<tr>\n<td width=\"307\">&nbsp;<\/p>\n<p style=\"text-align: center\"><div class=\"su-button-center\"><a href=\"http:\/\/www.livrespourtous.com\/e-books\/list\/onecat\/Livres-electroniques+Jeunesse\/0\/all_items.html\" class=\"su-button su-button-style-3d\" style=\"color:#100000;background-color:#ece42c;border-color:#bdb724;border-radius:8px\" target=\"_blank\" rel=\"noopener noreferrer\"><span style=\"color:#100000;padding:0px 22px;font-size:17px;line-height:34px;border-color:#f2ed6c;border-radius:8px;text-shadow:none\"> livrespourtous<\/span><\/a><\/div>\n<p>Ce site propose 6 000 ebooks gratuits en fran\u00e7ais et au format PDF. Id\u00e9al pour les enfants et adolescents qui doivent lire des classiques de la litt\u00e9rature durant leurs scolarit\u00e9. Ce format est consultable sur ordinateur, tablette, smartphone ou liseuse \u00e9lectronique.<\/td>\n<td width=\"307\">\n<p style=\"text-align: center\"><div class=\"su-button-center\"><a href=\"https:\/\/www.vousnousils.fr\/ebooks-gratuits\" class=\"su-button su-button-style-3d\" style=\"color:#100000;background-color:#ece42c;border-color:#bdb724;border-radius:8px\" target=\"_blank\" rel=\"noopener noreferrer\"><span style=\"color:#100000;padding:0px 22px;font-size:17px;line-height:34px;border-color:#f2ed6c;border-radius:8px;text-shadow:none\"> vousnousils<\/span><\/a><\/div>\n<p>Une s\u00e9lection de grands classiques de la litt\u00e9rature fran\u00e7aise destin\u00e9s aux \u00e9l\u00e8ves tous niveaux confondus. Tr\u00e8s pratiques, ils sont class\u00e9s par ordre alphab\u00e9tique, d\u2019Apollinaire \u00e0 Zola.<\/td>\n<\/tr>\n<tr>\n<td width=\"307\">&nbsp;<\/p>\n<p style=\"text-align: center\"><div class=\"su-button-center\"><a href=\"https:\/\/www.ebooksgratuits.com\/ebooks.php\" class=\"su-button su-button-style-3d\" style=\"color:#100000;background-color:#ece42c;border-color:#bdb724;border-radius:8px\" target=\"_blank\" rel=\"noopener noreferrer\"><span style=\"color:#100000;padding:0px 22px;font-size:17px;line-height:34px;border-color:#f2ed6c;border-radius:8px;text-shadow:none\"> ebooksgratuits<\/span><\/a><\/div>\n<p>Plateforme contenant des livres gratuits libres de droits. La recherche se fait par genre (jeunesse) ou par cat\u00e9gorie (romans, contes). Elle convient plut\u00f4t aux enfants qui savent d\u00e9j\u00e0 lire. Les livres sont disponibles dans une multitude de formats dont le PDF, le mobi et l\u2019ePub.<\/td>\n<td width=\"307\">&nbsp;<\/p>\n<p style=\"text-align: center\"><div class=\"su-button-center\"><a href=\"http:\/\/fr.feedbooks.com\/books\/top?category=FBFIC010000&#038;lang=fr\" class=\"su-button su-button-style-3d\" style=\"color:#100000;background-color:#ece42c;border-color:#bdb724;border-radius:8px\" target=\"_blank\" rel=\"noopener noreferrer\"><span style=\"color:#100000;padding:0px 22px;font-size:17px;line-height:34px;border-color:#f2ed6c;border-radius:8px;text-shadow:none\"> feedbooks<\/span><\/a><\/div>\n<p>Similaire au site \u00ab\u00a0ebooksgratuit\u00a0\u00bb, vous y trouverez des contes et l\u00e9gendes tomb\u00e9es dans le domaine public. Diff\u00e9rents titres en fran\u00e7ais, en anglais ou encore en espagnol sont t\u00e9l\u00e9chargeables en format ePub.<\/td>\n<\/tr>\n<tr>\n<td width=\"307\"><\/td>\n<td width=\"307\"><\/td>\n<\/tr>\n<tr>\n<td width=\"307\"><\/td>\n<td width=\"307\"><\/td>\n<\/tr>\n<tr>\n<td width=\"307\"><\/td>\n<td width=\"307\"><\/td>\n<\/tr>\n<tr>\n<td width=\"307\"><\/td>\n<td width=\"307\"><\/td>\n<\/tr>\n<tr>\n<td width=\"307\"><\/td>\n<td width=\"307\"><\/td>\n<\/tr>\n<\/tbody>\n<\/table>\n","protected":false},"excerpt":{"rendered":"<p>Pendant cette p\u00e9riode de confinement, le CDI vous propose des sites ou des plateformes de livres \u00e0 lire gratuitement et l\u00e9galement des milliers d\u2019\u0153uvres du domaine public et d&rsquo;auteurs contemporains. En plus de la lecture en ligne, beaucoup de ces \u0153uvres peuvent \u00eatre t\u00e9l\u00e9charg\u00e9es en ebook PDF et EPUB pour lecture sur liseuse num\u00e9rique, iPad, [&hellip;]<\/p>\n","protected":false},"author":19455,"featured_media":0,"parent":0,"menu_order":0,"comment_status":"closed","ping_status":"closed","template":"","meta":{"footnotes":"","_links_to":"","_links_to_target":""},"class_list":["post-4331","page","type-page","status-publish","hentry"],"_links":{"self":[{"href":"https:\/\/etab.ac-reunion.fr\/clg-elie-wiesel\/wp-json\/wp\/v2\/pages\/4331","targetHints":{"allow":["GET"]}}],"collection":[{"href":"https:\/\/etab.ac-reunion.fr\/clg-elie-wiesel\/wp-json\/wp\/v2\/pages"}],"about":[{"href":"https:\/\/etab.ac-reunion.fr\/clg-elie-wiesel\/wp-json\/wp\/v2\/types\/page"}],"author":[{"embeddable":true,"href":"https:\/\/etab.ac-reunion.fr\/clg-elie-wiesel\/wp-json\/wp\/v2\/users\/19455"}],"replies":[{"embeddable":true,"href":"https:\/\/etab.ac-reunion.fr\/clg-elie-wiesel\/wp-json\/wp\/v2\/comments?post=4331"}],"version-history":[{"count":5,"href":"https:\/\/etab.ac-reunion.fr\/clg-elie-wiesel\/wp-json\/wp\/v2\/pages\/4331\/revisions"}],"predecessor-version":[{"id":4336,"href":"https:\/\/etab.ac-reunion.fr\/clg-elie-wiesel\/wp-json\/wp\/v2\/pages\/4331\/revisions\/4336"}],"wp:attachment":[{"href":"https:\/\/etab.ac-reunion.fr\/clg-elie-wiesel\/wp-json\/wp\/v2\/media?parent=4331"}],"curies":[{"name":"wp","href":"https:\/\/api.w.org\/{rel}","templated":true}]}}