{"id":4379,"date":"2020-04-22T01:17:37","date_gmt":"2020-04-21T21:17:37","guid":{"rendered":"http:\/\/college-lechaudron.ac-reunion.fr\/?page_id=4379"},"modified":"2020-04-22T01:17:37","modified_gmt":"2020-04-21T21:17:37","slug":"je-suis-parent-et-je-nai-pas-ou-plus-didentifiant-et-ou-de-mot-de-passe","status":"publish","type":"page","link":"https:\/\/etab.ac-reunion.fr\/clg-elie-wiesel\/je-suis-parent-et-je-nai-pas-ou-plus-didentifiant-et-ou-de-mot-de-passe\/","title":{"rendered":"Je suis parent et je n&rsquo;ai pas ou plus d&rsquo;identifiant et\/ou de mot de passe"},"content":{"rendered":"<ul>\n<li><strong>Parents, vous n&rsquo;avez ni identifiant ni mot de passe:<\/strong><\/li>\n<\/ul>\n<p>Pour obtenir des identifiants de connexion, il vous faudra une adresse mail.<\/p>\n<p><em>Une adresse mail est un courrier \u00e9lectronique s<\/em><span class=\"ILfuVd NA6bn\"><span class=\"e24Kjd\"><em>&lsquo;\u00e9crivant toujours en minuscules, sans accent et sans espace, et comporte TOUJOURS le caract\u00e8re \u00ab @ \u00bb. G\u00e9n\u00e9ralement, votre fournisseur d\u2019acc\u00e8s internet (Orange, SFR, Free&#8230;) vous cr\u00e9e une adresse mail ,exemple Orange: prenom.nom@orange.fr.\u00a0 Si vous n&rsquo;avez pas, vous pouvez cr\u00e9er une adresse mail avec gmail, laposte, yahoo &#8230;<\/em> <\/span><\/span><\/p>\n<p>Vous en poss\u00e9dez ou vous avez cr\u00e9\u00e9 une adresse mail, cliquez sur le lien ci-dessous et laissez-vous guider:<\/p>\n<p style=\"text-align: center\"><a href=\"https:\/\/teleservices.ac-reunion.fr\/aten-web\/oubliLogin\/recupererLogin\" target=\"_blank\" rel=\"noopener noreferrer\"><strong>Identifiant parent oubli\u00e9<\/strong><\/a><\/p>\n<ul>\n<li><strong>Parents, vous avez l&rsquo;identifiant mais pas mot de passe:<\/strong><\/li>\n<\/ul>\n<p>Cliquez sur le lien ci-dessous et laissez-vous guider:<\/p>\n<p style=\"text-align: center\"><a href=\"https:\/\/teleservices.ac-reunion.fr\/aten-web\/oubliMdp\/recupererMotDePasse\" target=\"_blank\" rel=\"noopener noreferrer\"><strong>Mot de passe parent oubli\u00e9<\/strong><\/a><\/p>\n<ul>\n<li><strong>Si vous rencontrez des probl\u00e8mes, contacter l&rsquo;\u00e9tablissement par mail au <\/strong><strong>ce.9741208v@ac-reunion.fr<\/strong><\/li>\n<\/ul>\n","protected":false},"excerpt":{"rendered":"<p>Parents, vous n&rsquo;avez ni identifiant ni mot de passe: Pour obtenir des identifiants de connexion, il vous faudra une adresse mail. Une adresse mail est un courrier \u00e9lectronique s&lsquo;\u00e9crivant toujours en minuscules, sans accent et sans espace, et comporte TOUJOURS le caract\u00e8re \u00ab @ \u00bb. G\u00e9n\u00e9ralement, votre fournisseur d\u2019acc\u00e8s internet (Orange, SFR, Free&#8230;) vous cr\u00e9e [&hellip;]<\/p>\n","protected":false},"author":19455,"featured_media":0,"parent":0,"menu_order":0,"comment_status":"closed","ping_status":"closed","template":"","meta":{"footnotes":"","_links_to":"","_links_to_target":""},"class_list":["post-4379","page","type-page","status-publish","hentry"],"_links":{"self":[{"href":"https:\/\/etab.ac-reunion.fr\/clg-elie-wiesel\/wp-json\/wp\/v2\/pages\/4379","targetHints":{"allow":["GET"]}}],"collection":[{"href":"https:\/\/etab.ac-reunion.fr\/clg-elie-wiesel\/wp-json\/wp\/v2\/pages"}],"about":[{"href":"https:\/\/etab.ac-reunion.fr\/clg-elie-wiesel\/wp-json\/wp\/v2\/types\/page"}],"author":[{"embeddable":true,"href":"https:\/\/etab.ac-reunion.fr\/clg-elie-wiesel\/wp-json\/wp\/v2\/users\/19455"}],"replies":[{"embeddable":true,"href":"https:\/\/etab.ac-reunion.fr\/clg-elie-wiesel\/wp-json\/wp\/v2\/comments?post=4379"}],"version-history":[{"count":1,"href":"https:\/\/etab.ac-reunion.fr\/clg-elie-wiesel\/wp-json\/wp\/v2\/pages\/4379\/revisions"}],"predecessor-version":[{"id":4380,"href":"https:\/\/etab.ac-reunion.fr\/clg-elie-wiesel\/wp-json\/wp\/v2\/pages\/4379\/revisions\/4380"}],"wp:attachment":[{"href":"https:\/\/etab.ac-reunion.fr\/clg-elie-wiesel\/wp-json\/wp\/v2\/media?parent=4379"}],"curies":[{"name":"wp","href":"https:\/\/api.w.org\/{rel}","templated":true}]}}