{"id":4551,"date":"2020-10-01T12:45:00","date_gmt":"2020-10-01T08:45:00","guid":{"rendered":"http:\/\/college-lechaudron.ac-reunion.fr\/?page_id=4551"},"modified":"2020-10-01T12:45:00","modified_gmt":"2020-10-01T08:45:00","slug":"sur-le-terrain-quest-ce-que-cela-veut-dire-quest-ce-qui-va-changer","status":"publish","type":"page","link":"https:\/\/etab.ac-reunion.fr\/clg-elie-wiesel\/sur-le-terrain-quest-ce-que-cela-veut-dire-quest-ce-qui-va-changer\/","title":{"rendered":"Sur le terrain qu\u2019est-ce que cela veut dire ? Qu\u2019est-ce qui va changer ?"},"content":{"rendered":"<p>D\u00e9sormais la MDPH va \u00e9mettre des notifications AESH mutualis\u00e9es pour la plus grande majorit\u00e9 des enfants. Cela veut dire que lorsque vous recevrez votre notification pour une aide humaine, le volume horaire ne sera plus notifi\u00e9.<\/p>\n","protected":false},"excerpt":{"rendered":"<p>D\u00e9sormais la MDPH va \u00e9mettre des notifications AESH mutualis\u00e9es pour la plus grande majorit\u00e9 des enfants. Cela veut dire que lorsque vous recevrez votre notification pour une aide humaine, le volume horaire ne sera plus notifi\u00e9.<\/p>\n","protected":false},"author":19455,"featured_media":0,"parent":0,"menu_order":0,"comment_status":"closed","ping_status":"closed","template":"","meta":{"footnotes":"","_links_to":"","_links_to_target":""},"class_list":["post-4551","page","type-page","status-publish","hentry"],"_links":{"self":[{"href":"https:\/\/etab.ac-reunion.fr\/clg-elie-wiesel\/wp-json\/wp\/v2\/pages\/4551","targetHints":{"allow":["GET"]}}],"collection":[{"href":"https:\/\/etab.ac-reunion.fr\/clg-elie-wiesel\/wp-json\/wp\/v2\/pages"}],"about":[{"href":"https:\/\/etab.ac-reunion.fr\/clg-elie-wiesel\/wp-json\/wp\/v2\/types\/page"}],"author":[{"embeddable":true,"href":"https:\/\/etab.ac-reunion.fr\/clg-elie-wiesel\/wp-json\/wp\/v2\/users\/19455"}],"replies":[{"embeddable":true,"href":"https:\/\/etab.ac-reunion.fr\/clg-elie-wiesel\/wp-json\/wp\/v2\/comments?post=4551"}],"version-history":[{"count":1,"href":"https:\/\/etab.ac-reunion.fr\/clg-elie-wiesel\/wp-json\/wp\/v2\/pages\/4551\/revisions"}],"predecessor-version":[{"id":4552,"href":"https:\/\/etab.ac-reunion.fr\/clg-elie-wiesel\/wp-json\/wp\/v2\/pages\/4551\/revisions\/4552"}],"wp:attachment":[{"href":"https:\/\/etab.ac-reunion.fr\/clg-elie-wiesel\/wp-json\/wp\/v2\/media?parent=4551"}],"curies":[{"name":"wp","href":"https:\/\/api.w.org\/{rel}","templated":true}]}}