{"id":4554,"date":"2020-10-01T12:47:24","date_gmt":"2020-10-01T08:47:24","guid":{"rendered":"http:\/\/college-lechaudron.ac-reunion.fr\/?page_id=4554"},"modified":"2020-10-01T12:48:50","modified_gmt":"2020-10-01T08:48:50","slug":"qui-donc-attribuera-le-nombre-dheures","status":"publish","type":"page","link":"https:\/\/etab.ac-reunion.fr\/clg-elie-wiesel\/qui-donc-attribuera-le-nombre-dheures\/","title":{"rendered":"Qui donc attribuera le nombre d\u2019heures ?"},"content":{"rendered":"<p>Dans chaque PIAL, il y aura un coordonnateur. Pour les \u00e9coles ce sera le directeur de l\u2019\u00e9cole, pour les \u00e9tablissements du second degr\u00e9, soit un membre de la direction, soit un professeur responsable de cette mission sp\u00e9cifique.<\/p>\n<p>Le coordonnateur \u00e9tablira le nombre d\u2019heures par \u00e9l\u00e8ve, mais ce nombre d\u2019heures peut varier en fonction des besoins de l\u2019enfant, il n\u2019est pas fixe pour l\u2019ann\u00e9e scolaire.<\/p>\n<p>Exemple\u00a0:<\/p>\n<p>Une aide humaine peut rester 1heure dans la classe puis partir pour un autre \u00e9l\u00e8ve et revenir.<\/p>\n<p>Il peut y avoir dans la m\u00eame classe plusieurs enfants ayant une notification et l\u2019aide humaine aide les enfants en fonction de leur besoin, dans ce cas-l\u00e0, le temps est moins quantifiable.<\/p>\n<p>L\u2019id\u00e9e de ce dispositif est d\u2019\u00e9tablir une souplesse dans la prise en charge des enfants, l\u2019aide humaine est pr\u00e9sente quand il en a besoin uniquement, ainsi il se retrouve plus souvent en situation d\u2019autonomie, cela peut lui permettre de prendre confiance en lui.<\/p>\n<p>Les notifications MDPH avec un temps sp\u00e9cifi\u00e9 resteront pour les enfants qui n\u2019ont pas d\u2019autonomie notamment au niveau moteur (fauteuil roulant), l\u00e0 il est indispensable qu\u2019une personne soit pr\u00e9sente en permanence.<\/p>\n","protected":false},"excerpt":{"rendered":"<p>Dans chaque PIAL, il y aura un coordonnateur. Pour les \u00e9coles ce sera le directeur de l\u2019\u00e9cole, pour les \u00e9tablissements du second degr\u00e9, soit un membre de la direction, soit un professeur responsable de cette mission sp\u00e9cifique. Le coordonnateur \u00e9tablira le nombre d\u2019heures par \u00e9l\u00e8ve, mais ce nombre d\u2019heures peut varier en fonction des besoins [&hellip;]<\/p>\n","protected":false},"author":19455,"featured_media":0,"parent":0,"menu_order":0,"comment_status":"closed","ping_status":"closed","template":"","meta":{"footnotes":"","_links_to":"","_links_to_target":""},"class_list":["post-4554","page","type-page","status-publish","hentry"],"_links":{"self":[{"href":"https:\/\/etab.ac-reunion.fr\/clg-elie-wiesel\/wp-json\/wp\/v2\/pages\/4554","targetHints":{"allow":["GET"]}}],"collection":[{"href":"https:\/\/etab.ac-reunion.fr\/clg-elie-wiesel\/wp-json\/wp\/v2\/pages"}],"about":[{"href":"https:\/\/etab.ac-reunion.fr\/clg-elie-wiesel\/wp-json\/wp\/v2\/types\/page"}],"author":[{"embeddable":true,"href":"https:\/\/etab.ac-reunion.fr\/clg-elie-wiesel\/wp-json\/wp\/v2\/users\/19455"}],"replies":[{"embeddable":true,"href":"https:\/\/etab.ac-reunion.fr\/clg-elie-wiesel\/wp-json\/wp\/v2\/comments?post=4554"}],"version-history":[{"count":1,"href":"https:\/\/etab.ac-reunion.fr\/clg-elie-wiesel\/wp-json\/wp\/v2\/pages\/4554\/revisions"}],"predecessor-version":[{"id":4555,"href":"https:\/\/etab.ac-reunion.fr\/clg-elie-wiesel\/wp-json\/wp\/v2\/pages\/4554\/revisions\/4555"}],"wp:attachment":[{"href":"https:\/\/etab.ac-reunion.fr\/clg-elie-wiesel\/wp-json\/wp\/v2\/media?parent=4554"}],"curies":[{"name":"wp","href":"https:\/\/api.w.org\/{rel}","templated":true}]}}