{"id":4562,"date":"2020-10-01T14:46:52","date_gmt":"2020-10-01T10:46:52","guid":{"rendered":"http:\/\/college-lechaudron.ac-reunion.fr\/?page_id=4562"},"modified":"2022-09-25T13:54:33","modified_gmt":"2022-09-25T09:54:33","slug":"organigramme-du-pial","status":"publish","type":"page","link":"https:\/\/etab.ac-reunion.fr\/clg-elie-wiesel\/organigramme-du-pial\/","title":{"rendered":"Organigramme du Pial Nord 04"},"content":{"rendered":"<p>&nbsp;<\/p>\n<table>\n<tbody>\n<tr>\n<td width=\"205\"><\/td>\n<td width=\"205\"><div class=\"su-button-center\"><a href=\"https:\/\/etab.ac-reunion.fr\/clg-elie-wiesel\/organigramme-du-pial\/\" class=\"su-button su-button-style-3d\" style=\"color:#100401;background-color:#0ab1c8;border-color:#088ea0;border-radius:14px\" target=\"_blank\" rel=\"noopener noreferrer\"><span style=\"color:#100401;padding:0px 34px;font-size:25px;line-height:50px;border-color:#54c9d9;border-radius:14px;text-shadow:none\"> PILOTE<\/span><\/a><\/div><\/td>\n<td width=\"205\"><\/td>\n<\/tr>\n<tr>\n<td width=\"205\"><\/td>\n<td width=\"205\">\n<p style=\"text-align: center\"><strong>Mme Nathalie AH-SOON<\/strong><\/p>\n<p style=\"text-align: center\">Principale du coll\u00e8ge \u00c9lie Wiesel du Chaudron<\/p>\n<\/td>\n<td width=\"205\"><\/td>\n<\/tr>\n<tr>\n<td colspan=\"3\" width=\"614\">\n<p style=\"text-align: center\"><div class=\"su-button-center\"><a href=\"https:\/\/etab.ac-reunion.fr\/clg-elie-wiesel\/organigramme-du-pial\/\" class=\"su-button su-button-style-3d\" style=\"color:#100401;background-color:#f0f33b;border-color:#c0c330;border-radius:14px\" target=\"_blank\" rel=\"noopener noreferrer\"><span style=\"color:#100401;padding:0px 34px;font-size:25px;line-height:50px;border-color:#f5f776;border-radius:14px;text-shadow:none\"> EQUIPE<\/span><\/a><\/div>\n<p>&nbsp;<\/td>\n<\/tr>\n<tr>\n<td width=\"205\">\n<p style=\"text-align: center\"><strong>Lorenzo AMEMOUTOU<\/strong><\/p>\n<p style=\"text-align: center\">Professeur de Technologie<\/p>\n<\/td>\n<td width=\"205\">\n<p style=\"text-align: center\"><strong>Mme Gaelle ESPEL<\/strong><\/p>\n<p style=\"text-align: center\">Secr\u00e9taire<\/p>\n<\/td>\n<td width=\"205\"><strong>David RAKOTONIZAO<\/strong><\/p>\n<p>Professeur de Technologie<\/td>\n<\/tr>\n<tr>\n<td colspan=\"3\" width=\"614\">&nbsp;<\/p>\n<p style=\"text-align: center\"><div class=\"su-button-center\"><a href=\"https:\/\/etab.ac-reunion.fr\/clg-elie-wiesel\/organigramme-du-pial\/\" class=\"su-button su-button-style-3d\" style=\"color:#100401;background-color:#43f33b;border-color:#36c330;border-radius:14px\" target=\"_blank\" rel=\"noopener noreferrer\"><span style=\"color:#100401;padding:0px 34px;font-size:25px;line-height:50px;border-color:#7cf776;border-radius:14px;text-shadow:none\"> ETABLISSEMENTS<\/span><\/a><\/div>\n<p>&nbsp;<\/td>\n<\/tr>\n<\/tbody>\n<\/table>\n<p style=\"text-align: center\"><div class=\"su-custom-gallery su-custom-gallery-align-left su-custom-gallery-title-hover\"><div class=\"su-custom-gallery-slide\" style=\"width:540px;height:540px\"><a href=\"https:\/\/etab.ac-reunion.fr\/clg-elie-wiesel\/wp-content\/uploads\/sites\/20\/2020\/11\/Composition-du-pial-nord04.jpg\" title=\"Composition du pial nord04\"><img loading=\"lazy\" decoding=\"async\" src=\"https:\/\/etab.ac-reunion.fr\/clg-elie-wiesel\/wp-content\/uploads\/sites\/20\/2020\/11\/Composition-du-pial-nord04.jpg\" alt=\"Composition du pial nord04\" width=\"540\" height=\"540\" \/><span class=\"su-custom-gallery-title\">Composition du pial nord04<\/span><\/a><\/div><div class=\"su-clear\"><\/div><\/div>\n","protected":false},"excerpt":{"rendered":"<p>&nbsp; Mme Nathalie AH-SOON Principale du coll\u00e8ge \u00c9lie Wiesel du Chaudron &nbsp; Lorenzo AMEMOUTOU Professeur de Technologie Mme Gaelle ESPEL Secr\u00e9taire David RAKOTONIZAO Professeur de Technologie &nbsp; &nbsp;<\/p>\n","protected":false},"author":19455,"featured_media":0,"parent":0,"menu_order":0,"comment_status":"closed","ping_status":"closed","template":"","meta":{"footnotes":"","_links_to":"","_links_to_target":""},"class_list":["post-4562","page","type-page","status-publish","hentry"],"_links":{"self":[{"href":"https:\/\/etab.ac-reunion.fr\/clg-elie-wiesel\/wp-json\/wp\/v2\/pages\/4562","targetHints":{"allow":["GET"]}}],"collection":[{"href":"https:\/\/etab.ac-reunion.fr\/clg-elie-wiesel\/wp-json\/wp\/v2\/pages"}],"about":[{"href":"https:\/\/etab.ac-reunion.fr\/clg-elie-wiesel\/wp-json\/wp\/v2\/types\/page"}],"author":[{"embeddable":true,"href":"https:\/\/etab.ac-reunion.fr\/clg-elie-wiesel\/wp-json\/wp\/v2\/users\/19455"}],"replies":[{"embeddable":true,"href":"https:\/\/etab.ac-reunion.fr\/clg-elie-wiesel\/wp-json\/wp\/v2\/comments?post=4562"}],"version-history":[{"count":12,"href":"https:\/\/etab.ac-reunion.fr\/clg-elie-wiesel\/wp-json\/wp\/v2\/pages\/4562\/revisions"}],"predecessor-version":[{"id":4698,"href":"https:\/\/etab.ac-reunion.fr\/clg-elie-wiesel\/wp-json\/wp\/v2\/pages\/4562\/revisions\/4698"}],"wp:attachment":[{"href":"https:\/\/etab.ac-reunion.fr\/clg-elie-wiesel\/wp-json\/wp\/v2\/media?parent=4562"}],"curies":[{"name":"wp","href":"https:\/\/api.w.org\/{rel}","templated":true}]}}