{"id":4570,"date":"2020-10-01T17:08:25","date_gmt":"2020-10-01T13:08:25","guid":{"rendered":"http:\/\/college-lechaudron.ac-reunion.fr\/?page_id=4570"},"modified":"2020-10-01T17:08:25","modified_gmt":"2020-10-01T13:08:25","slug":"je-transmets-les-informations-de-ma-mission-aux-coordonnateurs","status":"publish","type":"page","link":"https:\/\/etab.ac-reunion.fr\/clg-elie-wiesel\/je-transmets-les-informations-de-ma-mission-aux-coordonnateurs\/","title":{"rendered":"Je transmets les informations de ma mission aux coordonnateurs"},"content":{"rendered":"<p>Remplissez le formulaire suivant:<\/p>\n\n<div class=\"wpcf7 no-js\" id=\"wpcf7-f4569-o1\" lang=\"fr-FR\" dir=\"ltr\" data-wpcf7-id=\"4569\">\n<div class=\"screen-reader-response\"><p role=\"status\" aria-live=\"polite\" aria-atomic=\"true\"><\/p> <ul><\/ul><\/div>\n<form action=\"\/clg-elie-wiesel\/wp-json\/wp\/v2\/pages\/4570#wpcf7-f4569-o1\" method=\"post\" class=\"wpcf7-form init\" aria-label=\"Formulaire de contact\" novalidate=\"novalidate\" data-status=\"init\">\n<fieldset class=\"hidden-fields-container\"><input type=\"hidden\" name=\"_wpcf7\" value=\"4569\" \/><input type=\"hidden\" name=\"_wpcf7_version\" value=\"6.1.5\" \/><input type=\"hidden\" name=\"_wpcf7_locale\" value=\"fr_FR\" \/><input type=\"hidden\" name=\"_wpcf7_unit_tag\" value=\"wpcf7-f4569-o1\" \/><input type=\"hidden\" name=\"_wpcf7_container_post\" value=\"0\" \/><input type=\"hidden\" name=\"_wpcf7_posted_data_hash\" value=\"\" \/>\n<\/fieldset>\n<p><label> Votre nom (obligatoire)<br \/>\n<span class=\"wpcf7-form-control-wrap\" data-name=\"your-name\"><input size=\"40\" maxlength=\"400\" class=\"wpcf7-form-control wpcf7-text wpcf7-validates-as-required\" aria-required=\"true\" aria-invalid=\"false\" value=\"\" type=\"text\" name=\"your-name\" \/><\/span> <\/label>\n<\/p>\n<p><label> Votre pr\u00e9nom (obligatoire)<br \/>\n<span class=\"wpcf7-form-control-wrap\" data-name=\"Votre-prenom\"><input size=\"40\" maxlength=\"400\" class=\"wpcf7-form-control wpcf7-text wpcf7-validates-as-required\" aria-required=\"true\" aria-invalid=\"false\" value=\"\" type=\"text\" name=\"Votre-prenom\" \/><\/span> <\/label>\n<\/p>\n<p><label> Votre adresse de messagerie professionnelle (obligatoire)<br \/>\n<span class=\"wpcf7-form-control-wrap\" data-name=\"your-email\"><input size=\"40\" maxlength=\"400\" class=\"wpcf7-form-control wpcf7-email wpcf7-validates-as-required wpcf7-text wpcf7-validates-as-email\" aria-required=\"true\" aria-invalid=\"false\" value=\"\" type=\"email\" name=\"your-email\" \/><\/span> <\/label>\n<\/p>\n<p><label> Vous \u00eates: <\/label><span class=\"wpcf7-form-control-wrap\" data-name=\"checkbox-568\"><span class=\"wpcf7-form-control wpcf7-checkbox wpcf7-validates-as-required\"><span class=\"wpcf7-list-item first\"><input type=\"checkbox\" name=\"checkbox-568[]\" value=\"AESH-I\" \/><span class=\"wpcf7-list-item-label\">AESH-I<\/span><\/span><span class=\"wpcf7-list-item last\"><input type=\"checkbox\" name=\"checkbox-568[]\" value=\"AESH-M\" \/><span class=\"wpcf7-list-item-label\">AESH-M<\/span><\/span><\/span><\/span>\n<\/p>\n<p><label> L'identit\u00e9 du premier \u00e9l\u00e8ve accompagn\u00e9 <\/label><br \/>\n<span class=\"wpcf7-form-control-wrap\" data-name=\"text-603\"><input size=\"40\" maxlength=\"400\" class=\"wpcf7-form-control wpcf7-text\" aria-invalid=\"false\" placeholder=\"Nom\" value=\"\" type=\"text\" name=\"text-603\" \/><\/span><br \/>\n<span class=\"wpcf7-form-control-wrap\" data-name=\"text-604\"><input size=\"40\" maxlength=\"400\" class=\"wpcf7-form-control wpcf7-text\" aria-invalid=\"false\" placeholder=\"Pr\u00e9nom\" value=\"\" type=\"text\" name=\"text-604\" \/><\/span><br \/>\n<span class=\"wpcf7-form-control-wrap\" data-name=\"text-605\"><input size=\"40\" maxlength=\"400\" class=\"wpcf7-form-control wpcf7-text\" aria-invalid=\"false\" placeholder=\"Classe\" value=\"\" type=\"text\" name=\"text-605\" \/><\/span><br \/>\n<span class=\"wpcf7-form-control-wrap\" data-name=\"text-606\"><input size=\"40\" maxlength=\"400\" class=\"wpcf7-form-control wpcf7-text\" aria-invalid=\"false\" placeholder=\"\u00c9tablissement\" value=\"\" type=\"text\" name=\"text-606\" \/><\/span><br \/>\n<span class=\"wpcf7-form-control-wrap\" data-name=\"text-607\"><input size=\"40\" maxlength=\"400\" class=\"wpcf7-form-control wpcf7-text\" aria-invalid=\"false\" placeholder=\"Nombre d&#039;heures\" value=\"\" type=\"text\" name=\"text-607\" \/><\/span>\n<\/p>\n<p><label> L'identit\u00e9 du deuxi\u00e8me \u00e9l\u00e8ve accompagn\u00e9 <\/label><br \/>\n<span class=\"wpcf7-form-control-wrap\" data-name=\"text-608\"><input size=\"40\" maxlength=\"400\" class=\"wpcf7-form-control wpcf7-text\" aria-invalid=\"false\" placeholder=\"Nom\" value=\"\" type=\"text\" name=\"text-608\" \/><\/span><br \/>\n<span class=\"wpcf7-form-control-wrap\" data-name=\"text-609\"><input size=\"40\" maxlength=\"400\" class=\"wpcf7-form-control wpcf7-text\" aria-invalid=\"false\" placeholder=\"Pr\u00e9nom\" value=\"\" type=\"text\" name=\"text-609\" \/><\/span><br \/>\n<span class=\"wpcf7-form-control-wrap\" data-name=\"text-610\"><input size=\"40\" maxlength=\"400\" class=\"wpcf7-form-control wpcf7-text\" aria-invalid=\"false\" placeholder=\"Classe\" value=\"\" type=\"text\" name=\"text-610\" \/><\/span><br \/>\n<span class=\"wpcf7-form-control-wrap\" data-name=\"text-611\"><input size=\"40\" maxlength=\"400\" class=\"wpcf7-form-control wpcf7-text\" aria-invalid=\"false\" placeholder=\"\u00c9tablissement\" value=\"\" type=\"text\" name=\"text-611\" \/><\/span><br \/>\n<span class=\"wpcf7-form-control-wrap\" data-name=\"text-612\"><input size=\"40\" maxlength=\"400\" class=\"wpcf7-form-control wpcf7-text\" aria-invalid=\"false\" placeholder=\"Nombre d&#039;heures\" value=\"\" type=\"text\" name=\"text-612\" \/><\/span>\n<\/p>\n<p><label> Rencontrez-vous des difficult\u00e9s \u00e0 assurer votre mission? Si oui, lesquelles.<br \/>\n<span class=\"wpcf7-form-control-wrap\" data-name=\"your-message1\"><textarea cols=\"40\" rows=\"10\" maxlength=\"2000\" class=\"wpcf7-form-control wpcf7-textarea\" aria-invalid=\"false\" name=\"your-message1\"><\/textarea><\/span> <\/label>\n<\/p>\n<p><input class=\"wpcf7-form-control wpcf7-submit has-spinner\" type=\"submit\" value=\"Envoyer\" \/>\n<\/p><div class=\"wpcf7-response-output\" aria-hidden=\"true\"><\/div>\n<\/form>\n<\/div>\n\n","protected":false},"excerpt":{"rendered":"<p>Remplissez le formulaire suivant:<\/p>\n","protected":false},"author":19455,"featured_media":0,"parent":0,"menu_order":0,"comment_status":"closed","ping_status":"closed","template":"","meta":{"footnotes":"","_links_to":"","_links_to_target":""},"class_list":["post-4570","page","type-page","status-publish","hentry"],"_links":{"self":[{"href":"https:\/\/etab.ac-reunion.fr\/clg-elie-wiesel\/wp-json\/wp\/v2\/pages\/4570","targetHints":{"allow":["GET"]}}],"collection":[{"href":"https:\/\/etab.ac-reunion.fr\/clg-elie-wiesel\/wp-json\/wp\/v2\/pages"}],"about":[{"href":"https:\/\/etab.ac-reunion.fr\/clg-elie-wiesel\/wp-json\/wp\/v2\/types\/page"}],"author":[{"embeddable":true,"href":"https:\/\/etab.ac-reunion.fr\/clg-elie-wiesel\/wp-json\/wp\/v2\/users\/19455"}],"replies":[{"embeddable":true,"href":"https:\/\/etab.ac-reunion.fr\/clg-elie-wiesel\/wp-json\/wp\/v2\/comments?post=4570"}],"version-history":[{"count":2,"href":"https:\/\/etab.ac-reunion.fr\/clg-elie-wiesel\/wp-json\/wp\/v2\/pages\/4570\/revisions"}],"predecessor-version":[{"id":4572,"href":"https:\/\/etab.ac-reunion.fr\/clg-elie-wiesel\/wp-json\/wp\/v2\/pages\/4570\/revisions\/4572"}],"wp:attachment":[{"href":"https:\/\/etab.ac-reunion.fr\/clg-elie-wiesel\/wp-json\/wp\/v2\/media?parent=4570"}],"curies":[{"name":"wp","href":"https:\/\/api.w.org\/{rel}","templated":true}]}}