{"id":4590,"date":"2020-10-06T10:12:20","date_gmt":"2020-10-06T06:12:20","guid":{"rendered":"http:\/\/college-lechaudron.ac-reunion.fr\/?page_id=4590"},"modified":"2022-11-25T00:08:34","modified_gmt":"2022-11-24T20:08:34","slug":"pial-nord-04","status":"publish","type":"page","link":"https:\/\/etab.ac-reunion.fr\/clg-elie-wiesel\/pial-nord-04\/","title":{"rendered":"Le PialNord04"},"content":{"rendered":"<h3 style=\"text-align: center\">PR\u00c9SENTATION DU M\u00c9TIER D&rsquo;AESH<\/h3>\n<p style=\"text-align: center\"><div class=\"su-youtube su-u-responsive-media-yes\"><iframe loading=\"lazy\" width=\"600\" height=\"400\" src=\"https:\/\/www.youtube.com\/embed\/VkmiQJD3EZY?autohide=2&amp;autoplay=1&amp;mute=0&amp;controls=1&amp;fs=1&amp;loop=1&amp;modestbranding=0&amp;playlist=VkmiQJD3EZY&amp;rel=0&amp;showinfo=1&amp;theme=dark&amp;wmode=&amp;playsinline=0\" frameborder=\"0\" allowfullscreen allow=\"autoplay; encrypted-media; picture-in-picture\" title=\"Pr\u00e9sentation du m\u00e9tier\"><\/iframe><\/div>\n<p>&nbsp;<\/p>\n<h3 style=\"text-align: center\">CANDIDATER AU POSTE D&rsquo;AESH<\/h3>\n<p style=\"text-align: center\">Pour candidater au poste d&rsquo;AESH au sein de notre PIAL, il faudra d&rsquo;abord compl\u00e9ter le formulaire de recrutement en ligne du rectorat en cliquant sur le bouton ci-dessous puis d\u00e9poser votre CV et votre lettre de motivation \u00e0 l&rsquo;accueil du coll\u00e8ge Elie Wiesel du Chaudron.<\/p>\n<p style=\"text-align: center\"><div class=\"su-button-center\"><a href=\"https:\/\/www.imazinworld.net\/tools\/SVEFormMaker\/index.php?slug=CAND_AESH\" class=\"su-button su-button-style-3d\" style=\"color:#100401;background-color:#f35e3b;border-color:#c34c30;border-radius:8px\" target=\"_blank\" rel=\"noopener noreferrer\"><span style=\"color:#100401;padding:0px 22px;font-size:17px;line-height:34px;border-color:#f78f76;border-radius:8px;text-shadow:none\"> Formulaire de recrutement AESH \u00e0 compl\u00e9ter<\/span><\/a><\/div>\n<h2><\/h2>\n<p>&nbsp;<\/p>\n<h2 style=\"text-align: center\">Pr\u00e9sentation du PIAL<\/h2>\n<p style=\"text-align: center\"><div class=\"su-button-center\"><a href=\"https:\/\/youtu.be\/CjCQWnOTOvQ\" class=\"su-button su-button-style-3d\" style=\"color:#100401;background-color:#f35e3b;border-color:#c34c30;border-radius:10px\" target=\"_blank\" rel=\"noopener noreferrer\"><span style=\"color:#100401;padding:0px 26px;font-size:20px;line-height:40px;border-color:#f78f76;border-radius:10px;text-shadow:none\"> Une nouvelle organisation, qu&rsquo;est-ce que le Pial?<\/span><\/a><\/div>\n<p style=\"text-align: center\"><div class=\"su-button-center\"><a href=\"https:\/\/etab.ac-reunion.fr\/clg-elie-wiesel\/organigramme-du-pial\/\" class=\"su-button su-button-style-3d\" style=\"color:#100401;background-color:#f35e3b;border-color:#c34c30;border-radius:8px\" target=\"_blank\" rel=\"noopener noreferrer\"><span style=\"color:#100401;padding:0px 22px;font-size:17px;line-height:34px;border-color:#f78f76;border-radius:8px;text-shadow:none\"> Organigramme du Pial Nord 04<\/span><\/a><\/div>\n<p>&nbsp;<\/p>\n<p>&nbsp;<\/p>\n<h2 style=\"text-align: center\"><span id=\"page1R_mcid106\" class=\"markedContent\"><span dir=\"ltr\" role=\"presentation\">\u00c9clairer les r\u00e8gles <\/span><\/span><span id=\"page1R_mcid107\" class=\"markedContent\"><span dir=\"ltr\" role=\"presentation\">relatives \u00e0 vos conditions d\u2019emploi<\/span><\/span><\/h2>\n<p style=\"text-align: center\"><div class=\"su-button-center\"><a href=\"https:\/\/etab.ac-reunion.fr\/clg-elie-wiesel\/vademecum-aesh\/\" class=\"su-button su-button-style-3d\" style=\"color:#100401;background-color:#f35e3b;border-color:#c34c30;border-radius:8px\" target=\"_blank\" rel=\"noopener noreferrer\"><span style=\"color:#100401;padding:0px 22px;font-size:17px;line-height:34px;border-color:#f78f76;border-radius:8px;text-shadow:none\"> GUIDE NATIONAL DES ACCOMPAGNANTS DES \u00c9LEVES EN SITUATION DE HANDICAP<\/span><\/a><\/div>\n<p>&nbsp;<\/p>\n<p>&nbsp;<\/p>\n<h3 class=\"style_h1\" style=\"text-align: center\">DES OUTILS POUR ACCOMPAGNER TOUS LES \u00c9L\u00c8VES<\/h3>\n<p style=\"text-align: center\">Vous accueillez dans votre classe des \u00e9l\u00e8ves \u00e0 besoins \u00e9ducatifs particuliers ou en situation de handicap ? Le site CAP \u00c9COLE INCLUSIVE, con\u00e7u par des enseignants et des experts scientifiques, a pour but d\u2019accompagner la communaut\u00e9 \u00e9ducative dans la scolarisation de tous les \u00e9l\u00e8ves. Vous y trouverez des outils d\u2019observation pour cerner les difficult\u00e9s des \u00e9l\u00e8ves, ainsi que des propositions et des ressources pour adapter votre enseignement \u00e0 tous. Cliquer sur le bouton ci-dessous pour y acc\u00e9der:<\/p>\n<p style=\"text-align: center\"><div class=\"su-button-center\"><a href=\"https:\/\/www.reseau-canope.fr\/cap-ecole-inclusive\" class=\"su-button su-button-style-3d\" style=\"color:#100401;background-color:#f35e3b;border-color:#c34c30;border-radius:8px\" target=\"_blank\" rel=\"noopener noreferrer\"><span style=\"color:#100401;padding:0px 22px;font-size:17px;line-height:34px;border-color:#f78f76;border-radius:8px;text-shadow:none\"> Cap \u00e9cole inclusive<\/span><\/a><\/div>\n<p>&nbsp;<\/p>\n<p>&nbsp;<\/p>\n<h2 style=\"text-align: center\">PROC\u00c9DURE<\/h2>\n<p style=\"text-align: center\"><div class=\"su-button-center\"><a href=\"https:\/\/etab.ac-reunion.fr\/clg-elie-wiesel\/?page_id=4730&#038;preview=true\" class=\"su-button su-button-style-3d\" style=\"color:#100401;background-color:#f35e3b;border-color:#c34c30;border-radius:8px\" target=\"_blank\" rel=\"noopener noreferrer\"><span style=\"color:#100401;padding:0px 22px;font-size:17px;line-height:34px;border-color:#f78f76;border-radius:8px;text-shadow:none\"> Qui pr\u00e9venir en cas d&rsquo;absence?<\/span><\/a><\/div>\n<p>&nbsp;<\/p>\n<p>&nbsp;<\/p>\n<h2 style=\"text-align: center\">PARAM\u00c9TRAGE<\/h2>\n<p style=\"text-align: center\"><div class=\"su-button-center\"><a href=\"https:\/\/etab.ac-reunion.fr\/clg-elie-wiesel\/?page_id=4667&#038;preview=true\" class=\"su-button su-button-style-3d\" style=\"color:#100401;background-color:#f35e3b;border-color:#c34c30;border-radius:8px\" target=\"_blank\" rel=\"noopener noreferrer\"><span style=\"color:#100401;padding:0px 22px;font-size:17px;line-height:34px;border-color:#f78f76;border-radius:8px;text-shadow:none\"> Messagerie professionnelle<\/span><\/a><\/div>\n","protected":false},"excerpt":{"rendered":"<p>PR\u00c9SENTATION DU M\u00c9TIER D&rsquo;AESH &nbsp; CANDIDATER AU POSTE D&rsquo;AESH Pour candidater au poste d&rsquo;AESH au sein de notre PIAL, il faudra d&rsquo;abord compl\u00e9ter le formulaire de recrutement en ligne du rectorat en cliquant sur le bouton ci-dessous puis d\u00e9poser votre CV et votre lettre de motivation \u00e0 l&rsquo;accueil du coll\u00e8ge Elie Wiesel du Chaudron. &nbsp; [&hellip;]<\/p>\n","protected":false},"author":19455,"featured_media":0,"parent":0,"menu_order":0,"comment_status":"closed","ping_status":"closed","template":"","meta":{"footnotes":"","_links_to":"","_links_to_target":""},"class_list":["post-4590","page","type-page","status-publish","hentry"],"_links":{"self":[{"href":"https:\/\/etab.ac-reunion.fr\/clg-elie-wiesel\/wp-json\/wp\/v2\/pages\/4590","targetHints":{"allow":["GET"]}}],"collection":[{"href":"https:\/\/etab.ac-reunion.fr\/clg-elie-wiesel\/wp-json\/wp\/v2\/pages"}],"about":[{"href":"https:\/\/etab.ac-reunion.fr\/clg-elie-wiesel\/wp-json\/wp\/v2\/types\/page"}],"author":[{"embeddable":true,"href":"https:\/\/etab.ac-reunion.fr\/clg-elie-wiesel\/wp-json\/wp\/v2\/users\/19455"}],"replies":[{"embeddable":true,"href":"https:\/\/etab.ac-reunion.fr\/clg-elie-wiesel\/wp-json\/wp\/v2\/comments?post=4590"}],"version-history":[{"count":36,"href":"https:\/\/etab.ac-reunion.fr\/clg-elie-wiesel\/wp-json\/wp\/v2\/pages\/4590\/revisions"}],"predecessor-version":[{"id":5647,"href":"https:\/\/etab.ac-reunion.fr\/clg-elie-wiesel\/wp-json\/wp\/v2\/pages\/4590\/revisions\/5647"}],"wp:attachment":[{"href":"https:\/\/etab.ac-reunion.fr\/clg-elie-wiesel\/wp-json\/wp\/v2\/media?parent=4590"}],"curies":[{"name":"wp","href":"https:\/\/api.w.org\/{rel}","templated":true}]}}